{"id":2403,"date":"2020-02-07T12:16:16","date_gmt":"2020-02-07T11:16:16","guid":{"rendered":"https:\/\/userblogs.fu-berlin.de\/pharmako-rausch\/?page_id=2403"},"modified":"2020-03-19T19:10:41","modified_gmt":"2020-03-19T18:10:41","slug":"erkaeltung-in-der-ss","status":"publish","type":"page","link":"https:\/\/userblogs.fu-berlin.de\/pharmako-rausch\/start\/uebersicht\/arzneimittelgruppen\/arzneimittel-in-der-schwangerschaft\/erkaeltung-in-der-ss\/","title":{"rendered":"Erk\u00e4ltung in der SS"},"content":{"rendered":"<ul>\n<li>Paracetamol bei Fieber und Schmerzen<\/li>\n<li>Kochsalzl\u00f6sung bei Schnupfen<\/li>\n<li>kurzfristige Anwendung von Oxymetazolin (Nasentropfen), nicht l\u00e4nger als eine Woche, da Gefahr der Gew\u00f6hnung<\/li>\n<li>Acetylcystein (ACC) bei Husten<\/li>\n<li>Ambroxol bei Husten, allerdings geringer Erfahrungsumfang<\/li>\n<\/ul>\n<p><a href=\"https:\/\/userblogs.fu-berlin.de\/pharmako-rausch\/start\/uebersicht\/arzneimittelgruppen\/arzneimittel-in-der-schwangerschaft\/\">zur\u00fcck<\/a><\/p>\n","protected":false},"excerpt":{"rendered":"<p>Paracetamol bei Fieber und Schmerzen Kochsalzl\u00f6sung bei Schnupfen kurzfristige Anwendung von Oxymetazolin (Nasentropfen), nicht l\u00e4nger als eine Woche, da Gefahr der Gew\u00f6hnung Acetylcystein (ACC) bei Husten Ambroxol bei Husten, allerdings geringer Erfahrungsumfang zur\u00fcck<\/p>\n","protected":false},"author":4472,"featured_media":0,"parent":2244,"menu_order":0,"comment_status":"closed","ping_status":"closed","template":"","meta":{"footnotes":""},"class_list":["post-2403","page","type-page","status-publish","hentry"],"_links":{"self":[{"href":"https:\/\/userblogs.fu-berlin.de\/pharmako-rausch\/wp-json\/wp\/v2\/pages\/2403","targetHints":{"allow":["GET"]}}],"collection":[{"href":"https:\/\/userblogs.fu-berlin.de\/pharmako-rausch\/wp-json\/wp\/v2\/pages"}],"about":[{"href":"https:\/\/userblogs.fu-berlin.de\/pharmako-rausch\/wp-json\/wp\/v2\/types\/page"}],"author":[{"embeddable":true,"href":"https:\/\/userblogs.fu-berlin.de\/pharmako-rausch\/wp-json\/wp\/v2\/users\/4472"}],"replies":[{"embeddable":true,"href":"https:\/\/userblogs.fu-berlin.de\/pharmako-rausch\/wp-json\/wp\/v2\/comments?post=2403"}],"version-history":[{"count":3,"href":"https:\/\/userblogs.fu-berlin.de\/pharmako-rausch\/wp-json\/wp\/v2\/pages\/2403\/revisions"}],"predecessor-version":[{"id":2667,"href":"https:\/\/userblogs.fu-berlin.de\/pharmako-rausch\/wp-json\/wp\/v2\/pages\/2403\/revisions\/2667"}],"up":[{"embeddable":true,"href":"https:\/\/userblogs.fu-berlin.de\/pharmako-rausch\/wp-json\/wp\/v2\/pages\/2244"}],"wp:attachment":[{"href":"https:\/\/userblogs.fu-berlin.de\/pharmako-rausch\/wp-json\/wp\/v2\/media?parent=2403"}],"curies":[{"name":"wp","href":"https:\/\/api.w.org\/{rel}","templated":true}]}}