{"id":2487,"date":"2020-03-11T12:52:40","date_gmt":"2020-03-11T11:52:40","guid":{"rendered":"https:\/\/userblogs.fu-berlin.de\/pharmako-rausch\/?page_id=2487"},"modified":"2020-03-20T16:58:50","modified_gmt":"2020-03-20T15:58:50","slug":"antikonvulsiva","status":"publish","type":"page","link":"https:\/\/userblogs.fu-berlin.de\/pharmako-rausch\/start\/uebersicht\/arzneimittelgruppen\/antikonvulsiva\/","title":{"rendered":"Antikonvulsiva"},"content":{"rendered":"<p>Allgemeines<br \/>\nAntiepileptika haben verschiedene Angriffspunkte, an denen sie wirken. Zum einen k\u00f6nnen sie an Ionenkan\u00e4len oder Rezeptoren bestimmter Neurotransmitter binden um die Ausbreitung des Membranpotentials zu d\u00e4mpfen. Zum anderen gibt es Substanzen, die einen Einfluss auf die Konzentration der entsprechenden Neurotransmitter haben, z.B. indem sie deren Wiederaufnahme st\u00f6ren.<\/p>\n<p><span style=\"color: grey\">Wirkungsmechanismus:<\/span><\/p>\n<ul>\n<li><a href=\"https:\/\/userblogs.fu-berlin.de\/pharmako-rausch\/start\/uebersicht\/arzneimittelgruppen\/antikonvulsiva\/blockierung-der-spannungsabhaengigen-na-kanaele\/\">Blockierung der spannungsabh\u00e4ngigen Na<sup>+<\/sup>-Kan\u00e4le<\/a><\/li>\n<li><a href=\"https:\/\/userblogs.fu-berlin.de\/pharmako-rausch\/start\/uebersicht\/arzneimittelgruppen\/antikonvulsiva\/blockierung-der-spannungsabhaengigen-ca2-kanaele\/\">Blockierung der spannungsabh\u00e4ngigen Ca<sup>2+<\/sup>-Kan\u00e4le<\/a><\/li>\n<li><a href=\"https:\/\/userblogs.fu-berlin.de\/pharmako-rausch\/start\/uebersicht\/arzneimittelgruppen\/antikonvulsiva\/wirkung-auf-das-system-von-gaba\/\">Wirkung auf das System von GABA<\/a><\/li>\n<li><a href=\"https:\/\/userblogs.fu-berlin.de\/pharmako-rausch\/?page_id=2637&amp;preview=true\">Wirkung auf das System von Glutamat<\/a><\/li>\n<\/ul>\n<hr \/>\n<h4><a href=\"https:\/\/userblogs.fu-berlin.de\/pharmako-rausch\/start\/uebersicht\/arzneimittelgruppen\/antikonvulsiva\/antikonvulsiva-mc-quiz\/\">MC-Quiz<\/a><\/h4>\n<h4><a href=\"https:\/\/userblogs.fu-berlin.de\/pharmako-rausch\/start\/uebersicht\/arzneimittelgruppen\/antikonvulsiva\/antikonvulsiva-karteikartenquiz\/\">Karteikarten-Quiz<\/a><\/h4>\n<hr \/>\n<p><a href=\"https:\/\/userblogs.fu-berlin.de\/pharmako-rausch\/start\/uebersicht\/arzneimittelgruppen\/\">zur\u00fcck<\/a><\/p>\n","protected":false},"excerpt":{"rendered":"<p>Allgemeines Antiepileptika haben verschiedene Angriffspunkte, an denen sie wirken. Zum einen k\u00f6nnen sie an Ionenkan\u00e4len oder Rezeptoren bestimmter Neurotransmitter binden um die Ausbreitung des Membranpotentials zu d\u00e4mpfen. Zum anderen gibt es Substanzen, die einen Einfluss auf die Konzentration der entsprechenden Neurotransmitter haben, z.B. indem sie deren Wiederaufnahme st\u00f6ren. Wirkungsmechanismus: Blockierung der spannungsabh\u00e4ngigen Na+-Kan\u00e4le Blockierung der &hellip; <a href=\"https:\/\/userblogs.fu-berlin.de\/pharmako-rausch\/start\/uebersicht\/arzneimittelgruppen\/antikonvulsiva\/\" class=\"more-link\"><span class=\"screen-reader-text\">\u201eAntikonvulsiva\u201c<\/span> weiterlesen<\/a><\/p>\n","protected":false},"author":4472,"featured_media":0,"parent":12,"menu_order":0,"comment_status":"closed","ping_status":"closed","template":"","meta":{"footnotes":""},"class_list":["post-2487","page","type-page","status-publish","hentry"],"_links":{"self":[{"href":"https:\/\/userblogs.fu-berlin.de\/pharmako-rausch\/wp-json\/wp\/v2\/pages\/2487","targetHints":{"allow":["GET"]}}],"collection":[{"href":"https:\/\/userblogs.fu-berlin.de\/pharmako-rausch\/wp-json\/wp\/v2\/pages"}],"about":[{"href":"https:\/\/userblogs.fu-berlin.de\/pharmako-rausch\/wp-json\/wp\/v2\/types\/page"}],"author":[{"embeddable":true,"href":"https:\/\/userblogs.fu-berlin.de\/pharmako-rausch\/wp-json\/wp\/v2\/users\/4472"}],"replies":[{"embeddable":true,"href":"https:\/\/userblogs.fu-berlin.de\/pharmako-rausch\/wp-json\/wp\/v2\/comments?post=2487"}],"version-history":[{"count":16,"href":"https:\/\/userblogs.fu-berlin.de\/pharmako-rausch\/wp-json\/wp\/v2\/pages\/2487\/revisions"}],"predecessor-version":[{"id":2680,"href":"https:\/\/userblogs.fu-berlin.de\/pharmako-rausch\/wp-json\/wp\/v2\/pages\/2487\/revisions\/2680"}],"up":[{"embeddable":true,"href":"https:\/\/userblogs.fu-berlin.de\/pharmako-rausch\/wp-json\/wp\/v2\/pages\/12"}],"wp:attachment":[{"href":"https:\/\/userblogs.fu-berlin.de\/pharmako-rausch\/wp-json\/wp\/v2\/media?parent=2487"}],"curies":[{"name":"wp","href":"https:\/\/api.w.org\/{rel}","templated":true}]}}