{"id":2519,"date":"2020-03-04T12:07:33","date_gmt":"2020-03-04T11:07:33","guid":{"rendered":"https:\/\/userblogs.fu-berlin.de\/pharmako-rausch\/?page_id=2519"},"modified":"2020-03-05T12:45:43","modified_gmt":"2020-03-05T11:45:43","slug":"dantrolen","status":"publish","type":"page","link":"https:\/\/userblogs.fu-berlin.de\/pharmako-rausch\/start\/uebersicht\/arzneimittelgruppen\/muskelrelaxantien\/dantrolen\/","title":{"rendered":"Dantrolen"},"content":{"rendered":"<details>\n<summary>Allgemeines<\/summary>\n<p>Dantrolen wird vor allem bei Spastiken, verursacht durch Hirn- bzw. R\u00fcckenmarkssch\u00e4digungen (z.B. bei Querschnittsl\u00e4hmung) angewendet. Die Dosierung sollte eingeschlichen werden. Der Wirkungseintritt erfolgt nach etwa ein bis zwei Wochen.<\/p>\n<\/details>\n<details>\n<summary>Pr\u00e4paratbeispiele<br \/>\n<\/summary>\n<ul>\n<li>Dantamacrin\u00ae<\/li>\n<\/ul>\n<\/details>\n<details>\n<summary>Wirkstoffe<br \/>\n<\/summary>\n<ul>\n<li>Dantrolen<\/li>\n<\/ul>\n<\/details>\n<details>\n<summary>Wirkort\/Zielstruktur<\/summary>\n<p>Ryanodinrezeptoren im L-System der Muskelfaser<\/p>\n<\/details>\n<details>\n<summary>Wirkmechanismus<\/summary>\n<p>Das Aktionspotential, das auf die Muskelfaser \u00fcbertragen wurde, breitet sich weiter aus (\u00fcber Sarkolemm, T-System, Dihydropyridinrezeptoren. Durch Konformations\u00e4nderung der Dihydropyridinrezeptoren w\u00fcrden sich die Ryanidinrezeptoren \u00f6ffnen. Dantrolen blockiert den Ryanidinrezeptor im L-System.<br \/>\n\u2192 Ca<sup>2+<\/sup>-Kanal wird nicht ge\u00f6ffnet<br \/>\n\u2192 keine Freisetzung von Calcium-Ionen aus dem SR<br \/>\n\u2192 keine Bindung der Calcium-Ionen an den Regulatorproteinen<br \/>\n\u2192 keine Muskelkontraktion<\/p>\n<\/details>\n<details>\n<summary>Indikation<\/summary>\n<ul>\n<li>Spastiken<\/li>\n<li>maligne Hyperthermie<\/li>\n<\/ul>\n<\/details>\n<details>\n<summary>Unerw\u00fcnschte Arzneimittelwirkungen<\/summary>\n<ul>\n<li>M\u00fcdigkeit<\/li>\n<li>Schwindel<\/li>\n<li>Photosensibilisierung<\/li>\n<li>Hepatitis<\/li>\n<\/ul>\n<\/details>\n<details>\n<summary>Kontraindikationen<\/summary>\n<ul>\n<li>Lebersch\u00e4den<\/li>\n<li>eingeschr\u00e4nkte Lungenfunktion<\/li>\n<li>Herzmuskelsch\u00e4den<\/li>\n<\/ul>\n<\/details>\n<p><a href=\"https:\/\/userblogs.fu-berlin.de\/pharmako-rausch\/start\/uebersicht\/arzneimittelgruppen\/muskelrelaxantien\/\">zur\u00fcck<\/a><\/p>\n","protected":false},"excerpt":{"rendered":"<p>Allgemeines Dantrolen wird vor allem bei Spastiken, verursacht durch Hirn- bzw. R\u00fcckenmarkssch\u00e4digungen (z.B. bei Querschnittsl\u00e4hmung) angewendet. Die Dosierung sollte eingeschlichen werden. Der Wirkungseintritt erfolgt nach etwa ein bis zwei Wochen. Pr\u00e4paratbeispiele Dantamacrin\u00ae Wirkstoffe Dantrolen Wirkort\/Zielstruktur Ryanodinrezeptoren im L-System der Muskelfaser Wirkmechanismus Das Aktionspotential, das auf die Muskelfaser \u00fcbertragen wurde, breitet sich weiter aus (\u00fcber Sarkolemm, &hellip; <a href=\"https:\/\/userblogs.fu-berlin.de\/pharmako-rausch\/start\/uebersicht\/arzneimittelgruppen\/muskelrelaxantien\/dantrolen\/\" class=\"more-link\"><span class=\"screen-reader-text\">\u201eDantrolen\u201c<\/span> weiterlesen<\/a><\/p>\n","protected":false},"author":4472,"featured_media":0,"parent":2491,"menu_order":0,"comment_status":"closed","ping_status":"closed","template":"","meta":{"footnotes":""},"class_list":["post-2519","page","type-page","status-publish","hentry"],"_links":{"self":[{"href":"https:\/\/userblogs.fu-berlin.de\/pharmako-rausch\/wp-json\/wp\/v2\/pages\/2519","targetHints":{"allow":["GET"]}}],"collection":[{"href":"https:\/\/userblogs.fu-berlin.de\/pharmako-rausch\/wp-json\/wp\/v2\/pages"}],"about":[{"href":"https:\/\/userblogs.fu-berlin.de\/pharmako-rausch\/wp-json\/wp\/v2\/types\/page"}],"author":[{"embeddable":true,"href":"https:\/\/userblogs.fu-berlin.de\/pharmako-rausch\/wp-json\/wp\/v2\/users\/4472"}],"replies":[{"embeddable":true,"href":"https:\/\/userblogs.fu-berlin.de\/pharmako-rausch\/wp-json\/wp\/v2\/comments?post=2519"}],"version-history":[{"count":6,"href":"https:\/\/userblogs.fu-berlin.de\/pharmako-rausch\/wp-json\/wp\/v2\/pages\/2519\/revisions"}],"predecessor-version":[{"id":2562,"href":"https:\/\/userblogs.fu-berlin.de\/pharmako-rausch\/wp-json\/wp\/v2\/pages\/2519\/revisions\/2562"}],"up":[{"embeddable":true,"href":"https:\/\/userblogs.fu-berlin.de\/pharmako-rausch\/wp-json\/wp\/v2\/pages\/2491"}],"wp:attachment":[{"href":"https:\/\/userblogs.fu-berlin.de\/pharmako-rausch\/wp-json\/wp\/v2\/media?parent=2519"}],"curies":[{"name":"wp","href":"https:\/\/api.w.org\/{rel}","templated":true}]}}