{"id":2544,"date":"2020-03-05T12:10:36","date_gmt":"2020-03-05T11:10:36","guid":{"rendered":"https:\/\/userblogs.fu-berlin.de\/pharmako-rausch\/?page_id=2544"},"modified":"2020-03-06T12:17:03","modified_gmt":"2020-03-06T11:17:03","slug":"baclofen","status":"publish","type":"page","link":"https:\/\/userblogs.fu-berlin.de\/pharmako-rausch\/start\/uebersicht\/arzneimittelgruppen\/muskelrelaxantien\/baclofen\/","title":{"rendered":"Baclofen"},"content":{"rendered":"<details>\n<summary>Allgemeines<\/summary>\n<p>Baclofen geh\u00f6rt zu den zentral wirkenden Muskelrelaxantien. Es wirkt als Agonist an den GABA<sub>B<\/sub>-Rezeptoren im R\u00fcckenmark. Die Dosierung sollte eingeschlichen werden. Oral verabreicht kommt nur eine sehr geringe Menge der Substanz an den Nerven im R\u00fcckenmark an, wodurch eine Baclofenl\u00f6sung h\u00e4ufig bei Patienten mit Multipler Sklerose direkt in das Liquor injiziert wird.<\/p>\n<\/details>\n<details>\n<summary>Pr\u00e4paratbeispiele<\/summary>\n<ul>\n<li>Lebic\u00ae<\/li>\n<li>Lioresal\u00ae<\/li>\n<\/ul>\n<\/details>\n<details>\n<summary>Wirkstoffe<\/summary>\n<ul>\n<li>Baclofen<\/li>\n<\/ul>\n<\/details>\n<details>\n<summary>Wirkort\/Zielstruktur<\/summary>\n<ul>\n<li>GABA<sub>B<\/sub>-Rezeptoren im R\u00fcckenmark<\/li>\n<\/ul>\n<\/details>\n<details>\n<summary>Wirkmechanismus<\/summary>\n<p>Wirkung an GABA<sub>B<\/sub>-Rezeptoren im zentralen Nervensystem als Agonisten. GABA<sub>B<\/sub>-Rezeptoren sind speziell f\u00fcr die Muskelspannung zust\u00e4ndig.<br \/>\n\u2192 erh\u00f6hen dadurch Bindungsaffinit\u00e4t von GABA an den Bindungsstellen, die Teil des Chloridkanals sind<br \/>\n\u2192 vermehrter Einstrom von Chloridionen in die Zelle<br \/>\n\u2192 Hyperpolarisation und dadurch verminderte Erregbarkeit der entsprechenden Zelle<br \/>\n\u2192 Erschlaffung der betroffenen Muskulatur<\/p>\n<\/details>\n<details>\n<summary>Indikation<\/summary>\n<ul>\n<li>Spastiken der Skelettmuskulatur bei Multipler Sklerose<\/li>\n<li>Spastiken der Skelettmuskulatur durch Verletzung des Gerhirns und R\u00fcckenmarks (z.B. Schlaganfall)<\/li>\n<\/ul>\n<\/details>\n<details>\n<summary>Unerw\u00fcnschte Arzneimittelwirkungen<\/summary>\n<ul>\n<li>Benommenheit<\/li>\n<li>M\u00fcdigkeit<\/li>\n<li>Magen-Darm-St\u00f6rungen<\/li>\n<li>Sehst\u00f6rungen<\/li>\n<\/ul>\n<\/details>\n<details>\n<summary>Kontraindikationen<\/summary>\n<ul>\n<li>Nierenfunktionsst\u00f6rungen<\/li>\n<li>Epilepsie<\/li>\n<\/ul>\n<\/details>\n<details>\n<summary>Interaktionen<\/summary>\n<ul>\n<li>Sedativa (Wirkung wird verst\u00e4rkt)<\/li>\n<li>Alkohol (Wirkung wird verst\u00e4rkt)<\/li>\n<li>andere zentral d\u00e4mpfende Substanzen<\/li>\n<li>Antihypertonika<\/li>\n<\/ul>\n<\/details>\n<p><a href=\"https:\/\/userblogs.fu-berlin.de\/pharmako-rausch\/start\/uebersicht\/arzneimittelgruppen\/muskelrelaxantien\/\">zur\u00fcck<\/a><\/p>\n","protected":false},"excerpt":{"rendered":"<p>Allgemeines Baclofen geh\u00f6rt zu den zentral wirkenden Muskelrelaxantien. Es wirkt als Agonist an den GABAB-Rezeptoren im R\u00fcckenmark. Die Dosierung sollte eingeschlichen werden. Oral verabreicht kommt nur eine sehr geringe Menge der Substanz an den Nerven im R\u00fcckenmark an, wodurch eine Baclofenl\u00f6sung h\u00e4ufig bei Patienten mit Multipler Sklerose direkt in das Liquor injiziert wird. Pr\u00e4paratbeispiele Lebic\u00ae &hellip; <a href=\"https:\/\/userblogs.fu-berlin.de\/pharmako-rausch\/start\/uebersicht\/arzneimittelgruppen\/muskelrelaxantien\/baclofen\/\" class=\"more-link\"><span class=\"screen-reader-text\">\u201eBaclofen\u201c<\/span> weiterlesen<\/a><\/p>\n","protected":false},"author":4472,"featured_media":0,"parent":2491,"menu_order":0,"comment_status":"closed","ping_status":"closed","template":"","meta":{"footnotes":""},"class_list":["post-2544","page","type-page","status-publish","hentry"],"_links":{"self":[{"href":"https:\/\/userblogs.fu-berlin.de\/pharmako-rausch\/wp-json\/wp\/v2\/pages\/2544","targetHints":{"allow":["GET"]}}],"collection":[{"href":"https:\/\/userblogs.fu-berlin.de\/pharmako-rausch\/wp-json\/wp\/v2\/pages"}],"about":[{"href":"https:\/\/userblogs.fu-berlin.de\/pharmako-rausch\/wp-json\/wp\/v2\/types\/page"}],"author":[{"embeddable":true,"href":"https:\/\/userblogs.fu-berlin.de\/pharmako-rausch\/wp-json\/wp\/v2\/users\/4472"}],"replies":[{"embeddable":true,"href":"https:\/\/userblogs.fu-berlin.de\/pharmako-rausch\/wp-json\/wp\/v2\/comments?post=2544"}],"version-history":[{"count":8,"href":"https:\/\/userblogs.fu-berlin.de\/pharmako-rausch\/wp-json\/wp\/v2\/pages\/2544\/revisions"}],"predecessor-version":[{"id":2575,"href":"https:\/\/userblogs.fu-berlin.de\/pharmako-rausch\/wp-json\/wp\/v2\/pages\/2544\/revisions\/2575"}],"up":[{"embeddable":true,"href":"https:\/\/userblogs.fu-berlin.de\/pharmako-rausch\/wp-json\/wp\/v2\/pages\/2491"}],"wp:attachment":[{"href":"https:\/\/userblogs.fu-berlin.de\/pharmako-rausch\/wp-json\/wp\/v2\/media?parent=2544"}],"curies":[{"name":"wp","href":"https:\/\/api.w.org\/{rel}","templated":true}]}}