{"id":2614,"date":"2020-03-15T13:50:24","date_gmt":"2020-03-15T12:50:24","guid":{"rendered":"https:\/\/userblogs.fu-berlin.de\/pharmako-rausch\/?page_id=2614"},"modified":"2020-03-15T13:50:41","modified_gmt":"2020-03-15T12:50:41","slug":"blockierung-der-spannungsabhaengigen-na-kanaele","status":"publish","type":"page","link":"https:\/\/userblogs.fu-berlin.de\/pharmako-rausch\/start\/uebersicht\/arzneimittelgruppen\/antikonvulsiva\/blockierung-der-spannungsabhaengigen-na-kanaele\/","title":{"rendered":"Blockierung der spannungsabh\u00e4ngigen Na+-Kan\u00e4le"},"content":{"rendered":"<details>\n<summary>Allgemeines<\/summary>\n<p>Diese Gruppe der Antiepileptika st\u00f6rt die Erregungs\u00fcbertragung, indem sie an den Na<sup>+<\/sup>-Kan\u00e4len bindet. Valproins\u00e4ure wirkt zus\u00e4tzlich noch am GABAergen System.<\/p>\n<\/details>\n<details>\n<summary>Pr\u00e4paratbeispiele<\/summary>\n<ul>\n<li>Finlepsin\u00ae, Tegretal\u00ae, Timonil\u00ae<\/li>\n<li>Timox\u00ae, Trileptal\u00ae<\/li>\n<li>Convulex\u00ae, Ergenyl\u00ae, Orfiril\u00ae<\/li>\n<li>Phenhydan\u00ae<\/li>\n<li>Lamictal\u00ae<\/li>\n<\/ul>\n<\/details>\n<details>\n<summary>Wirkstoffe<\/summary>\n<ul>\n<li>Carbamazepin<\/li>\n<li>Oxcarbazepin<\/li>\n<li>Valproins\u00e4ure<\/li>\n<li>Phenytoin<\/li>\n<li>Lamotrigin<\/li>\n<\/ul>\n<\/details>\n<details>\n<summary>Wirkort\/Zielstruktur<\/summary>\n<ul>\n<li>spannungsabh\u00e4ngige Na<sup>+<\/sup>-Kan\u00e4le<\/li>\n<\/ul>\n<\/details>\n<details>\n<summary>Wirkmechanismus<\/summary>\n<p>Die Substanzen binden an den spannungsabh\u00e4ngigen Na<sup>+<\/sup>-Kan\u00e4len<br \/>\n\u2192 Der Einstrom von Natrium-Ionen in die Zelle wird blockiert.<br \/>\n\u2192 Die Weiterleitung des Aktionspotentials wird gehemmt.<br \/>\n\u2192 Verringerung vor allem hochfrequenter Aktionspotentiale<\/p>\n<\/details>\n<details>\n<summary>Indikation<\/summary>\n<ul>\n<li>fokale Epilepsie<\/li>\n<li>diabetische Neuropathie (Carbamazepin, Oxcarbazepin)<\/li>\n<li>generalisierte epileptische Anf\u00e4lle &#8211; Absencen, Grand mal (weniger Carbamazepin, Oxcarbazepin)<\/li>\n<li>akute Anf\u00e4lle &#8211; Status epilepticus (Phenytoin)<\/li>\n<\/ul>\n<\/details>\n<details>\n<summary>Unerw\u00fcnschte Arzneimittelwirkungen<\/summary>\n<ul>\n<li>Schwindel<\/li>\n<li>M\u00fcdigkeit<\/li>\n<li>Gewichtszunahme (Valproins\u00e4ure)<\/li>\n<li>Lebersch\u00e4digungen (Valproins\u00e4ure)<\/li>\n<li>Ataxie<\/li>\n<li>allergisches Exanthem<\/li>\n<\/ul>\n<\/details>\n<details>\n<summary>Kontraindikationen<\/summary>\n<ul>\n<li>Herzfunktionsst\u00f6rungen<\/li>\n<li>Schwangerschaft &#8211; teratogen! (au\u00dfer Lamotrigin &#8211; Mittel der Wahl in der SS) Vor allem Valproins\u00e4ure darf nicht in der Schwangerschaft eingesetzt werden<\/li>\n<\/ul>\n<\/details>\n<details>\n<summary>Interaktionen<\/summary>\n<ul>\n<li>andere Antiepileptika<\/li>\n<li>Benzodiazepine<\/li>\n<li>bestimmte Antibiotika<\/li>\n<li>teilweise hormonelle Kontrazeptiva<\/li>\n<\/ul>\n<\/details>\n<p><a href=\"https:\/\/userblogs.fu-berlin.de\/pharmako-rausch\/start\/uebersicht\/arzneimittelgruppen\/antikonvulsiva\/\">zur\u00fcck<\/a><\/p>\n","protected":false},"excerpt":{"rendered":"<p>Allgemeines Diese Gruppe der Antiepileptika st\u00f6rt die Erregungs\u00fcbertragung, indem sie an den Na+-Kan\u00e4len bindet. Valproins\u00e4ure wirkt zus\u00e4tzlich noch am GABAergen System. Pr\u00e4paratbeispiele Finlepsin\u00ae, Tegretal\u00ae, Timonil\u00ae Timox\u00ae, Trileptal\u00ae Convulex\u00ae, Ergenyl\u00ae, Orfiril\u00ae Phenhydan\u00ae Lamictal\u00ae Wirkstoffe Carbamazepin Oxcarbazepin Valproins\u00e4ure Phenytoin Lamotrigin Wirkort\/Zielstruktur spannungsabh\u00e4ngige Na+-Kan\u00e4le Wirkmechanismus Die Substanzen binden an den spannungsabh\u00e4ngigen Na+-Kan\u00e4len \u2192 Der Einstrom von Natrium-Ionen in &hellip; <a href=\"https:\/\/userblogs.fu-berlin.de\/pharmako-rausch\/start\/uebersicht\/arzneimittelgruppen\/antikonvulsiva\/blockierung-der-spannungsabhaengigen-na-kanaele\/\" class=\"more-link\"><span class=\"screen-reader-text\">\u201eBlockierung der spannungsabh\u00e4ngigen Na+-Kan\u00e4le\u201c<\/span> weiterlesen<\/a><\/p>\n","protected":false},"author":4472,"featured_media":0,"parent":2487,"menu_order":0,"comment_status":"closed","ping_status":"closed","template":"","meta":{"footnotes":""},"class_list":["post-2614","page","type-page","status-publish","hentry"],"_links":{"self":[{"href":"https:\/\/userblogs.fu-berlin.de\/pharmako-rausch\/wp-json\/wp\/v2\/pages\/2614","targetHints":{"allow":["GET"]}}],"collection":[{"href":"https:\/\/userblogs.fu-berlin.de\/pharmako-rausch\/wp-json\/wp\/v2\/pages"}],"about":[{"href":"https:\/\/userblogs.fu-berlin.de\/pharmako-rausch\/wp-json\/wp\/v2\/types\/page"}],"author":[{"embeddable":true,"href":"https:\/\/userblogs.fu-berlin.de\/pharmako-rausch\/wp-json\/wp\/v2\/users\/4472"}],"replies":[{"embeddable":true,"href":"https:\/\/userblogs.fu-berlin.de\/pharmako-rausch\/wp-json\/wp\/v2\/comments?post=2614"}],"version-history":[{"count":6,"href":"https:\/\/userblogs.fu-berlin.de\/pharmako-rausch\/wp-json\/wp\/v2\/pages\/2614\/revisions"}],"predecessor-version":[{"id":2622,"href":"https:\/\/userblogs.fu-berlin.de\/pharmako-rausch\/wp-json\/wp\/v2\/pages\/2614\/revisions\/2622"}],"up":[{"embeddable":true,"href":"https:\/\/userblogs.fu-berlin.de\/pharmako-rausch\/wp-json\/wp\/v2\/pages\/2487"}],"wp:attachment":[{"href":"https:\/\/userblogs.fu-berlin.de\/pharmako-rausch\/wp-json\/wp\/v2\/media?parent=2614"}],"curies":[{"name":"wp","href":"https:\/\/api.w.org\/{rel}","templated":true}]}}