{"id":2748,"date":"2020-03-27T18:12:36","date_gmt":"2020-03-27T17:12:36","guid":{"rendered":"https:\/\/userblogs.fu-berlin.de\/pharmako-rausch\/?page_id=2748"},"modified":"2020-04-04T12:19:22","modified_gmt":"2020-04-04T10:19:22","slug":"trizyklische-antidepressiva","status":"publish","type":"page","link":"https:\/\/userblogs.fu-berlin.de\/pharmako-rausch\/start\/uebersicht\/arzneimittelgruppen\/antidepressiva\/trizyklische-antidepressiva\/","title":{"rendered":"Trizyklische Antidepressiva"},"content":{"rendered":"<details>\n<summary>Allgemeines<\/summary>\n<p>Diese Gruppe der Antidepressiva mit zus\u00e4tzlich anticholinergen Eigenschaften ist relativ unspezifisch und hat eine Wirkung auf verschiedene Rezeptoren. Die Hauptwirkung besteht darin, dass die Wiederaufnahme von Serotonin und Noradrenalin durch die Blockade der entsprechenden Transporter inhibiert wird. Entsprechend hoch ist das Potential f\u00fcr unerw\u00fcnschte Wirkungen. Ein Wirkeintritt ist nach 2-4 Wochen zu erwarten.<\/p>\n<\/details>\n<details>\n<summary>Pr\u00e4paratbeispiele (Auswahl)<\/summary>\n<ul>\n<li>Amineurin\u00ae, Saroten\u00ae<\/li>\n<li>Aponal\u00ae<\/li>\n<li>Petylyl\u00ae<\/li>\n<li>Pryleugan\u00ae, Tofranil\u00ae<\/li>\n<li>Insidon\u00ae<\/li>\n<li>Stangyl\u00ae, Trimineurin\u00ae<\/li>\n<\/ul>\n<\/details>\n<details>\n<summary>Wirkstoffe (Auswahl)<\/summary>\n<ul>\n<li>Amitriptylin<\/li>\n<li>Doxepin<\/li>\n<li>Desimipramin<\/li>\n<li>Imipramin<\/li>\n<li>Opipramol<\/li>\n<li>Trimipramin<\/li>\n<\/ul>\n<\/details>\n<details>\n<summary>Wirkort\/Zielstruktur<\/summary>\n<p>Noradrenalin-Transporter im pr\u00e4synaptischen noradrinergen Neuron, 5-HT-Transporter im pr\u00e4synaptischen serotonergen Neuron, 5-HT-Rezeptoren, H<sub>1<\/sub>-Rezeptoren, muscarinerge Acetylcholin-Rezeptoren, \u03b1<sub>1<\/sub>-Rezeptoren\n<\/ul>\n<\/details>\n<details>\n<summary>Wirkmechanismus<\/summary>\n<p>Durch die Blockade der Noradrenalin-Transporter im pr\u00e4synaptischen, noradrenergen Neuron und der 5-HT-Transporter (Serotonin-Transporter) im pr\u00e4synaptischen serotonergen Neuron wird die Wiederaufnahme der beiden Transmitter in die pr\u00e4synaptische Zelle gehemmt und sie bleiben l\u00e4nger im extrazellul\u00e4ren Raum. Die Blockade der muscarinergen Acetylcholin-Rezeptoren f\u00fchrt zu einer anticholinergen Wirkung. Da die Substanzen auch an den H<sub>1<\/sub>-Rezeptoren binden, kommt es h\u00e4ufig zu einem sedierenden Effekt.<\/p>\n<\/details>\n<details>\n<summary>Indikation<\/summary>\n<ul>\n<li>Depression<\/li>\n<li>neuropathische Schmerzen<\/li>\n<li>Migr\u00e4ne-Vorbeugung<\/li>\n<li>teilweise Schlafst\u00f6rungen<\/li>\n<\/ul>\n<\/details>\n<details>\n<summary>Unerw\u00fcnschte Arzneimittelwirkungen<\/summary>\n<ul>\n<li>Obstipation<\/li>\n<li>Mundtrockenheit<\/li>\n<li>niedriger Blutdruck<\/li>\n<li>Appetitsteigerung, Gewichtszunahme<\/li>\n<li>M\u00fcdigkeit<\/li>\n<li>Tachykardie<\/li>\n<li>Krampfanf\u00e4lle<\/li>\n<li>Leberfunktionsst\u00f6rungen<\/li>\n<\/ul>\n<\/details>\n<details>\n<summary>Kontraindikationen<\/summary>\n<ul>\n<li>Alkohol- und Schlafmittelvergiftungen<\/li>\n<li>Glaukom<\/li>\n<li>Harnentleerungsst\u00f6rungen<\/li>\n<\/ul>\n<\/details>\n<details>\n<summary>Interaktionen<\/summary>\n<ul>\n<li>Alhohol (Wirkung wird verst\u00e4rkt)<\/li>\n<li>Sympathomimetika (Wirkung wird verst\u00e4rkt)<\/li>\n<li>Anticholinergika (Wirkung wird verst\u00e4rkt)<\/li>\n<li>Antisymathonika (Wirkung wird abgeschw\u00e4cht)<\/li>\n<\/ul>\n<\/details>\n<p><a href=\"https:\/\/userblogs.fu-berlin.de\/pharmako-rausch\/start\/uebersicht\/arzneimittelgruppen\/antidepressiva\/\">zur\u00fcck<\/a><\/p>\n","protected":false},"excerpt":{"rendered":"<p>Allgemeines Diese Gruppe der Antidepressiva mit zus\u00e4tzlich anticholinergen Eigenschaften ist relativ unspezifisch und hat eine Wirkung auf verschiedene Rezeptoren. Die Hauptwirkung besteht darin, dass die Wiederaufnahme von Serotonin und Noradrenalin durch die Blockade der entsprechenden Transporter inhibiert wird. Entsprechend hoch ist das Potential f\u00fcr unerw\u00fcnschte Wirkungen. Ein Wirkeintritt ist nach 2-4 Wochen zu erwarten. Pr\u00e4paratbeispiele &hellip; <a href=\"https:\/\/userblogs.fu-berlin.de\/pharmako-rausch\/start\/uebersicht\/arzneimittelgruppen\/antidepressiva\/trizyklische-antidepressiva\/\" class=\"more-link\"><span class=\"screen-reader-text\">\u201eTrizyklische Antidepressiva\u201c<\/span> weiterlesen<\/a><\/p>\n","protected":false},"author":4472,"featured_media":0,"parent":2742,"menu_order":0,"comment_status":"closed","ping_status":"closed","template":"","meta":{"footnotes":""},"class_list":["post-2748","page","type-page","status-publish","hentry"],"_links":{"self":[{"href":"https:\/\/userblogs.fu-berlin.de\/pharmako-rausch\/wp-json\/wp\/v2\/pages\/2748","targetHints":{"allow":["GET"]}}],"collection":[{"href":"https:\/\/userblogs.fu-berlin.de\/pharmako-rausch\/wp-json\/wp\/v2\/pages"}],"about":[{"href":"https:\/\/userblogs.fu-berlin.de\/pharmako-rausch\/wp-json\/wp\/v2\/types\/page"}],"author":[{"embeddable":true,"href":"https:\/\/userblogs.fu-berlin.de\/pharmako-rausch\/wp-json\/wp\/v2\/users\/4472"}],"replies":[{"embeddable":true,"href":"https:\/\/userblogs.fu-berlin.de\/pharmako-rausch\/wp-json\/wp\/v2\/comments?post=2748"}],"version-history":[{"count":10,"href":"https:\/\/userblogs.fu-berlin.de\/pharmako-rausch\/wp-json\/wp\/v2\/pages\/2748\/revisions"}],"predecessor-version":[{"id":2817,"href":"https:\/\/userblogs.fu-berlin.de\/pharmako-rausch\/wp-json\/wp\/v2\/pages\/2748\/revisions\/2817"}],"up":[{"embeddable":true,"href":"https:\/\/userblogs.fu-berlin.de\/pharmako-rausch\/wp-json\/wp\/v2\/pages\/2742"}],"wp:attachment":[{"href":"https:\/\/userblogs.fu-berlin.de\/pharmako-rausch\/wp-json\/wp\/v2\/media?parent=2748"}],"curies":[{"name":"wp","href":"https:\/\/api.w.org\/{rel}","templated":true}]}}