{"id":2792,"date":"2020-04-01T17:26:11","date_gmt":"2020-04-01T15:26:11","guid":{"rendered":"https:\/\/userblogs.fu-berlin.de\/pharmako-rausch\/?page_id=2792"},"modified":"2020-04-01T17:27:17","modified_gmt":"2020-04-01T15:27:17","slug":"selektive-serotonin-noradrenalin-wiederaufnahmehemmer-ssnri","status":"publish","type":"page","link":"https:\/\/userblogs.fu-berlin.de\/pharmako-rausch\/start\/uebersicht\/arzneimittelgruppen\/antidepressiva\/selektive-serotonin-noradrenalin-wiederaufnahmehemmer-ssnri\/","title":{"rendered":"Selektive Serotonin\/Noradrenalin-Wiederaufnahmehemmer (SSNRI)"},"content":{"rendered":"<details>\n<summary>Allgemeines<\/summary>\n<p>Die Gruppe der selective serotonin\/noradrenalin reuptake inhibitors (SSNRI) hemmt, \u00e4hnlich wie die trizyklischen Antidepressiva, die Wiederaufnahme beider Transmitter. Allerdings ist hier keine Affinit\u00e4t zu den anderen Rezeptoren vorhanden. Das Spektrum der Nebenwirkungen ist hier entsprechend geringer.<\/p>\n<\/details>\n<details>\n<summary>Pr\u00e4paratbeispiele (Auswahl)<\/summary>\n<ul>\n<li>CYMBALTA\u00ae, YENTREVE\u00ae<\/li>\n<li>Trevilor\u00ae<\/li>\n<\/ul>\n<\/details>\n<details>\n<summary>Wirkstoffe<\/summary>\n<ul>\n<li>Duloxetin<\/li>\n<li>Venlafaxin<\/li>\n<\/ul>\n<\/details>\n<details>\n<summary>Wirkort\/Zielstruktur<\/summary>\n<p>Noradrenalin-Transporter im pr\u00e4synaptischen noradrenergen Neuron sowie 5-HT-Transporter im pr\u00e4synaptischen serotonergen Neuron<\/p>\n<\/details>\n<details>\n<summary>Wirkmechanismus<\/summary>\n<p>Die Substanzen blockieren den NA-Transporter sowie den 5-HT-Transporter.<br \/>\n\u2192 Die Wiederaufnahme von Noradrenalin in die pr\u00e4synaptische, noradrenerge Zelle und von Serotonin in die pr\u00e4synaptische, serotonerge Zelle wird gehemmt<br \/>\n\u2192 Konzentration von Noradrenalin und Serotonin im synaptischen Spalt steigt<br \/>\n\u2192 l\u00e4ngere Wirksamkeit der beiden Transmitter<\/p>\n<\/details>\n<details>\n<summary>Indikation<\/summary>\n<ul>\n<li>Depression<\/li>\n<li>soziale Phobien<\/li>\n<li>teilweise Zwangsst\u00f6rung<\/li>\n<\/ul>\n<\/details>\n<details>\n<summary>Unerw\u00fcnschte Arzneimittelwirkungen<\/summary>\n<ul>\n<li>\u00dcbelkeit, Erbrechen<\/li>\n<li>Mundtrockenheit<\/li>\n<li>Schwindel<\/li>\n<li>Schlafst\u00f6rungen<\/li>\n<li>Miktionsbeschwerden<\/li>\n<li>Unruhe<\/li>\n<li>Gewichtsabnahme, Gewichtszunahme<\/li>\n<li>Libidoverlust<\/li>\n<\/ul>\n<\/details>\n<details>\n<summary>Kontraindikationen<\/summary>\n<ul>\n<li>gleichzeitige Einnahme von MAO-Hemmern (Serotonin-Syndrom!)<\/li>\n<li>Nierenfunktionsst\u00f6rungen (Duloxetin)<\/li>\n<li>Leberfunktionsst\u00f6rungen (Duloxetin)<\/li>\n<li>Fluvoxamin, Ciprofloxacin, Enoxacin (Duloxetin)<\/li>\n<\/ul>\n<\/details>\n<details>\n<summary>Interaktionen<\/summary>\n<ul>\n<li>Alkohol<\/li>\n<li>MAO-Hemmer<\/li>\n<li>andere zentral d\u00e4mpfende Substanzen<\/li>\n<li>andere Substanzen, die das serotonerge Transmittersystem beeiflussen<\/li>\n<\/ul>\n<\/details>\n<p><a href=\"https:\/\/userblogs.fu-berlin.de\/pharmako-rausch\/start\/uebersicht\/arzneimittelgruppen\/antidepressiva\/\">zur\u00fcck<\/a><\/p>\n","protected":false},"excerpt":{"rendered":"<p>Allgemeines Die Gruppe der selective serotonin\/noradrenalin reuptake inhibitors (SSNRI) hemmt, \u00e4hnlich wie die trizyklischen Antidepressiva, die Wiederaufnahme beider Transmitter. Allerdings ist hier keine Affinit\u00e4t zu den anderen Rezeptoren vorhanden. Das Spektrum der Nebenwirkungen ist hier entsprechend geringer. Pr\u00e4paratbeispiele (Auswahl) CYMBALTA\u00ae, YENTREVE\u00ae Trevilor\u00ae Wirkstoffe Duloxetin Venlafaxin Wirkort\/Zielstruktur Noradrenalin-Transporter im pr\u00e4synaptischen noradrenergen Neuron sowie 5-HT-Transporter im pr\u00e4synaptischen &hellip; <a href=\"https:\/\/userblogs.fu-berlin.de\/pharmako-rausch\/start\/uebersicht\/arzneimittelgruppen\/antidepressiva\/selektive-serotonin-noradrenalin-wiederaufnahmehemmer-ssnri\/\" class=\"more-link\"><span class=\"screen-reader-text\">\u201eSelektive Serotonin\/Noradrenalin-Wiederaufnahmehemmer (SSNRI)\u201c<\/span> weiterlesen<\/a><\/p>\n","protected":false},"author":4472,"featured_media":0,"parent":2742,"menu_order":0,"comment_status":"closed","ping_status":"closed","template":"","meta":{"footnotes":""},"class_list":["post-2792","page","type-page","status-publish","hentry"],"_links":{"self":[{"href":"https:\/\/userblogs.fu-berlin.de\/pharmako-rausch\/wp-json\/wp\/v2\/pages\/2792","targetHints":{"allow":["GET"]}}],"collection":[{"href":"https:\/\/userblogs.fu-berlin.de\/pharmako-rausch\/wp-json\/wp\/v2\/pages"}],"about":[{"href":"https:\/\/userblogs.fu-berlin.de\/pharmako-rausch\/wp-json\/wp\/v2\/types\/page"}],"author":[{"embeddable":true,"href":"https:\/\/userblogs.fu-berlin.de\/pharmako-rausch\/wp-json\/wp\/v2\/users\/4472"}],"replies":[{"embeddable":true,"href":"https:\/\/userblogs.fu-berlin.de\/pharmako-rausch\/wp-json\/wp\/v2\/comments?post=2792"}],"version-history":[{"count":3,"href":"https:\/\/userblogs.fu-berlin.de\/pharmako-rausch\/wp-json\/wp\/v2\/pages\/2792\/revisions"}],"predecessor-version":[{"id":2795,"href":"https:\/\/userblogs.fu-berlin.de\/pharmako-rausch\/wp-json\/wp\/v2\/pages\/2792\/revisions\/2795"}],"up":[{"embeddable":true,"href":"https:\/\/userblogs.fu-berlin.de\/pharmako-rausch\/wp-json\/wp\/v2\/pages\/2742"}],"wp:attachment":[{"href":"https:\/\/userblogs.fu-berlin.de\/pharmako-rausch\/wp-json\/wp\/v2\/media?parent=2792"}],"curies":[{"name":"wp","href":"https:\/\/api.w.org\/{rel}","templated":true}]}}