{"id":2798,"date":"2020-04-02T19:30:25","date_gmt":"2020-04-02T17:30:25","guid":{"rendered":"https:\/\/userblogs.fu-berlin.de\/pharmako-rausch\/?page_id=2798"},"modified":"2020-04-04T12:00:07","modified_gmt":"2020-04-04T10:00:07","slug":"monoaminoxidase-hemmer-mao-hemmer","status":"publish","type":"page","link":"https:\/\/userblogs.fu-berlin.de\/pharmako-rausch\/start\/uebersicht\/arzneimittelgruppen\/antidepressiva\/monoaminoxidase-hemmer-mao-hemmer\/","title":{"rendered":"Monoaminoxidase-Hemmer (MAO-Hemmer)"},"content":{"rendered":"<details>\n<summary>Allgemeines<\/summary>\n<p>Die Vertreter dieser Gruppe von Antidepressiva hemmen die Enzyme, die bestimmte Neurotransmitter (Monoamine) abbauen. So wird die synaptische Konzentration von Noradrenalin und Serotonin, aber auch von Dopamin und Adrenalin, erh\u00f6ht.<\/p>\n<\/details>\n<details>\n<summary>Pr\u00e4paratbeispiele (Auswahl)<\/summary>\n<ul>\n<li>Aurorix\u00ae<\/li>\n<li>Jatrosom\u00ae<\/li>\n<\/ul>\n<\/details>\n<details>\n<summary>Wirkstoffe (Auswahl)<\/summary>\n<ul>\n<li>Moclobemid<\/li>\n<li>Tranylcypromin<\/li>\n<\/ul>\n<\/details>\n<details>\n<summary>Wirkort\/Zielstruktur<\/summary>\n<p>Enzym Monoaminoxidase im pr\u00e4synaptischen Neuron<\/p>\n<\/details>\n<details>\n<summary>Wirkmechanismus<\/summary>\n<p>Moclobemid blockt selektiv nur die Monoaminoxidase A. Es findet eine reversible Hemmung statt. Tranylcypromin hemmt dagegen das Enzym in seinen Formen A und B. Hier findet eine irreversible Hemmung statt. Das Enzym katalysiert den Abbau von Monoaminen, desaminiert diese zu Aldehyden. So werden auch Noradrenalin und Serotonin im Neuron aufgespalten (vor allem durch die Monoaminoxidase A). Durch die MAO-Hemmer wird das Enzym gehemmt und entsprechend der Abbau der Neurotransmitter.<br \/>\n\u2192 Gehalt der Transmitter steigt in den jeweiligen Vesikeln<br \/>\n\u2192 vermehrte Freisetzung in den synaptischen Spalt<\/p>\n<\/details>\n<details>\n<summary>Indikation<\/summary>\n<ul>\n<li>Depression<\/li>\n<li>Panikst\u00f6rungen<\/li>\n<li>Soziale Phobien<\/li>\n<li>Parkinson (durch Hemmung von MAO B)<\/li>\n<\/ul>\n<\/details>\n<details>\n<summary>Unerw\u00fcnschte Arzneimittelwirkungen<\/summary>\n<ul>\n<li>Schlafst\u00f6rungen<\/li>\n<li>Schwindel<\/li>\n<li>Kopfschmerzen<\/li>\n<li>\u00dcbelkeit, Erbrechen<\/li>\n<\/ul>\n<\/details>\n<details>\n<summary>Kontraindikationen<\/summary>\n<ul>\n<li>Leber- und Nierensch\u00e4digung<\/li>\n<li>erh\u00f6htes Blutungsrisiko<\/li>\n<li>erh\u00f6hte Krampfbereitschaft<\/li>\n<\/ul>\n<\/details>\n<details>\n<summary>Interaktionen<\/summary>\n<ul>\n<li>andere Antidepressiva<\/li>\n<li>bestimmte Analgetika, z.B. Tramadol<\/li>\n<li>teilweise Antikonvulsiva<\/li>\n<li>bei unselektiver Hemmung: bestimmte Nahrungsmittel; Das Amin Tyramin wird ebenfalls durch MAO abgebaut. Es kommt unter anderem in K\u00e4se vor. Da Tranylcypromin beide Formen des Abbau-Enzyms hemmt, kann auch Tyramin nicht mehr abgebaut werden. Es kommt zur Akkumulation des Monoamins. Dies wiederum kann zu Herzrhythmusst\u00f6rungen sowie einer hypertensiven Krise f\u00fchren. Es muss also bei der Einnahme von Tranylcypromin eine bestimmte Di\u00e4t eingehalten werden.<\/li>\n<\/ul>\n<\/details>\n<p><a href=\"https:\/\/userblogs.fu-berlin.de\/pharmako-rausch\/start\/uebersicht\/arzneimittelgruppen\/antidepressiva\/\">zur\u00fcck<\/a><\/p>\n","protected":false},"excerpt":{"rendered":"<p>Allgemeines Die Vertreter dieser Gruppe von Antidepressiva hemmen die Enzyme, die bestimmte Neurotransmitter (Monoamine) abbauen. So wird die synaptische Konzentration von Noradrenalin und Serotonin, aber auch von Dopamin und Adrenalin, erh\u00f6ht. Pr\u00e4paratbeispiele (Auswahl) Aurorix\u00ae Jatrosom\u00ae Wirkstoffe (Auswahl) Moclobemid Tranylcypromin Wirkort\/Zielstruktur Enzym Monoaminoxidase im pr\u00e4synaptischen Neuron Wirkmechanismus Moclobemid blockt selektiv nur die Monoaminoxidase A. Es findet &hellip; <a href=\"https:\/\/userblogs.fu-berlin.de\/pharmako-rausch\/start\/uebersicht\/arzneimittelgruppen\/antidepressiva\/monoaminoxidase-hemmer-mao-hemmer\/\" class=\"more-link\"><span class=\"screen-reader-text\">\u201eMonoaminoxidase-Hemmer (MAO-Hemmer)\u201c<\/span> weiterlesen<\/a><\/p>\n","protected":false},"author":4472,"featured_media":0,"parent":2742,"menu_order":0,"comment_status":"closed","ping_status":"closed","template":"","meta":{"footnotes":""},"class_list":["post-2798","page","type-page","status-publish","hentry"],"_links":{"self":[{"href":"https:\/\/userblogs.fu-berlin.de\/pharmako-rausch\/wp-json\/wp\/v2\/pages\/2798","targetHints":{"allow":["GET"]}}],"collection":[{"href":"https:\/\/userblogs.fu-berlin.de\/pharmako-rausch\/wp-json\/wp\/v2\/pages"}],"about":[{"href":"https:\/\/userblogs.fu-berlin.de\/pharmako-rausch\/wp-json\/wp\/v2\/types\/page"}],"author":[{"embeddable":true,"href":"https:\/\/userblogs.fu-berlin.de\/pharmako-rausch\/wp-json\/wp\/v2\/users\/4472"}],"replies":[{"embeddable":true,"href":"https:\/\/userblogs.fu-berlin.de\/pharmako-rausch\/wp-json\/wp\/v2\/comments?post=2798"}],"version-history":[{"count":7,"href":"https:\/\/userblogs.fu-berlin.de\/pharmako-rausch\/wp-json\/wp\/v2\/pages\/2798\/revisions"}],"predecessor-version":[{"id":2814,"href":"https:\/\/userblogs.fu-berlin.de\/pharmako-rausch\/wp-json\/wp\/v2\/pages\/2798\/revisions\/2814"}],"up":[{"embeddable":true,"href":"https:\/\/userblogs.fu-berlin.de\/pharmako-rausch\/wp-json\/wp\/v2\/pages\/2742"}],"wp:attachment":[{"href":"https:\/\/userblogs.fu-berlin.de\/pharmako-rausch\/wp-json\/wp\/v2\/media?parent=2798"}],"curies":[{"name":"wp","href":"https:\/\/api.w.org\/{rel}","templated":true}]}}