{"id":39,"date":"2019-08-09T17:53:28","date_gmt":"2019-08-09T15:53:28","guid":{"rendered":"https:\/\/userblogs.fu-berlin.de\/pharmako-rausch\/?page_id=39"},"modified":"2020-10-07T10:54:08","modified_gmt":"2020-10-07T08:54:08","slug":"carboanhydrase-hemmer","status":"publish","type":"page","link":"https:\/\/userblogs.fu-berlin.de\/pharmako-rausch\/start\/uebersicht\/arzneimittelgruppen\/diuretika\/carboanhydrase-hemmer\/","title":{"rendered":"Carboanhydrase-Hemmer"},"content":{"rendered":"<p><font color=\"#6A0888\"><\/p>\n<details>\n<summary>Allgemeines<\/summary>\n<ul>Die Carboanhydrase-Hemmer sind diuretisch wirksam, werden aber fast nicht mehr f\u00fcr die herk\u00f6mmliche <a href=\"https:\/\/userblogs.fu-berlin.de\/pharmako-rausch\/start\/uebersicht\/physiologie-pathophysiologie\/diurese\/\">Diurese<\/a> eingesetzt.<\/ul>\n<\/details>\n<p><\/font><\/p>\n<details>\n<summary>Pr\u00e4paratbeispiele<\/summary>\n<ul>\n<li>Diamox&reg; (Acetazolamid)<\/li>\n<\/ul>\n<\/details>\n<details>\n<summary>Wirkstoffe<\/summary>\n<ul>\n<li>Acetazolamid<\/li>\n<li>Dorzolamid<\/li>\n<li>Brinzolamid<\/li>\n<\/ul>\n<\/details>\n<details>\n<summary>Wirkort\/Zielstruktur<\/summary>\n<ul>\n<li>Carboanhydrase<\/li>\n<ul>\n<li>Proximaler Tubulus<\/li>\n<li>Auge<\/li>\n<\/ul>\n<\/ul>\n<\/details>\n<details>\n<summary>Wirkmechanismus<\/summary>\n<ul>\n<li>Hemmen der Carboanhydrase (CAH) im proximalen Tubulus und Auge<\/li>\n<p>\tCAH setzt CO<sub>2<\/sub> + H<sub>2<\/sub>O zu H<sup>+<\/sup> + HCO<sub>3<\/sub><sup>&#8211;<\/sup> um.<br \/>\n\t&rarr; verminderte Na<sup>+<\/sup>-R\u00fcckresorption<br \/>\n\t(Na<sup>+<\/sup>\/H<sup>+<\/sup>-Antiporter erh\u00e4lt weniger Protonen)<br \/>\n\t&rarr; <a href=\"https:\/\/userblogs.fu-berlin.de\/pharmako-rausch\/start\/uebersicht\/physiologie-pathophysiologie\/diurese\/\">Diurese<\/a> mit Na<sup>+<\/sup>-, K<sup>+<\/sup>&#8211; und HCO<sub>3<\/sub><sup>&#8211;<\/sup>-Verlust<\/ul>\n<\/details>\n<details>\n<summary>Indikation<\/summary>\n<ul>\n<li><a href=\"https:\/\/userblogs.fu-berlin.de\/pharmako-rausch\/start\/uebersicht\/physiologie-pathophysiologie\/glaukom\/\">Glaukom<\/a><\/li>\n<li>Acetazolamid:<br \/>\n\tProphylaxe <a href=\"https:\/\/userblogs.fu-berlin.de\/pharmako-rausch\/start\/uebersicht\/physiologie-pathophysiologie\/hoehenkrankheit\/\">H\u00f6henkrankheit<\/a><\/li>\n<li>Epilepsie<\/li>\n<li>kaum noch zur <a href=\"https:\/\/userblogs.fu-berlin.de\/pharmako-rausch\/start\/uebersicht\/physiologie-pathophysiologie\/diurese\/\">Diurese<\/a> genutzt<\/li>\n<\/ul>\n<\/details>\n<details>\n<summary>Unerw\u00fcnschte Arzneimittelwirkungen<\/summary>\n<ul>\n<li><a href=\"https:\/\/userblogs.fu-berlin.de\/pharmako-rausch\/start\/uebersicht\/physiologie-pathophysiologie\/metabolische-azidose\/\">Metabolische Azidose<\/a><\/li>\n<li><a href=\"https:\/\/userblogs.fu-berlin.de\/pharmako-rausch\/start\/uebersicht\/physiologie-pathophysiologie\/elektrolytstoerungen\/hypokaliaemie\/\">Hypokali\u00e4mie<\/a><\/li>\n<li><a href=\"https:\/\/userblogs.fu-berlin.de\/pharmako-rausch\/start\/uebersicht\/physiologie-pathophysiologie\/elektrolytstoerungen\/hypercalcurie\/\">Hypercalcurie<\/a><\/li>\n<li><a href=\"https:\/\/userblogs.fu-berlin.de\/pharmako-rausch\/start\/uebersicht\/physiologie-pathophysiologie\/haematurie\/\">H\u00e4maturie<\/a><\/li>\n<li>H\u00f6rst\u00f6rungen<\/li>\n<li><a href=\"https:\/\/userblogs.fu-berlin.de\/pharmako-rausch\/start\/uebersicht\/physiologie-pathophysiologie\/leberinsuffizienz\/\">Leberinsuffizienz<\/a><\/li>\n<\/ul>\n<\/details>\n<details>\n<summary>Kontraindikationen<\/summary>\n<ul>\n<li><a href=\"https:\/\/userblogs.fu-berlin.de\/pharmako-rausch\/start\/uebersicht\/physiologie-pathophysiologie\/nirenversagen-niereninsuffizienz\/\">Niereninsuffizienz<\/a><\/li>\n<li><a href=\"https:\/\/userblogs.fu-berlin.de\/pharmako-rausch\/start\/uebersicht\/physiologie-pathophysiologie\/azidose\/hyperchloraemische-azidose\/\">Hyperchlor\u00e4mische Azidose<\/a><\/li>\n<li><a href=\"https:\/\/userblogs.fu-berlin.de\/pharmako-rausch\/gicht\/\">Gicht<\/a>\/<a href=\"https:\/\/userblogs.fu-berlin.de\/pharmako-rausch\/start\/uebersicht\/physiologie-pathophysiologie\/hyperurikaemie\/\">Hyperurik\u00e4mie<\/a><\/li>\n<li><a href=\"https:\/\/userblogs.fu-berlin.de\/pharmako-rausch\/start\/uebersicht\/physiologie-pathophysiologie\/elektrolytstoerungen\/hypokaliaemie\/\">Hypokali\u00e4mie<\/a><\/li>\n<li><a href=\"https:\/\/userblogs.fu-berlin.de\/pharmako-rausch\/start\/uebersicht\/physiologie-pathophysiologie\/elektrolytstoerungen\/hypercalcurie\/\">Hypercalcurie<\/a><\/li>\n<li><a href=\"https:\/\/userblogs.fu-berlin.de\/pharmako-rausch\/start\/uebersicht\/physiologie-pathophysiologie\/nephrocalcinose\/\">Nephrocalcinose<\/a><\/li>\n<li>Schwangerschaft<\/li>\n<li>Stillzeit<\/li>\n<\/ul>\n<\/details>\n<details>\n<summary>Pharmakokinetik<\/summary>\n<ul>\n<li><a href=\"https:\/\/userblogs.fu-berlin.de\/pharmako-rausch\/start\/uebersicht\/physiologie-pathophysiologie\/azidose\/\">Azidose<\/a> schw\u00e4cht Carboanhydrase-Hemmer Wirkung<br \/>\n&rarr; <a href=\"https:\/\/userblogs.fu-berlin.de\/pharmako-rausch\/start\/uebersicht\/physiologie-pathophysiologie\/azidose\/\">Azidose<\/a> und Wirkung sind selbstlimitierend<\/li>\n<\/ul>\n<\/details>\n<details>\n<summary>Applikation<\/summary>\n<ul>\n<li>Acetazolamid<br \/>\n        systemisch<br \/>\n        bei <a href=\"https:\/\/userblogs.fu-berlin.de\/pharmako-rausch\/start\/uebersicht\/physiologie-pathophysiologie\/oedem\/\">\u00d6demen<\/a><\/li>\n<li>Dorzolamid, Brinzolamid<br \/>\n        lokal als Augentropfen<\/li>\n<\/ul>\n<\/details>\n<p>\t<font color=\"#9AC84E\"><\/p>\n<details>\n<summary>Take Home Message<\/summary>\n<ul>\n<li>Carboanhydrase auch im Auge vorhanden<br \/>\n        &rarr; lokale Anwendung bei <a href=\"https:\/\/userblogs.fu-berlin.de\/pharmako-rausch\/start\/uebersicht\/physiologie-pathophysiologie\/glaukom\/\">Glaukom<\/a><\/li>\n<li>bessere Alternativen vorhanden<br \/>\n        &rarr; kaum noch zur <a href=\"https:\/\/userblogs.fu-berlin.de\/pharmako-rausch\/start\/uebersicht\/physiologie-pathophysiologie\/diurese\/\">Diurese<\/a> genutzt<\/li>\n<li>Endung &#8222;-zolamid&#8220;<\/li>\n<\/ul>\n<\/details>\n<p><\/font><\/p>\n<hr>\n<p><a href=\"https:\/\/userblogs.fu-berlin.de\/pharmako-rausch\/quellenverzeichnis\/\">Quellen<\/a>: [1] [2] [69]<br \/>\n<\/p>\n<p><a href=\"https:\/\/userblogs.fu-berlin.de\/pharmako-rausch\/start\/uebersicht\/arzneimittelgruppen\/diuretika\/\">zur\u00fcck<\/a><\/p>\n","protected":false},"excerpt":{"rendered":"<p>Allgemeines Die Carboanhydrase-Hemmer sind diuretisch wirksam, werden aber fast nicht mehr f\u00fcr die herk\u00f6mmliche Diurese eingesetzt. Pr\u00e4paratbeispiele Diamox&reg; (Acetazolamid) Wirkstoffe Acetazolamid Dorzolamid Brinzolamid Wirkort\/Zielstruktur Carboanhydrase Proximaler Tubulus Auge Wirkmechanismus Hemmen der Carboanhydrase (CAH) im proximalen Tubulus und Auge CAH setzt CO2 + H2O zu H+ + HCO3&#8211; um. &rarr; verminderte Na+-R\u00fcckresorption (Na+\/H+-Antiporter erh\u00e4lt weniger Protonen) &hellip; <a href=\"https:\/\/userblogs.fu-berlin.de\/pharmako-rausch\/start\/uebersicht\/arzneimittelgruppen\/diuretika\/carboanhydrase-hemmer\/\" class=\"more-link\"><span class=\"screen-reader-text\">\u201eCarboanhydrase-Hemmer\u201c<\/span> weiterlesen<\/a><\/p>\n","protected":false},"author":4348,"featured_media":0,"parent":6,"menu_order":0,"comment_status":"closed","ping_status":"closed","template":"","meta":{"footnotes":""},"class_list":["post-39","page","type-page","status-publish","hentry"],"_links":{"self":[{"href":"https:\/\/userblogs.fu-berlin.de\/pharmako-rausch\/wp-json\/wp\/v2\/pages\/39","targetHints":{"allow":["GET"]}}],"collection":[{"href":"https:\/\/userblogs.fu-berlin.de\/pharmako-rausch\/wp-json\/wp\/v2\/pages"}],"about":[{"href":"https:\/\/userblogs.fu-berlin.de\/pharmako-rausch\/wp-json\/wp\/v2\/types\/page"}],"author":[{"embeddable":true,"href":"https:\/\/userblogs.fu-berlin.de\/pharmako-rausch\/wp-json\/wp\/v2\/users\/4348"}],"replies":[{"embeddable":true,"href":"https:\/\/userblogs.fu-berlin.de\/pharmako-rausch\/wp-json\/wp\/v2\/comments?post=39"}],"version-history":[{"count":84,"href":"https:\/\/userblogs.fu-berlin.de\/pharmako-rausch\/wp-json\/wp\/v2\/pages\/39\/revisions"}],"predecessor-version":[{"id":3000,"href":"https:\/\/userblogs.fu-berlin.de\/pharmako-rausch\/wp-json\/wp\/v2\/pages\/39\/revisions\/3000"}],"up":[{"embeddable":true,"href":"https:\/\/userblogs.fu-berlin.de\/pharmako-rausch\/wp-json\/wp\/v2\/pages\/6"}],"wp:attachment":[{"href":"https:\/\/userblogs.fu-berlin.de\/pharmako-rausch\/wp-json\/wp\/v2\/media?parent=39"}],"curies":[{"name":"wp","href":"https:\/\/api.w.org\/{rel}","templated":true}]}}