{"id":670,"date":"2019-08-21T15:42:48","date_gmt":"2019-08-21T13:42:48","guid":{"rendered":"https:\/\/userblogs.fu-berlin.de\/pharmako-rausch\/?page_id=670"},"modified":"2020-05-02T21:02:30","modified_gmt":"2020-05-02T19:02:30","slug":"thiazide-zusatz-i","status":"publish","type":"page","link":"https:\/\/userblogs.fu-berlin.de\/pharmako-rausch\/start\/uebersicht\/arzneimittelgruppen\/diuretika\/thiaziddiuretika\/thiazide-zusatz-i\/","title":{"rendered":"Thiazide &#8211; Zusatz I"},"content":{"rendered":"<p>Blutdrucksenkende Wirkung bleibt erhalten,<br \/>\nmutma\u00dflich durch die geringe Na<sup>+<\/sup>-Konzentration in den glatten Gef\u00e4\u00dfmuskelzellen.<br \/>\nDies f\u00fchrt zu einer Abschw\u00e4chung der Reiz-Empfindlichkeit f\u00fcr die Vasokonstriktion.<\/p>\n<hr>\n<p>Quellen: [1]<br \/>\n<\/p>\n<p><a href=\"https:\/\/userblogs.fu-berlin.de\/pharmako-rausch\/start\/uebersicht\/arzneimittelgruppen\/diuretika\/thiaziddiuretika\/\">zur\u00fcck<\/a><\/p>\n","protected":false},"excerpt":{"rendered":"<p>Blutdrucksenkende Wirkung bleibt erhalten, mutma\u00dflich durch die geringe Na+-Konzentration in den glatten Gef\u00e4\u00dfmuskelzellen. Dies f\u00fchrt zu einer Abschw\u00e4chung der Reiz-Empfindlichkeit f\u00fcr die Vasokonstriktion. Quellen: [1] zur\u00fcck<\/p>\n","protected":false},"author":4348,"featured_media":0,"parent":49,"menu_order":0,"comment_status":"closed","ping_status":"closed","template":"","meta":{"footnotes":""},"class_list":["post-670","page","type-page","status-publish","hentry"],"_links":{"self":[{"href":"https:\/\/userblogs.fu-berlin.de\/pharmako-rausch\/wp-json\/wp\/v2\/pages\/670","targetHints":{"allow":["GET"]}}],"collection":[{"href":"https:\/\/userblogs.fu-berlin.de\/pharmako-rausch\/wp-json\/wp\/v2\/pages"}],"about":[{"href":"https:\/\/userblogs.fu-berlin.de\/pharmako-rausch\/wp-json\/wp\/v2\/types\/page"}],"author":[{"embeddable":true,"href":"https:\/\/userblogs.fu-berlin.de\/pharmako-rausch\/wp-json\/wp\/v2\/users\/4348"}],"replies":[{"embeddable":true,"href":"https:\/\/userblogs.fu-berlin.de\/pharmako-rausch\/wp-json\/wp\/v2\/comments?post=670"}],"version-history":[{"count":10,"href":"https:\/\/userblogs.fu-berlin.de\/pharmako-rausch\/wp-json\/wp\/v2\/pages\/670\/revisions"}],"predecessor-version":[{"id":3027,"href":"https:\/\/userblogs.fu-berlin.de\/pharmako-rausch\/wp-json\/wp\/v2\/pages\/670\/revisions\/3027"}],"up":[{"embeddable":true,"href":"https:\/\/userblogs.fu-berlin.de\/pharmako-rausch\/wp-json\/wp\/v2\/pages\/49"}],"wp:attachment":[{"href":"https:\/\/userblogs.fu-berlin.de\/pharmako-rausch\/wp-json\/wp\/v2\/media?parent=670"}],"curies":[{"name":"wp","href":"https:\/\/api.w.org\/{rel}","templated":true}]}}