{"id":801,"date":"2019-08-22T13:41:49","date_gmt":"2019-08-22T11:41:49","guid":{"rendered":"https:\/\/userblogs.fu-berlin.de\/pharmako-rausch\/?page_id=801"},"modified":"2020-05-04T12:17:25","modified_gmt":"2020-05-04T10:17:25","slug":"kaliumsparende-diuretika-zusatz-i","status":"publish","type":"page","link":"https:\/\/userblogs.fu-berlin.de\/pharmako-rausch\/start\/uebersicht\/arzneimittelgruppen\/diuretika\/kaliumsparende-diuretika\/kaliumsparende-diuretika-zusatz-i\/","title":{"rendered":"Kaliumsparender Effekt"},"content":{"rendered":"<p>Durch Hemmung der Na<sup>+<\/sup>-Kan\u00e4le wird die Na<sup>+<\/sup>-R\u00fcckresorption aus dem Lumen vermindert. Es entsteht ein vergleichsweise hohes Potential an der luminalen Membran (Hyperpolarisation).<br \/>\nDer K<sup>+<\/sup>-Ausstrom wird durch den verschobenen Ladungsgradienten gemindert (positives K<sup>+<\/sup> str\u00f6mt wenig ins positiv geladene Lumen).<\/p>\n<hr>\n<p><a href=\"https:\/\/userblogs.fu-berlin.de\/pharmako-rausch\/quellenverzeichnis\/\">Quellen<\/a>: [2] [69]<br \/>\n<\/p>\n<p><a href=\"https:\/\/userblogs.fu-berlin.de\/pharmako-rausch\/start\/uebersicht\/arzneimittelgruppen\/diuretika\/kaliumsparende-diuretika\/\">zur\u00fcck zu kaliumsparende Diuretika<\/a><br \/>\n<a href=\"https:\/\/userblogs.fu-berlin.de\/pharmako-rausch\/start\/uebersicht\/arzneimittelgruppen\/diuretika\/aldosteron-antagonisten\/\">zur\u00fcck zu Aldosteron-Antagonisten<\/a><\/p>\n","protected":false},"excerpt":{"rendered":"<p>Durch Hemmung der Na+-Kan\u00e4le wird die Na+-R\u00fcckresorption aus dem Lumen vermindert. Es entsteht ein vergleichsweise hohes Potential an der luminalen Membran (Hyperpolarisation). Der K+-Ausstrom wird durch den verschobenen Ladungsgradienten gemindert (positives K+ str\u00f6mt wenig ins positiv geladene Lumen). Quellen: [2] [69] zur\u00fcck zu kaliumsparende Diuretika zur\u00fcck zu Aldosteron-Antagonisten<\/p>\n","protected":false},"author":4406,"featured_media":0,"parent":51,"menu_order":0,"comment_status":"closed","ping_status":"closed","template":"","meta":{"footnotes":""},"class_list":["post-801","page","type-page","status-publish","hentry"],"_links":{"self":[{"href":"https:\/\/userblogs.fu-berlin.de\/pharmako-rausch\/wp-json\/wp\/v2\/pages\/801","targetHints":{"allow":["GET"]}}],"collection":[{"href":"https:\/\/userblogs.fu-berlin.de\/pharmako-rausch\/wp-json\/wp\/v2\/pages"}],"about":[{"href":"https:\/\/userblogs.fu-berlin.de\/pharmako-rausch\/wp-json\/wp\/v2\/types\/page"}],"author":[{"embeddable":true,"href":"https:\/\/userblogs.fu-berlin.de\/pharmako-rausch\/wp-json\/wp\/v2\/users\/4406"}],"replies":[{"embeddable":true,"href":"https:\/\/userblogs.fu-berlin.de\/pharmako-rausch\/wp-json\/wp\/v2\/comments?post=801"}],"version-history":[{"count":8,"href":"https:\/\/userblogs.fu-berlin.de\/pharmako-rausch\/wp-json\/wp\/v2\/pages\/801\/revisions"}],"predecessor-version":[{"id":3051,"href":"https:\/\/userblogs.fu-berlin.de\/pharmako-rausch\/wp-json\/wp\/v2\/pages\/801\/revisions\/3051"}],"up":[{"embeddable":true,"href":"https:\/\/userblogs.fu-berlin.de\/pharmako-rausch\/wp-json\/wp\/v2\/pages\/51"}],"wp:attachment":[{"href":"https:\/\/userblogs.fu-berlin.de\/pharmako-rausch\/wp-json\/wp\/v2\/media?parent=801"}],"curies":[{"name":"wp","href":"https:\/\/api.w.org\/{rel}","templated":true}]}}