{"id":994,"date":"2019-08-26T13:26:49","date_gmt":"2019-08-26T11:26:49","guid":{"rendered":"https:\/\/userblogs.fu-berlin.de\/pharmako-rausch\/?page_id=994"},"modified":"2020-04-29T16:40:10","modified_gmt":"2020-04-29T14:40:10","slug":"oedem","status":"publish","type":"page","link":"https:\/\/userblogs.fu-berlin.de\/pharmako-rausch\/start\/uebersicht\/physiologie-pathophysiologie\/oedem\/","title":{"rendered":"\u00d6dem"},"content":{"rendered":"<p>Ein \u00d6dem ist eine Schwellung aufgrund von Wasseransammlungen\/ Wassereinlagerungen im Gewebe.<br \/>\nEs entsteht, wenn mehr Fl\u00fcssigkeit aus dem Gef\u00e4\u00dfsystem in das umliegende Gewebe austritt, als r\u00fcckresorbiert werden\/abflie\u00dfen kann.<\/p>\n<hr>\n<p><a href=\"https:\/\/userblogs.fu-berlin.de\/pharmako-rausch\/quellenverzeichnis\/\">Quellen<\/a>: [61]<br \/>\n<\/p>\n<p><a href=\"https:\/\/flexikon.doccheck.com\/de\/%C3%96dem\" target=\"_blank\">link<\/a> zu DocCheck<\/p>\n","protected":false},"excerpt":{"rendered":"<p>Ein \u00d6dem ist eine Schwellung aufgrund von Wasseransammlungen\/ Wassereinlagerungen im Gewebe. Es entsteht, wenn mehr Fl\u00fcssigkeit aus dem Gef\u00e4\u00dfsystem in das umliegende Gewebe austritt, als r\u00fcckresorbiert werden\/abflie\u00dfen kann. Quellen: [61] link zu DocCheck<\/p>\n","protected":false},"author":4348,"featured_media":0,"parent":299,"menu_order":0,"comment_status":"closed","ping_status":"closed","template":"","meta":{"footnotes":""},"class_list":["post-994","page","type-page","status-publish","hentry"],"_links":{"self":[{"href":"https:\/\/userblogs.fu-berlin.de\/pharmako-rausch\/wp-json\/wp\/v2\/pages\/994","targetHints":{"allow":["GET"]}}],"collection":[{"href":"https:\/\/userblogs.fu-berlin.de\/pharmako-rausch\/wp-json\/wp\/v2\/pages"}],"about":[{"href":"https:\/\/userblogs.fu-berlin.de\/pharmako-rausch\/wp-json\/wp\/v2\/types\/page"}],"author":[{"embeddable":true,"href":"https:\/\/userblogs.fu-berlin.de\/pharmako-rausch\/wp-json\/wp\/v2\/users\/4348"}],"replies":[{"embeddable":true,"href":"https:\/\/userblogs.fu-berlin.de\/pharmako-rausch\/wp-json\/wp\/v2\/comments?post=994"}],"version-history":[{"count":14,"href":"https:\/\/userblogs.fu-berlin.de\/pharmako-rausch\/wp-json\/wp\/v2\/pages\/994\/revisions"}],"predecessor-version":[{"id":2947,"href":"https:\/\/userblogs.fu-berlin.de\/pharmako-rausch\/wp-json\/wp\/v2\/pages\/994\/revisions\/2947"}],"up":[{"embeddable":true,"href":"https:\/\/userblogs.fu-berlin.de\/pharmako-rausch\/wp-json\/wp\/v2\/pages\/299"}],"wp:attachment":[{"href":"https:\/\/userblogs.fu-berlin.de\/pharmako-rausch\/wp-json\/wp\/v2\/media?parent=994"}],"curies":[{"name":"wp","href":"https:\/\/api.w.org\/{rel}","templated":true}]}}