{"id":141,"date":"2024-11-12T16:58:11","date_gmt":"2024-11-12T15:58:11","guid":{"rendered":"https:\/\/userblogs.fu-berlin.de\/privacy_china\/?page_id=141"},"modified":"2025-01-21T14:49:07","modified_gmt":"2025-01-21T13:49:07","slug":"dr-lena-wesemann","status":"publish","type":"page","link":"https:\/\/userblogs.fu-berlin.de\/privacy_china\/team\/dr-lena-wesemann\/","title":{"rendered":"Dr. Lena Wesemann"},"content":{"rendered":"\n<div class=\"wp-block-columns is-layout-flex wp-container-core-columns-is-layout-9d6595d7 wp-block-columns-is-layout-flex\">\n<div class=\"wp-block-column is-layout-flow wp-block-column-is-layout-flow\">\n<p>Impact Officer | Project Management <\/p>\n\n\n\n<p><a href=\"mailto:lena.wesemann@fu-berlin.de\">lena.wesemann[at]fu-berlin.de<\/a><\/p>\n<\/div>\n\n\n\n<div class=\"wp-block-column is-layout-flow wp-block-column-is-layout-flow\">\n<figure class=\"wp-block-image size-medium\"><img loading=\"lazy\" decoding=\"async\" width=\"214\" height=\"300\" src=\"https:\/\/userblogs.fu-berlin.de\/privacy_china\/files\/2024\/09\/5x7_300pp-214x300.jpg\" alt=\"\" class=\"wp-image-56\" srcset=\"https:\/\/userblogs.fu-berlin.de\/privacy_china\/files\/2024\/09\/5x7_300pp-214x300.jpg 214w, https:\/\/userblogs.fu-berlin.de\/privacy_china\/files\/2024\/09\/5x7_300pp.jpg 591w\" sizes=\"auto, (max-width: 214px) 100vw, 214px\" \/><\/figure>\n<\/div>\n<\/div>\n\n\n\n<p><a href=\"https:\/\/www.geschkult.fu-berlin.de\/e\/oas\/sinologie\/institut\/mitarbeiter\/35_Project\/Wesemann.html\">Dr. Lena Wesemann<\/a> is the Privacy China project\u2019s impact officer and coordinator at the Institute for Chinese Studies, Freie Universit\u00e4t Berlin. She also serves as the Associate Director of the Graduate School of East Asian Studies at Freie Universit\u00e4t Berlin. Her research interests include Chinese archaeology and prehistory, museology and museums in China, Chinese philosophy as well as China-specific knowledge transfer and the mediation of China competencies. She obtained her PhD in East Asian Art History at Freie Universit\u00e4t Berlin, her MA in Chinese History and Philosophy at Ruhr-Universit\u00e4t Bochum and her BA in Sinology at Ruhr-Universit\u00e4t Bochum.<\/p>\n","protected":false},"excerpt":{"rendered":"<p>Impact Officer | Project Management lena.wesemann[at]fu-berlin.de Dr. Lena Wesemann is the Privacy China project\u2019s impact officer and coordinator at the Institute for Chinese Studies, Freie Universit\u00e4t Berlin. She also serves as the Associate Director of the Graduate School of East Asian Studies at Freie Universit\u00e4t Berlin. Her research interests include Chinese archaeology and prehistory, museology &hellip; <a href=\"https:\/\/userblogs.fu-berlin.de\/privacy_china\/team\/dr-lena-wesemann\/\" class=\"more-link\">Continue reading <span class=\"screen-reader-text\">Dr. Lena Wesemann<\/span> <span class=\"meta-nav\">&rarr;<\/span><\/a><\/p>\n","protected":false},"author":3242,"featured_media":0,"parent":35,"menu_order":5,"comment_status":"closed","ping_status":"closed","template":"","meta":{"footnotes":""},"class_list":["post-141","page","type-page","status-publish","hentry"],"_links":{"self":[{"href":"https:\/\/userblogs.fu-berlin.de\/privacy_china\/wp-json\/wp\/v2\/pages\/141","targetHints":{"allow":["GET"]}}],"collection":[{"href":"https:\/\/userblogs.fu-berlin.de\/privacy_china\/wp-json\/wp\/v2\/pages"}],"about":[{"href":"https:\/\/userblogs.fu-berlin.de\/privacy_china\/wp-json\/wp\/v2\/types\/page"}],"author":[{"embeddable":true,"href":"https:\/\/userblogs.fu-berlin.de\/privacy_china\/wp-json\/wp\/v2\/users\/3242"}],"replies":[{"embeddable":true,"href":"https:\/\/userblogs.fu-berlin.de\/privacy_china\/wp-json\/wp\/v2\/comments?post=141"}],"version-history":[{"count":3,"href":"https:\/\/userblogs.fu-berlin.de\/privacy_china\/wp-json\/wp\/v2\/pages\/141\/revisions"}],"predecessor-version":[{"id":285,"href":"https:\/\/userblogs.fu-berlin.de\/privacy_china\/wp-json\/wp\/v2\/pages\/141\/revisions\/285"}],"up":[{"embeddable":true,"href":"https:\/\/userblogs.fu-berlin.de\/privacy_china\/wp-json\/wp\/v2\/pages\/35"}],"wp:attachment":[{"href":"https:\/\/userblogs.fu-berlin.de\/privacy_china\/wp-json\/wp\/v2\/media?parent=141"}],"curies":[{"name":"wp","href":"https:\/\/api.w.org\/{rel}","templated":true}]}}