{"id":106,"date":"2022-01-27T18:08:29","date_gmt":"2022-01-27T17:08:29","guid":{"rendered":"https:\/\/userblogs.fu-berlin.de\/spgspsop\/?page_id=106"},"modified":"2024-05-03T13:32:44","modified_gmt":"2024-05-03T11:32:44","slug":"vorbereitung","status":"publish","type":"page","link":"https:\/\/userblogs.fu-berlin.de\/spgspsop\/vorbereitung\/","title":{"rendered":"Vorbereitung"},"content":{"rendered":"\n<div class=\"wp-block-media-text alignwide is-stacked-on-mobile\" style=\"grid-template-columns:15% auto\"><figure class=\"wp-block-media-text__media\"><img loading=\"lazy\" decoding=\"async\" width=\"96\" height=\"96\" src=\"https:\/\/userblogs.fu-berlin.de\/spgspsop\/files\/2022\/07\/Picture-2-1.jpg\" alt=\"\" class=\"wp-image-750 size-full\" \/><\/figure><div class=\"wp-block-media-text__content\">\n<p class=\"has-large-font-size\"><strong>Betreuung und Themen<\/strong><\/p>\n\n\n\n<p><a href=\"https:\/\/www.ewi-psy.fu-berlin.de\/sonderpaedagogik\/sonderpaed\/studium_lehre\/Bachelorarbeitneu\/index.html\" data-type=\"URL\" data-id=\"https:\/\/www.ewi-psy.fu-berlin.de\/sonderpaedagogik\/sonderpaed\/studium_lehre\/Bachelorarbeitneu\/index.html\" target=\"_blank\" rel=\"noreferrer noopener\">Hier<\/a>&nbsp;findest du die Website \u00fcber&nbsp;Bachelor- und Masterarbeiten&nbsp;des&nbsp;Arbeitsbereich Sonderp\u00e4dagogik. Dort haben die Dozierenden \u00dcbersichten zu&nbsp;<em>Themenvorschl\u00e4gen<\/em>, <em>Bewertungstabellen<\/em> und&nbsp;zur Verf\u00fcgung stehenden <em>Betreuer*innen<\/em>&nbsp;sowie <em>weitere Hilfestellungen <\/em>zusammengestellt.&nbsp;<\/p>\n\n\n\n<p>F\u00fcr die Betreuungsplatzvergabe nutze bitte das zentrale<br><a rel=\"noreferrer noopener\" href=\"https:\/\/ssl2.cms.fu-berlin.de\/ewi-psy\/sonderpaedagogik\/sonderpaed\/studium_lehre\/PM_Anmeldung\/index.html\" data-type=\"URL\" data-id=\"https:\/\/ssl2.cms.fu-berlin.de\/ewi-psy\/sonderpaedagogik\/sonderpaed\/studium_lehre\/PM_Anmeldung\/index.html\" target=\"_blank\">Anmeldeverfahren<\/a> f\u00fcr die Betreuung von Bachelor- und Masterarbeiten in der Sonderp\u00e4dagogik.<\/p>\n\n\n\n<p>Wird bei dem&nbsp;Antrag auf Zulassung&nbsp;keine&nbsp;Bescheinigung \u00fcber die \u00dcbernahme der Betreuung der Bachelorarbeit gem\u00e4\u00df Satz 1 vorgelegt, so setzt der Pr\u00fcfungsausschuss ein*e Betreuer*in ein.&nbsp;<\/p>\n\n\n\n<figure class=\"wp-block-image size-large\"><img loading=\"lazy\" decoding=\"async\" width=\"1024\" height=\"396\" src=\"https:\/\/userblogs.fu-berlin.de\/spgspsop\/files\/2024\/02\/Screenshot-2024-02-26-at-1.00.48\u202fPM-1024x396.png\" alt=\"\" class=\"wp-image-977\" srcset=\"https:\/\/userblogs.fu-berlin.de\/spgspsop\/files\/2024\/02\/Screenshot-2024-02-26-at-1.00.48\u202fPM-1024x396.png 1024w, https:\/\/userblogs.fu-berlin.de\/spgspsop\/files\/2024\/02\/Screenshot-2024-02-26-at-1.00.48\u202fPM-300x116.png 300w, https:\/\/userblogs.fu-berlin.de\/spgspsop\/files\/2024\/02\/Screenshot-2024-02-26-at-1.00.48\u202fPM-768x297.png 768w, https:\/\/userblogs.fu-berlin.de\/spgspsop\/files\/2024\/02\/Screenshot-2024-02-26-at-1.00.48\u202fPM-1536x595.png 1536w, https:\/\/userblogs.fu-berlin.de\/spgspsop\/files\/2024\/02\/Screenshot-2024-02-26-at-1.00.48\u202fPM-1200x465.png 1200w, https:\/\/userblogs.fu-berlin.de\/spgspsop\/files\/2024\/02\/Screenshot-2024-02-26-at-1.00.48\u202fPM-250x97.png 250w, https:\/\/userblogs.fu-berlin.de\/spgspsop\/files\/2024\/02\/Screenshot-2024-02-26-at-1.00.48\u202fPM-550x213.png 550w, https:\/\/userblogs.fu-berlin.de\/spgspsop\/files\/2024\/02\/Screenshot-2024-02-26-at-1.00.48\u202fPM-800x310.png 800w, https:\/\/userblogs.fu-berlin.de\/spgspsop\/files\/2024\/02\/Screenshot-2024-02-26-at-1.00.48\u202fPM-465x180.png 465w, https:\/\/userblogs.fu-berlin.de\/spgspsop\/files\/2024\/02\/Screenshot-2024-02-26-at-1.00.48\u202fPM-775x300.png 775w, https:\/\/userblogs.fu-berlin.de\/spgspsop\/files\/2024\/02\/Screenshot-2024-02-26-at-1.00.48\u202fPM-1291x500.png 1291w, https:\/\/userblogs.fu-berlin.de\/spgspsop\/files\/2024\/02\/Screenshot-2024-02-26-at-1.00.48\u202fPM.png 1844w\" sizes=\"auto, (max-width: 709px) 85vw, (max-width: 909px) 67vw, (max-width: 1362px) 62vw, 840px\" \/><\/figure>\n\n\n\n<p class=\"has-white-color has-text-color\">.<\/p>\n<\/div><\/div>\n\n\n\n<div class=\"wp-block-media-text alignwide is-stacked-on-mobile\" style=\"grid-template-columns:15% auto\"><figure class=\"wp-block-media-text__media\"><img loading=\"lazy\" decoding=\"async\" width=\"96\" height=\"96\" src=\"https:\/\/userblogs.fu-berlin.de\/spgspsop\/files\/2022\/07\/Picture-1-2.jpg\" alt=\"\" class=\"wp-image-749 size-full\" \/><\/figure><div class=\"wp-block-media-text__content\">\n<p class=\"has-large-font-size\"><strong>Anmeldung<\/strong><\/p>\n\n\n\n<p>Alle Informationen, die du f\u00fcr die Zulassung deiner Bachelorarbeit haben solltest, findest du auf <a href=\"https:\/\/userblogs.fu-berlin.de\/spgspsop\/files\/2023\/10\/%C2%A7-10-der-Studien-und-Pru%CC%88fungsordnung-fu%CC%88r-den-Bachelorstudiengang-Sonderpa%CC%88dagogik-.pdf\" data-type=\"URL\" data-id=\"https:\/\/userblogs.fu-berlin.de\/spgspsop\/files\/2023\/10\/%C2%A7-10-der-Studien-und-Pru%CC%88fungsordnung-fu%CC%88r-den-Bachelorstudiengang-Sonderpa%CC%88dagogik-.pdf\" target=\"_blank\" rel=\"noreferrer noopener\">diesem Merkblatt<\/a>. <\/p>\n\n\n\n<p>Gerne kannst du alle Vorgaben und Informationen auch selbst in der&nbsp;<a href=\"https:\/\/www.ewi-psy.fu-berlin.de\/verwaltung-service\/studienangelegenheiten\/pruefungsbuero\/bachelor_sop\/media_bachelor_sop\/Studien--und-Pruefungsordnung-BA-Sonderpaedagogik-WiSe-2023-24-22_09_2023.pdf\" data-type=\"URL\" data-id=\"https:\/\/www.ewi-psy.fu-berlin.de\/verwaltung-service\/studienangelegenheiten\/pruefungsbuero\/bachelor_sop\/media_bachelor_sop\/Studien--und-Pruefungsordnung-BA-Sonderpaedagogik-WiSe-2023-24-22_09_2023.pdf\" target=\"_blank\" rel=\"noreferrer noopener\">aktuellen&nbsp;Studien- und Pr\u00fcfungsordnung<\/a>&nbsp;nachlesen.<\/p>\n\n\n\n<p>Den Antrag auf Zulassung zur Bachelorarbeit Sonderp\u00e4dagogik kannst du <a href=\"https:\/\/www.ewi-psy.fu-berlin.de\/verwaltung-service\/studienangelegenheiten\/pruefungsbuero\/bachelor_sop\/Antraege\/index.html\" data-type=\"URL\" data-id=\"https:\/\/www.ewi-psy.fu-berlin.de\/verwaltung-service\/studienangelegenheiten\/pruefungsbuero\/bachelor_sop\/Antraege\/index.html\" target=\"_blank\" rel=\"noreferrer noopener\">hier<\/a> direkt herunterladen und ausf\u00fcllen.<\/p>\n\n\n\n<p>F\u00fcr weitere Informationen und Formulare geht es <a href=\"https:\/\/www.ewi-psy.fu-berlin.de\/verwaltung-service\/studienangelegenheiten\/pruefungsbuero\/bachelor_sop\/Antraege\/index.html\" data-type=\"URL\" data-id=\"https:\/\/www.ewi-psy.fu-berlin.de\/verwaltung-service\/studienangelegenheiten\/pruefungsbuero\/bachelor_sop\/Antraege\/index.html\" target=\"_blank\" rel=\"noreferrer noopener\">hier<\/a> zum Pr\u00fcfungsb\u00fcro Bachelor Sonderp\u00e4dagogik.<\/p>\n\n\n\n<p class=\"has-white-color has-text-color\">.<\/p>\n<\/div><\/div>\n\n\n\n<div class=\"wp-block-media-text alignwide is-stacked-on-mobile\" style=\"grid-template-columns:15% auto\"><figure class=\"wp-block-media-text__media\"><img loading=\"lazy\" decoding=\"async\" width=\"96\" height=\"96\" src=\"https:\/\/userblogs.fu-berlin.de\/spgspsop\/files\/2022\/07\/Picture-3.jpg\" alt=\"\" class=\"wp-image-752 size-full\" \/><\/figure><div class=\"wp-block-media-text__content\">\n<p class=\"has-large-font-size\"><strong>Rechtliches: Studien-&nbsp;und Pr\u00fcfungsordnung<\/strong><\/p>\n\n\n\n<p><a href=\"https:\/\/userblogs.fu-berlin.de\/spgspsop\/files\/2023\/10\/\u00a7-10-der-Studien-und-Pru\u0308fungsordnung-fu\u0308r-den-Bachelorstudiengang-Sonderpa\u0308dagogik-.pdf\" data-type=\"URL\" data-id=\"https:\/\/userblogs.fu-berlin.de\/spgspsop\/files\/2023\/10\/\u00a7-10-der-Studien-und-Pru\u0308fungsordnung-fu\u0308r-den-Bachelorstudiengang-Sonderpa\u0308dagogik-.pdf\" target=\"_blank\" rel=\"noreferrer noopener\">Hier<\/a> kannst du die verbindlichen Informationen zu deiner Bachelorarbeit&nbsp;finden.<\/p>\n\n\n\n<p>Gerne kannst du alle Vorgaben und Informationen auch selbst in der&nbsp;<a href=\"https:\/\/www.ewi-psy.fu-berlin.de\/verwaltung-service\/studienangelegenheiten\/pruefungsbuero\/bachelor_sop\/media_bachelor_sop\/Studien--und-Pruefungsordnung-BA-Sonderpaedagogik-WiSe-2023-24-22_09_2023.pdf\" data-type=\"URL\" data-id=\"https:\/\/www.ewi-psy.fu-berlin.de\/verwaltung-service\/studienangelegenheiten\/pruefungsbuero\/bachelor_sop\/media_bachelor_sop\/Studien--und-Pruefungsordnung-BA-Sonderpaedagogik-WiSe-2023-24-22_09_2023.pdf\" target=\"_blank\" rel=\"noreferrer noopener\">aktuellen&nbsp;Pr\u00fcfungsordnung<\/a>&nbsp;nachlesen.<\/p>\n\n\n\n<p class=\"has-white-color has-text-color\">.<\/p>\n<\/div><\/div>\n\n\n\n<div class=\"wp-block-media-text alignwide is-stacked-on-mobile\" style=\"grid-template-columns:15% auto\"><figure class=\"wp-block-media-text__media\"><img loading=\"lazy\" decoding=\"async\" width=\"96\" height=\"96\" src=\"https:\/\/userblogs.fu-berlin.de\/spgspsop\/files\/2022\/07\/Picture-4.jpg\" alt=\"\" class=\"wp-image-753 size-full\" \/><\/figure><div class=\"wp-block-media-text__content\">\n<p class=\"has-large-font-size\"><strong>Zeit- und Strukturplan<\/strong><\/p>\n\n\n\n<p><a rel=\"noreferrer noopener\" href=\"https:\/\/www.ewi-psy.fu-berlin.de\/sonderpaedagogik\/sonderpaed\/studium_lehre\/Bachelorarbeitneu\/ressourcen\/Exemplarischer-Ablaufplan_BA_20_06_23.pdf\" data-type=\"URL\" data-id=\"https:\/\/www.ewi-psy.fu-berlin.de\/sonderpaedagogik\/sonderpaed\/studium_lehre\/Bachelorarbeitneu\/ressourcen\/Exemplarischer-Ablaufplan_BA_20_06_23.pdf\" target=\"_blank\">Hier<\/a>\u00a0findest du einen exemplarischen\u00a0Zeitplan einer Bachelorarbeit. Diese Pl\u00e4ne k\u00f6nnen dir als Inspiration dienen. Denke aber daran, dass jeder Prozess individuell ist. Falls du Hilfe beim\u00a0Organisations- und zeitmanagement\u00a0brauchst, schau dir doch gerne die <a rel=\"noreferrer noopener\" href=\"https:\/\/userblogs.fu-berlin.de\/spgspsop\/workshops\/\" target=\"_blank\">Workshopangebote<\/a> an oder melde dich bei uns.\u00a0<\/p>\n<\/div><\/div>\n","protected":false},"excerpt":{"rendered":"<p>Anmeldung Alle Informationen, die du f\u00fcr die Zulassung deiner Bachelorarbeit haben solltest, findest du auf diesem Merkblatt. Gerne kannst du alle Vorgaben und Informationen auch selbst in der&nbsp;aktuellen&nbsp;Studien- und Pr\u00fcfungsordnung&nbsp;nachlesen. Den Antrag auf Zulassung zur Bachelorarbeit Sonderp\u00e4dagogik kannst du hier direkt herunterladen und ausf\u00fcllen. F\u00fcr weitere Informationen und Formulare geht es hier zum Pr\u00fcfungsb\u00fcro Bachelor &hellip; <a href=\"https:\/\/userblogs.fu-berlin.de\/spgspsop\/vorbereitung\/\" class=\"more-link\">Continue reading<span class=\"screen-reader-text\"> &#8220;Vorbereitung&#8221;<\/span><\/a><\/p>\n","protected":false},"author":6455,"featured_media":0,"parent":0,"menu_order":0,"comment_status":"closed","ping_status":"closed","template":"","meta":{"footnotes":""},"class_list":["post-106","page","type-page","status-publish","hentry"],"_links":{"self":[{"href":"https:\/\/userblogs.fu-berlin.de\/spgspsop\/wp-json\/wp\/v2\/pages\/106","targetHints":{"allow":["GET"]}}],"collection":[{"href":"https:\/\/userblogs.fu-berlin.de\/spgspsop\/wp-json\/wp\/v2\/pages"}],"about":[{"href":"https:\/\/userblogs.fu-berlin.de\/spgspsop\/wp-json\/wp\/v2\/types\/page"}],"author":[{"embeddable":true,"href":"https:\/\/userblogs.fu-berlin.de\/spgspsop\/wp-json\/wp\/v2\/users\/6455"}],"replies":[{"embeddable":true,"href":"https:\/\/userblogs.fu-berlin.de\/spgspsop\/wp-json\/wp\/v2\/comments?post=106"}],"version-history":[{"count":25,"href":"https:\/\/userblogs.fu-berlin.de\/spgspsop\/wp-json\/wp\/v2\/pages\/106\/revisions"}],"predecessor-version":[{"id":1013,"href":"https:\/\/userblogs.fu-berlin.de\/spgspsop\/wp-json\/wp\/v2\/pages\/106\/revisions\/1013"}],"wp:attachment":[{"href":"https:\/\/userblogs.fu-berlin.de\/spgspsop\/wp-json\/wp\/v2\/media?parent=106"}],"curies":[{"name":"wp","href":"https:\/\/api.w.org\/{rel}","templated":true}]}}