{"id":108,"date":"2022-01-27T18:08:29","date_gmt":"2022-01-27T17:08:29","guid":{"rendered":"https:\/\/userblogs.fu-berlin.de\/spgspsop\/?page_id=108"},"modified":"2023-10-25T16:06:37","modified_gmt":"2023-10-25T14:06:37","slug":"schreibphase","status":"publish","type":"page","link":"https:\/\/userblogs.fu-berlin.de\/spgspsop\/schreibphase\/","title":{"rendered":"Schreibphase"},"content":{"rendered":"\n<p class=\"has-light-gray-background-color has-background\">Einige Fachbereiche bieten <strong>Kolloquien f\u00fcr Abschlussarbeiten<\/strong> an. Diese werden von Dozierenden geleitet. Dadurch hast du die Chance fachspezifische Fragen zu deiner Bachelorarbeit zu stellen und Fachmeinungen einzuholen. Gleichzeitig ist so ein Kolloquium eine gute M\u00f6glichkeit sich mit den anderen Studierenden auszutauschen und sich gegenseitig zu inspirieren und motivieren.<br><br>Die einzelnen Kolloquien findest du im <a href=\"https:\/\/www.fu-berlin.de\/vv\/de\/fb?id=754328&amp;sm=754328\" data-type=\"URL\" data-id=\"https:\/\/www.fu-berlin.de\/vv\/de\/fb?id=754328&amp;sm=754328\" target=\"_blank\" rel=\"noreferrer noopener\">Vorlesungsverzeichnis<\/a> (Homepage -&gt; aktuelles Semester -&gt; dein Fachbereich -&gt; Kolloquien und sonstiges fakultatives Lehrangebot).<\/p>\n\n\n\n<p><\/p>\n\n\n\n<p><\/p>\n\n\n\n<div class=\"wp-block-media-text alignwide is-stacked-on-mobile\" style=\"grid-template-columns:15% auto\"><figure class=\"wp-block-media-text__media\"><img loading=\"lazy\" decoding=\"async\" width=\"96\" height=\"96\" src=\"https:\/\/userblogs.fu-berlin.de\/spgspsop\/files\/2022\/06\/Picture-5.jpg\" alt=\"\" class=\"wp-image-674 size-full\" \/><\/figure><div class=\"wp-block-media-text__content\">\n<p class=\"has-large-font-size\"><strong>Anforderungen und formale Gestaltung<\/strong><\/p>\n\n\n\n<p><a href=\"https:\/\/www.ewi-psy.fu-berlin.de\/einrichtungen\/arbeitsbereiche\/sonderpaed\/studium_lehre\/Bachelorarbeitneu\/index.html\" data-type=\"URL\" data-id=\"https:\/\/www.ewi-psy.fu-berlin.de\/einrichtungen\/arbeitsbereiche\/sonderpaed\/studium_lehre\/Bachelorarbeitneu\/index.html\" target=\"_blank\" rel=\"noreferrer noopener\">Hier<\/a> findest du alle formalen Richtlinien, die f\u00fcr deine Bachelorarbeit wichtig sind.<\/p>\n\n\n\n<ul class=\"wp-block-list\"><li><a href=\"https:\/\/www.ewi-psy.fu-berlin.de\/einrichtungen\/arbeitsbereiche\/sonderpaed\/studium_lehre\/Bachelorarbeitneu\/ressourcen\/WS21_22_Leitfaden_Literatur.pdf\" data-type=\"URL\" data-id=\"https:\/\/www.ewi-psy.fu-berlin.de\/einrichtungen\/arbeitsbereiche\/sonderpaed\/studium_lehre\/Bachelorarbeitneu\/ressourcen\/WS21_22_Leitfaden_Literatur.pdf\" target=\"_blank\" rel=\"noreferrer noopener\">Leitfaden f\u00fcr Literaturarbeiten<\/a><\/li><li><a href=\"https:\/\/www.ewi-psy.fu-berlin.de\/einrichtungen\/arbeitsbereiche\/sonderpaed\/studium_lehre\/Bachelorarbeitneu\/ressourcen\/WS21_22_Leitfaden_Empirie.pdf\" data-type=\"URL\" data-id=\"https:\/\/www.ewi-psy.fu-berlin.de\/einrichtungen\/arbeitsbereiche\/sonderpaed\/studium_lehre\/Bachelorarbeitneu\/ressourcen\/WS21_22_Leitfaden_Empirie.pdf\" target=\"_blank\" rel=\"noreferrer noopener\">Leitfaden f\u00fcr empirische Arbeiten<\/a><\/li><\/ul>\n\n\n\n<ul class=\"wp-block-list\"><li><a href=\"https:\/\/www.ewi-psy.fu-berlin.de\/einrichtungen\/arbeitsbereiche\/sonderpaed\/studium_lehre\/Bachelorarbeitneu\/ressourcen\/Beispielformatierung_Literatur_BA_MA.docx\" data-type=\"URL\" data-id=\"https:\/\/www.ewi-psy.fu-berlin.de\/einrichtungen\/arbeitsbereiche\/sonderpaed\/studium_lehre\/Bachelorarbeitneu\/ressourcen\/Beispielformatierung_Literatur_BA_MA.docx\" target=\"_blank\" rel=\"noreferrer noopener\">Beispielformatierung Literaturarbeiten<\/a><\/li><li><a href=\"https:\/\/www.ewi-psy.fu-berlin.de\/einrichtungen\/arbeitsbereiche\/sonderpaed\/studium_lehre\/Bachelorarbeitneu\/ressourcen\/Beispielformatierung_empArbeit_BA_MA.docx\" data-type=\"URL\" data-id=\"https:\/\/www.ewi-psy.fu-berlin.de\/einrichtungen\/arbeitsbereiche\/sonderpaed\/studium_lehre\/Bachelorarbeitneu\/ressourcen\/Beispielformatierung_empArbeit_BA_MA.docx\" target=\"_blank\" rel=\"noreferrer noopener\">Beispielformatierung empirische Arbeiten<\/a><\/li><\/ul>\n\n\n\n<ul class=\"wp-block-list\"><li><a href=\"https:\/\/www.ewi-psy.fu-berlin.de\/einrichtungen\/arbeitsbereiche\/sonderpaed\/studium_lehre\/Bachelorarbeitneu\/ressourcen\/bewertungstabelle_ba_ma_ese.pdf\" data-type=\"URL\" data-id=\"https:\/\/www.ewi-psy.fu-berlin.de\/einrichtungen\/arbeitsbereiche\/sonderpaed\/studium_lehre\/Bachelorarbeitneu\/ressourcen\/bewertungstabelle_ba_ma_ese.pdf\" target=\"_blank\" rel=\"noreferrer noopener\">Bewertungstabelle Emotionale und Soziale Entwicklung<\/a><\/li><li><a href=\"https:\/\/www.ewi-psy.fu-berlin.de\/einrichtungen\/arbeitsbereiche\/sonderpaed\/studium_lehre\/Bachelorarbeitneu\/ressourcen\/bewertungsraster_ba_ma_se.pdf\" data-type=\"URL\" data-id=\"https:\/\/www.ewi-psy.fu-berlin.de\/einrichtungen\/arbeitsbereiche\/sonderpaed\/studium_lehre\/Bachelorarbeitneu\/ressourcen\/bewertungsraster_ba_ma_se.pdf\" target=\"_blank\" rel=\"noreferrer noopener\">Bewertungstabelle Sprachliche Entwicklung<\/a><\/li><li><a href=\"https:\/\/www.ewi-psy.fu-berlin.de\/einrichtungen\/arbeitsbereiche\/sonderpaed\/studium_lehre\/Bachelorarbeitneu\/ressourcen\/themenvorschlaege_ba_edl_2022.pdf\" data-type=\"URL\" data-id=\"https:\/\/www.ewi-psy.fu-berlin.de\/einrichtungen\/arbeitsbereiche\/sonderpaed\/studium_lehre\/Bachelorarbeitneu\/ressourcen\/themenvorschlaege_ba_edl_2022.pdf\" target=\"_blank\" rel=\"noreferrer noopener\">Bewertungstabelle Entwicklung des Lernens<\/a><\/li><\/ul>\n\n\n\n<p>Weitere Informationen findest du auf der <a href=\"https:\/\/www.ewi-psy.fu-berlin.de\/einrichtungen\/arbeitsbereiche\/sonderpaed\/studium_lehre\/Bachelorarbeitneu\/index.html\" data-type=\"URL\" data-id=\"https:\/\/www.ewi-psy.fu-berlin.de\/einrichtungen\/arbeitsbereiche\/sonderpaed\/studium_lehre\/Bachelorarbeitneu\/index.html\" target=\"_blank\" rel=\"noreferrer noopener\">Website \u00fcber&nbsp;Bachelor- und Masterarbeiten&nbsp;des&nbsp;Arbeitsbereich Sonderp\u00e4dagogik<\/a> oder auf der Seite des <a rel=\"noreferrer noopener\" href=\"https:\/\/www.ewi-psy.fu-berlin.de\/einrichtungen\/serviceeinrichtungen\/pruefungsbuero\/bachelor_sop\/Antraege\/index.html\" target=\"_blank\">Pr\u00fcfungsb\u00fcros Bachelor Sonderp\u00e4dagogik<\/a>.<\/p>\n<\/div><\/div>\n\n\n\n<div class=\"wp-block-media-text alignwide is-stacked-on-mobile\" style=\"grid-template-columns:15% auto\"><figure class=\"wp-block-media-text__media\"><img loading=\"lazy\" decoding=\"async\" width=\"96\" height=\"96\" src=\"https:\/\/userblogs.fu-berlin.de\/spgspsop\/files\/2022\/06\/Picture-2.jpg\" alt=\"\" class=\"wp-image-672 size-full\" \/><\/figure><div class=\"wp-block-media-text__content\">\n<p><\/p>\n\n\n\n<p><\/p>\n\n\n\n<p class=\"has-large-font-size\"><strong>Datenbanken zur Literatursuche<\/strong><\/p>\n\n\n\n<p><a rel=\"noreferrer noopener\" href=\"https:\/\/dbis.ur.de\/fachliste.php?lett=l&amp;bib_id=fub&amp;colors=31&amp;ocolors=40\" target=\"_blank\">Hier<\/a>&nbsp;gelangst du zu den Datenbanken, in welcher du Literatur f\u00fcr deine Bachelorarbeit finden kannst.<\/p>\n\n\n\n<p>Wenn du Hilfe bei der <a href=\"https:\/\/userblogs.fu-berlin.de\/spgspsop\/literaturrecherche\/\" target=\"_blank\" rel=\"noreferrer noopener\">Literaturrecherche und -verwaltung<\/a> hast, informiere dich gerne auf unserem Blog.<\/p>\n<\/div><\/div>\n","protected":false},"excerpt":{"rendered":"<p>Einige Fachbereiche bieten Kolloquien f\u00fcr Abschlussarbeiten an. Diese werden von Dozierenden geleitet. Dadurch hast du die Chance fachspezifische Fragen zu deiner Bachelorarbeit zu stellen und Fachmeinungen einzuholen. Gleichzeitig ist so ein Kolloquium eine gute M\u00f6glichkeit sich mit den anderen Studierenden auszutauschen und sich gegenseitig zu inspirieren und motivieren. Die einzelnen Kolloquien findest du im Vorlesungsverzeichnis &hellip; <a href=\"https:\/\/userblogs.fu-berlin.de\/spgspsop\/schreibphase\/\" class=\"more-link\">Continue reading<span class=\"screen-reader-text\"> &#8220;Schreibphase&#8221;<\/span><\/a><\/p>\n","protected":false},"author":6455,"featured_media":0,"parent":0,"menu_order":0,"comment_status":"closed","ping_status":"closed","template":"","meta":{"footnotes":""},"class_list":["post-108","page","type-page","status-publish","hentry"],"_links":{"self":[{"href":"https:\/\/userblogs.fu-berlin.de\/spgspsop\/wp-json\/wp\/v2\/pages\/108","targetHints":{"allow":["GET"]}}],"collection":[{"href":"https:\/\/userblogs.fu-berlin.de\/spgspsop\/wp-json\/wp\/v2\/pages"}],"about":[{"href":"https:\/\/userblogs.fu-berlin.de\/spgspsop\/wp-json\/wp\/v2\/types\/page"}],"author":[{"embeddable":true,"href":"https:\/\/userblogs.fu-berlin.de\/spgspsop\/wp-json\/wp\/v2\/users\/6455"}],"replies":[{"embeddable":true,"href":"https:\/\/userblogs.fu-berlin.de\/spgspsop\/wp-json\/wp\/v2\/comments?post=108"}],"version-history":[{"count":12,"href":"https:\/\/userblogs.fu-berlin.de\/spgspsop\/wp-json\/wp\/v2\/pages\/108\/revisions"}],"predecessor-version":[{"id":947,"href":"https:\/\/userblogs.fu-berlin.de\/spgspsop\/wp-json\/wp\/v2\/pages\/108\/revisions\/947"}],"wp:attachment":[{"href":"https:\/\/userblogs.fu-berlin.de\/spgspsop\/wp-json\/wp\/v2\/media?parent=108"}],"curies":[{"name":"wp","href":"https:\/\/api.w.org\/{rel}","templated":true}]}}