{"id":146,"date":"2022-01-27T20:42:59","date_gmt":"2022-01-27T19:42:59","guid":{"rendered":"https:\/\/userblogs.fu-berlin.de\/spgspsop\/?page_id=146"},"modified":"2023-10-25T09:52:26","modified_gmt":"2023-10-25T07:52:26","slug":"beratungsstellen","status":"publish","type":"page","link":"https:\/\/userblogs.fu-berlin.de\/spgspsop\/beratungsstellen\/","title":{"rendered":"Beratungsstellen"},"content":{"rendered":"\n<div class=\"wp-block-media-text alignwide has-media-on-the-right is-stacked-on-mobile\" style=\"grid-template-columns:auto 36%\"><figure class=\"wp-block-media-text__media\"><img loading=\"lazy\" decoding=\"async\" width=\"796\" height=\"404\" src=\"https:\/\/userblogs.fu-berlin.de\/spgspsop\/files\/2022\/03\/Screenshot-2022-03-04-at-11.19.32-AM.png\" alt=\"\" class=\"wp-image-415 size-full\" srcset=\"https:\/\/userblogs.fu-berlin.de\/spgspsop\/files\/2022\/03\/Screenshot-2022-03-04-at-11.19.32-AM.png 796w, https:\/\/userblogs.fu-berlin.de\/spgspsop\/files\/2022\/03\/Screenshot-2022-03-04-at-11.19.32-AM-300x152.png 300w, https:\/\/userblogs.fu-berlin.de\/spgspsop\/files\/2022\/03\/Screenshot-2022-03-04-at-11.19.32-AM-768x390.png 768w\" sizes=\"auto, (max-width: 796px) 85vw, 796px\" \/><\/figure><div class=\"wp-block-media-text__content\">\n<p>Der <a href=\"https:\/\/www.fu-berlin.de\/sites\/healthy-campus\/beratungswegweiser3\/index.html\" target=\"_blank\" rel=\"noreferrer noopener\">Beratungswegweiser<\/a> der FU bietet eine \u00dcbersicht \u00fcber die verschiedensten Hilfestellungen zur Studienorganisation sowie Beratungsangebote, die dich bei pers\u00f6nlichen Fragen zu den Themen Gesundheit, Familie, Finanzen, Behinderung und mehr unterst\u00fctzen.<\/p>\n<\/div><\/div>\n\n\n\n<div class=\"wp-block-columns is-layout-flex wp-container-core-columns-is-layout-9d6595d7 wp-block-columns-is-layout-flex\">\n<div class=\"wp-block-column is-layout-flow wp-block-column-is-layout-flow\"><\/div>\n\n\n\n<div class=\"wp-block-column is-layout-flow wp-block-column-is-layout-flow\"><\/div>\n<\/div>\n\n\n\n<div class=\"wp-block-columns is-layout-flex wp-container-core-columns-is-layout-9d6595d7 wp-block-columns-is-layout-flex\">\n<div class=\"wp-block-column is-layout-flow wp-block-column-is-layout-flow\">\n<p class=\"has-text-align-center has-white-color has-text-color has-background has-medium-font-size\" style=\"background-color:#00305f\"><strong>Studentische Studienberatung <\/strong><\/p>\n\n\n\n<p class=\"has-light-gray-background-color has-background\">In der Studienberatung finden Sie Hilfe bei organisatorischen und inhaltlichen Fragen rund um das Studium<\/p>\n\n\n\n<p class=\"has-text-align-center has-white-color has-text-color has-background has-medium-font-size\" style=\"background-color:#00305f\"><strong>Studentische Pr\u00fcfungsberatung <\/strong><\/p>\n\n\n\n<p class=\"has-light-gray-background-color has-background\">In der Pr\u00fcfungsberatung findest Du Hilfe bei der Studienbew\u00e4ltigung im Semester sowie bei Pr\u00fcfungen, insbesondere Haus- und Bachelorarbeiten.<\/p>\n\n\n\n<p class=\"has-text-align-center has-white-color has-text-color has-background has-medium-font-size\" style=\"background-color:#00305f\"><strong>Psychologische Beratung <\/strong><\/p>\n\n\n\n<p class=\"has-light-gray-background-color has-background\">bei Motivations-, Orientierungs- und Entscheidungsprobleme, Pr\u00fcfungs- und Rede\u00e4ngste, Schreibblockaden, Lernprobleme und Prokrastination, Stress, \u00dcberforderung, Depression, Therapiewunsch und Therapieplatzsuche<\/p>\n\n\n\n<p class=\"has-text-align-center has-white-color has-text-color has-background has-medium-font-size\" style=\"background-color:#00305f\"><strong>Schreibberatung <\/strong><\/p>\n\n\n\n<p class=\"has-light-gray-background-color has-background\">bietet individuelle Schreibberatung, Textfeedback, Lernmaterialien, Online-Schreibzeiten und Workshops, Online-Schreibgruppen<\/p>\n<\/div>\n\n\n\n<div class=\"wp-block-column is-layout-flow wp-block-column-is-layout-flow\">\n<p class=\"has-white-color has-white-background-color has-text-color has-background has-medium-font-size\"><strong>Studentische Studienberatung<\/strong><\/p>\n\n\n\n<p><\/p>\n\n\n\n<p><a rel=\"noreferrer noopener\" href=\"https:\/\/www.ewi-psy.fu-berlin.de\/verwaltung-service\/studienangelegenheiten\/pruefungsbuero\/bachelor_grundschulpaed\/grundschulpaedagogik\/studienberatung_gsp\/index.html\" data-type=\"URL\" data-id=\"https:\/\/www.ewi-psy.fu-berlin.de\/verwaltung-service\/studienangelegenheiten\/pruefungsbuero\/bachelor_grundschulpaed\/grundschulpaedagogik\/studienberatung_gsp\/index.html\" target=\"_blank\">Grundschulp\u00e4dagogik<\/a><\/p>\n\n\n\n<p><a rel=\"noreferrer noopener\" href=\"https:\/\/www.ewi-psy.fu-berlin.de\/verwaltung-service\/studienangelegenheiten\/pruefungsbuero\/bachelor_grundschulpaed\/sonderpaedagogik\/studienberatung_sop\/index.html\" data-type=\"URL\" data-id=\"https:\/\/www.ewi-psy.fu-berlin.de\/verwaltung-service\/studienangelegenheiten\/pruefungsbuero\/bachelor_grundschulpaed\/sonderpaedagogik\/studienberatung_sop\/index.html\" target=\"_blank\">Sonderp\u00e4dagogik<\/a><\/p>\n\n\n\n<p><\/p>\n\n\n\n<p class=\"has-white-color has-white-background-color has-text-color has-background\"><strong>Studentische StudienberatungSt<strong>Studentische<\/strong>StudentischeudentischeStudentische<\/strong><\/p>\n\n\n\n<p><a rel=\"noreferrer noopener\" href=\"https:\/\/www.ewi-psy.fu-berlin.de\/verwaltung-service\/studienangelegenheiten\/pruefungsbuero\/bachelor_grundschulpaed\/grundschulpaedagogik\/pruefungsberatung_gsp\/index.html\" data-type=\"URL\" data-id=\"https:\/\/www.ewi-psy.fu-berlin.de\/verwaltung-service\/studienangelegenheiten\/pruefungsbuero\/bachelor_grundschulpaed\/grundschulpaedagogik\/pruefungsberatung_gsp\/index.html\" target=\"_blank\">Grundschulp\u00e4dagogik<\/a><\/p>\n\n\n\n<p><a rel=\"noreferrer noopener\" href=\"https:\/\/www.ewi-psy.fu-berlin.de\/verwaltung-service\/studienangelegenheiten\/pruefungsbuero\/bachelor_grundschulpaed\/sonderpaedagogik\/pruefungsberatung_sop\/index.html\" target=\"_blank\">Sonderp\u00e4dagogik<\/a><\/p>\n\n\n\n<p class=\"has-white-color has-white-background-color has-text-color has-background\" style=\"font-size:24px\"><strong>Studentische StudienberatungSt<strong>Studentische<\/strong>StudentischeudentischeStudentische<\/strong><\/p>\n\n\n\n<p><a rel=\"noreferrer noopener\" href=\"https:\/\/www.fu-berlin.de\/sites\/mentalwellbeing\/Support_Points\/support_points\/index.html#faq_EwiPsy#faq_EwiPsy\" data-type=\"URL\" data-id=\"https:\/\/www.fu-berlin.de\/sites\/mentalwellbeing\/Support_Points\/support_points\/index.html#faq_EwiPsy#faq_EwiPsy\" target=\"_blank\">support.point EwiPsy<\/a><\/p>\n\n\n\n<p><a rel=\"noreferrer noopener\" href=\"https:\/\/www.fu-berlin.de\/sites\/studienberatung\/psychologische_beratung\/ueberuns\/index.html\" target=\"_blank\">Psychologische <\/a><a rel=\"noreferrer noopener\" href=\"https:\/\/www.fu-berlin.de\/sites\/studienberatung\/psychologische_beratung\/index.html\" target=\"_blank\">Beratung<\/a><a rel=\"noreferrer noopener\" href=\"https:\/\/www.fu-berlin.de\/sites\/studienberatung\/psychologische_beratung\/ueberuns\/index.html\" target=\"_blank\"> der FU<\/a><\/p>\n\n\n\n<p><a rel=\"noreferrer noopener\" href=\"https:\/\/www.stw.berlin\/beratung\/psychologische-beratung\/\" target=\"_blank\">studierendenWERK Berlin<\/a><\/p>\n\n\n\n<p class=\"has-white-color has-white-background-color has-text-color has-background has-large-font-size\"><strong>Studentische Studieische<\/strong><\/p>\n\n\n\n<p><a rel=\"noreferrer noopener\" href=\"https:\/\/www.stw.berlin\/beratung\/schreibberatung\/\" data-type=\"URL\" data-id=\"https:\/\/www.stw.berlin\/beratung\/schreibberatung\/\" target=\"_blank\">studierendenWERK Berlin<\/a><\/p>\n<\/div>\n<\/div>\n\n\n\n<p><\/p>\n","protected":false},"excerpt":{"rendered":"<p>Der Beratungswegweiser der FU bietet eine \u00dcbersicht \u00fcber die verschiedensten Hilfestellungen zur Studienorganisation sowie Beratungsangebote, die dich bei pers\u00f6nlichen Fragen zu den Themen Gesundheit, Familie, Finanzen, Behinderung und mehr unterst\u00fctzen. Studentische Studienberatung In der Studienberatung finden Sie Hilfe bei organisatorischen und inhaltlichen Fragen rund um das Studium Studentische Pr\u00fcfungsberatung In der Pr\u00fcfungsberatung findest Du Hilfe &hellip; <a href=\"https:\/\/userblogs.fu-berlin.de\/spgspsop\/beratungsstellen\/\" class=\"more-link\">Continue reading<span class=\"screen-reader-text\"> &#8220;Beratungsstellen&#8221;<\/span><\/a><\/p>\n","protected":false},"author":6455,"featured_media":0,"parent":0,"menu_order":0,"comment_status":"closed","ping_status":"closed","template":"","meta":{"footnotes":""},"class_list":["post-146","page","type-page","status-publish","hentry"],"_links":{"self":[{"href":"https:\/\/userblogs.fu-berlin.de\/spgspsop\/wp-json\/wp\/v2\/pages\/146","targetHints":{"allow":["GET"]}}],"collection":[{"href":"https:\/\/userblogs.fu-berlin.de\/spgspsop\/wp-json\/wp\/v2\/pages"}],"about":[{"href":"https:\/\/userblogs.fu-berlin.de\/spgspsop\/wp-json\/wp\/v2\/types\/page"}],"author":[{"embeddable":true,"href":"https:\/\/userblogs.fu-berlin.de\/spgspsop\/wp-json\/wp\/v2\/users\/6455"}],"replies":[{"embeddable":true,"href":"https:\/\/userblogs.fu-berlin.de\/spgspsop\/wp-json\/wp\/v2\/comments?post=146"}],"version-history":[{"count":41,"href":"https:\/\/userblogs.fu-berlin.de\/spgspsop\/wp-json\/wp\/v2\/pages\/146\/revisions"}],"predecessor-version":[{"id":414,"href":"https:\/\/userblogs.fu-berlin.de\/spgspsop\/wp-json\/wp\/v2\/pages\/146\/revisions\/414"}],"wp:attachment":[{"href":"https:\/\/userblogs.fu-berlin.de\/spgspsop\/wp-json\/wp\/v2\/media?parent=146"}],"curies":[{"name":"wp","href":"https:\/\/api.w.org\/{rel}","templated":true}]}}