{"id":2,"date":"2021-11-02T15:13:22","date_gmt":"2021-11-02T14:13:22","guid":{"rendered":""},"modified":"2023-10-24T15:10:37","modified_gmt":"2023-10-24T13:10:37","slug":"impressum","status":"publish","type":"page","link":"https:\/\/userblogs.fu-berlin.de\/spgspsop\/impressum\/","title":{"rendered":"\u00dcber uns"},"content":{"rendered":"\n<div class=\"wp-block-media-text alignwide is-stacked-on-mobile\" style=\"grid-template-columns:32% auto\"><figure class=\"wp-block-media-text__media\"><img loading=\"lazy\" decoding=\"async\" width=\"500\" height=\"500\" src=\"https:\/\/userblogs.fu-berlin.de\/spgspsop\/files\/2022\/06\/IMG_8471.png\" alt=\"\" class=\"wp-image-665 size-full\" srcset=\"https:\/\/userblogs.fu-berlin.de\/spgspsop\/files\/2022\/06\/IMG_8471.png 500w, https:\/\/userblogs.fu-berlin.de\/spgspsop\/files\/2022\/06\/IMG_8471-300x300.png 300w, https:\/\/userblogs.fu-berlin.de\/spgspsop\/files\/2022\/06\/IMG_8471-150x150.png 150w\" sizes=\"auto, (max-width: 500px) 85vw, 500px\" \/><\/figure><div class=\"wp-block-media-text__content\">\n<p><strong>Jascha Katjana Richter<\/strong><br>Ich studiere zurzeit im Bachelorstudiengang Sonderp\u00e4dagogik und Deutsche Philologie mit Lehramtsoption f\u00fcr ISS\/GYM. Davor habe ich bereits 5 Semester Grundschulp\u00e4dagogik mit der F\u00e4cherkombination Sonderp\u00e4dagogik, Deutsch und Sachunterricht in Verbindung mit Gesellschaftswissenschaften studiert. Jetzt arbeite ich als studentische Mitarbeiterin im Studienb\u00fcro Grundschulp\u00e4dagogik in der studentischen Pr\u00fcfungsberatung.&nbsp; <\/p>\n\n\n\n<p class=\"has-dark-gray-color has-light-gray-background-color has-text-color has-background\">Mein pers\u00f6nlicher Tipp f\u00fcr das Schreiben von Hausarbeiten ist die rechtzeitige Planung des Schreibprozesses und die Auswahl eines Themas, dass dich selbst bewegt und interessiert.<\/p>\n<\/div><\/div>\n\n\n\n<div class=\"wp-block-media-text alignwide is-stacked-on-mobile\" style=\"grid-template-columns:32% auto\"><figure class=\"wp-block-media-text__media\"><img loading=\"lazy\" decoding=\"async\" width=\"500\" height=\"500\" src=\"https:\/\/userblogs.fu-berlin.de\/spgspsop\/files\/2022\/06\/IMG_8470.png\" alt=\"\" class=\"wp-image-666 size-full\" srcset=\"https:\/\/userblogs.fu-berlin.de\/spgspsop\/files\/2022\/06\/IMG_8470.png 500w, https:\/\/userblogs.fu-berlin.de\/spgspsop\/files\/2022\/06\/IMG_8470-300x300.png 300w, https:\/\/userblogs.fu-berlin.de\/spgspsop\/files\/2022\/06\/IMG_8470-150x150.png 150w\" sizes=\"auto, (max-width: 500px) 85vw, 500px\" \/><\/figure><div class=\"wp-block-media-text__content\">\n<p><strong>Laura Seibt<\/strong><br>Ich studiere zur Zeit den Bachelorstudiengang Sonderp\u00e4dagogik und Englische Philologie mit Lehramtsoption (ISS\/GYM). Neben meinem Studium arbeite ich als studentische Mitarbeiterin in der studentischen Pr\u00fcfungsberatung GSP &amp; SOP. Dar\u00fcber hinaus bin ich auch als Mentorin an der Freien Universit\u00e4t Berlin im Bereich Sonderp\u00e4dagogik t\u00e4tig.<\/p>\n\n\n\n<p class=\"has-light-gray-background-color has-background\">Mein pers\u00f6nlicher Tipp f\u00fcr das Schreiben von Hausarbeiten ist viel Kraft in die Literaturrechersche\/-auswertung zu investieren und mit Checklisten den Arbeitsprozess zu begleiten.<\/p>\n<\/div><\/div>\n","protected":false},"excerpt":{"rendered":"<p>Jascha Katjana RichterIch studiere zurzeit im Bachelorstudiengang Sonderp\u00e4dagogik und Deutsche Philologie mit Lehramtsoption f\u00fcr ISS\/GYM. Davor habe ich bereits 5 Semester Grundschulp\u00e4dagogik mit der F\u00e4cherkombination Sonderp\u00e4dagogik, Deutsch und Sachunterricht in Verbindung mit Gesellschaftswissenschaften studiert. Jetzt arbeite ich als studentische Mitarbeiterin im Studienb\u00fcro Grundschulp\u00e4dagogik in der studentischen Pr\u00fcfungsberatung.&nbsp; Mein pers\u00f6nlicher Tipp f\u00fcr das Schreiben von Hausarbeiten &hellip; <a href=\"https:\/\/userblogs.fu-berlin.de\/spgspsop\/impressum\/\" class=\"more-link\">Continue reading<span class=\"screen-reader-text\"> &#8220;\u00dcber uns&#8221;<\/span><\/a><\/p>\n","protected":false},"author":6455,"featured_media":0,"parent":0,"menu_order":0,"comment_status":"closed","ping_status":"open","template":"","meta":{"footnotes":""},"class_list":["post-2","page","type-page","status-publish","hentry"],"_links":{"self":[{"href":"https:\/\/userblogs.fu-berlin.de\/spgspsop\/wp-json\/wp\/v2\/pages\/2","targetHints":{"allow":["GET"]}}],"collection":[{"href":"https:\/\/userblogs.fu-berlin.de\/spgspsop\/wp-json\/wp\/v2\/pages"}],"about":[{"href":"https:\/\/userblogs.fu-berlin.de\/spgspsop\/wp-json\/wp\/v2\/types\/page"}],"author":[{"embeddable":true,"href":"https:\/\/userblogs.fu-berlin.de\/spgspsop\/wp-json\/wp\/v2\/users\/6455"}],"replies":[{"embeddable":true,"href":"https:\/\/userblogs.fu-berlin.de\/spgspsop\/wp-json\/wp\/v2\/comments?post=2"}],"version-history":[{"count":6,"href":"https:\/\/userblogs.fu-berlin.de\/spgspsop\/wp-json\/wp\/v2\/pages\/2\/revisions"}],"predecessor-version":[{"id":912,"href":"https:\/\/userblogs.fu-berlin.de\/spgspsop\/wp-json\/wp\/v2\/pages\/2\/revisions\/912"}],"wp:attachment":[{"href":"https:\/\/userblogs.fu-berlin.de\/spgspsop\/wp-json\/wp\/v2\/media?parent=2"}],"curies":[{"name":"wp","href":"https:\/\/api.w.org\/{rel}","templated":true}]}}