{"id":231,"date":"2022-02-01T16:10:46","date_gmt":"2022-02-01T15:10:46","guid":{"rendered":"https:\/\/userblogs.fu-berlin.de\/spgspsop\/?page_id=231"},"modified":"2022-07-16T15:43:26","modified_gmt":"2022-07-16T13:43:26","slug":"fertigstellung-korrekturlesen","status":"publish","type":"page","link":"https:\/\/userblogs.fu-berlin.de\/spgspsop\/fertigstellung-korrekturlesen\/","title":{"rendered":"Fertigstellung &amp; Korrekturlesen"},"content":{"rendered":"\n<div class=\"wp-block-media-text alignwide is-stacked-on-mobile is-vertically-aligned-center\" style=\"grid-template-columns:15% auto\"><figure class=\"wp-block-media-text__media\"><img loading=\"lazy\" decoding=\"async\" width=\"96\" height=\"96\" src=\"https:\/\/userblogs.fu-berlin.de\/spgspsop\/files\/2022\/06\/Picture-1-1.jpg\" alt=\"\" class=\"wp-image-675 size-full\" \/><\/figure><div class=\"wp-block-media-text__content\">\n<p>Die Korrektur deiner Hausarbeit ist der letzte Schritt deines Arbeitsprozesses. Dabei solltest du dich insbesondere auf die Korrektur des Inhalts, die \u00dcberpr\u00fcfung der sprachlichen Korrektheit sowie die Ber\u00fccksichtigung der formalen Anforderungen fokussieren. Es kann zudem helfen, die Arbeit von einem\/einer Freund*in lesen zu lassen, um \u00fcberpr\u00fcfen zu lassen, ob die Arbeit schl\u00fcssig aufgebaut ist.<\/p>\n<\/div><\/div>\n\n\n\n<p>Wir haben einige Fragen formuliert, die du w\u00e4hrend der Korrektur ber\u00fccksichtigen kannst. Bitte denk daran, dass diese Fragen lediglich ein Anhaltspunkt sind und keine Garantie f\u00fcr eine fehlerfreie Hausarbeit sein k\u00f6nnen.<\/p>\n\n\n\n<p class=\"has-light-gray-background-color has-background\"><strong>Inhaltlich<\/strong><\/p>\n\n\n<ul>\n<li style=\"list-style-type: none\">\n<ul id=\"block-c2bf6400-d60b-40bf-972d-9cad8ab0c097\" class=\"block-editor-rich-text__editable block-editor-block-list__block wp-block is-selected wp-block-list rich-text\" role=\"document\" aria-label=\"Block: Liste\" data-block=\"c2bf6400-d60b-40bf-972d-9cad8ab0c097\" data-type=\"core\/list\" data-title=\"Liste\">\n<li>Sind alle deine Kapitel vollst\u00e4ndig?<\/li>\n<li>Roter Faden- ist die Argumentationsstruktur und der Aufbau klar erkennbar?<\/li>\n<li>Ist alles, was in der Gliederung und in der Einleitung angek\u00fcndigt wird, drin?<\/li>\n<li>Sind deine Inhaltlichen Schwerpunkte gut miteinander verkn\u00fcpft?<\/li>\n<li>Hast du die Inhalte aus der Literatur wahrheitsgem\u00e4\u00df wiedergegeben? (z.B. Daten aus Studien richtig interpretiert)<\/li>\n<\/ul>\n<\/li>\n<\/ul>\n\n\n<p class=\"has-light-gray-background-color has-background\"><strong>Sprachliche Korrektur<\/strong><\/p>\n\n\n<ul>\n<li style=\"list-style-type: none\">\n<ul>\n<li>Verwendest du einen wissenschaftlichen Sprachstil? Also kurze, pr\u00e4gnante S\u00e4tze?<\/li>\n<li>Sind deine S\u00e4tze direkt beim ersten Lesen klar und verst\u00e4ndlich?<\/li>\n<li>Findest du noch lange unverst\u00e4ndliche Schachtels\u00e4tze, die schwer zu verstehen sind?<\/li>\n<li>Hast du Tipp- oder Fl\u00fcchtigkeitsfehler gemacht? Pr\u00fcfe auch auf zu viele Leerzeichen, fehlende Buchstaben und Gro\u00df- und Kleinschreibung.<\/li>\n<li>Wiederholen sich bestimmte Formulierungen zu h\u00e4ufig?<\/li>\n<li>Kontrolliere die Zeichensetzung!<\/li>\n<li>Achte auf die richtige Zeitform.<\/li>\n<\/ul>\n<\/li>\n<\/ul>\n\n\n<p class=\"has-light-gray-background-color has-background\"><strong>Formalia und Organisation<\/strong><\/p>\n\n\n<ul>\n<li style=\"list-style-type: none\">\n<ul>\n<li>Sind das Inhaltsverzeichnis, das Literaturverzeichnis und die Selbstst\u00e4ndigkeitserkl\u00e4rung vollst\u00e4ndig?<\/li>\n<li>Sind deine Quellenangaben vollst\u00e4ndig und einheitlich zitiert?<\/li>\n<li>H\u00e4ltst du dich durchg\u00e4ngig an die gegebenen formalen Vorgaben? (z.B. Schriftart, Blocksatz etc.)<\/li>\n<li>Bitte \u00fcberpr\u00fcfe hier auch nochmal die Angaben in dem Leifaden des Fachbereichs in dem du deine Hausarbeit schreibst. Manchmal kann es abweichende formale Anforderungen geben.<\/li>\n<\/ul>\n<\/li>\n<\/ul>\n\n\n<p class=\"has-dark-gray-color has-light-gray-background-color has-text-color has-background\"><strong>Tipps<\/strong><\/p>\n\n\n\n<div class=\"wp-block-media-text alignwide is-stacked-on-mobile\" style=\"grid-template-columns:15% auto\"><figure class=\"wp-block-media-text__media\"><img loading=\"lazy\" decoding=\"async\" width=\"96\" height=\"96\" src=\"https:\/\/userblogs.fu-berlin.de\/spgspsop\/files\/2022\/07\/Picture-1-3.jpg\" alt=\"\" class=\"wp-image-768 size-full\" \/><\/figure><div class=\"wp-block-media-text__content\">\n<ul>\n<li>Nutze die Vorlesefunktion deines Schreibprogramms, so fallen dir Fl\u00fcchtigkeitsfehler schnell auf.<\/li>\n<li>Lese die Arbeit einmal inhaltlich Korrektur und achte beim zweiten Mal lesen nur auf die sprachliche Richtigkeit.<\/li>\n<li>Drucke die Arbeit f\u00fcr die finale Korrektur aus- auf dem Bildschirm entgehen einem oftmals viele Fehler.<\/li>\n<li>Wenn du es zeitlich schaffst: lege die Arbeit f\u00fcr 1-2 Tage und lese sie nicht direkt nach Beenden des Schreibens. Mit einbisschen Abstand l\u00e4sst es sich leichter Korrekturlesen.<\/li>\n<li>WICHTIG: Finde einen guten Abschluss f\u00fcr deine Arbeit und gib sie mit einem guten Gef\u00fchl ab. Du kannst stolz auf dich sein und deine Arbeit.<\/li>\n<\/ul>\n<\/div><\/div>\n","protected":false},"excerpt":{"rendered":"<p>Die Korrektur deiner Hausarbeit ist der letzte Schritt deines Arbeitsprozesses. Dabei solltest du dich insbesondere auf die Korrektur des Inhalts, die \u00dcberpr\u00fcfung der sprachlichen Korrektheit sowie die Ber\u00fccksichtigung der formalen Anforderungen fokussieren. Es kann zudem helfen, die Arbeit von einem\/einer Freund*in lesen zu lassen, um \u00fcberpr\u00fcfen zu lassen, ob die Arbeit schl\u00fcssig aufgebaut ist. Wir &hellip; <a href=\"https:\/\/userblogs.fu-berlin.de\/spgspsop\/fertigstellung-korrekturlesen\/\" class=\"more-link\">Continue reading<span class=\"screen-reader-text\"> &#8220;Fertigstellung &amp; Korrekturlesen&#8221;<\/span><\/a><\/p>\n","protected":false},"author":6455,"featured_media":0,"parent":0,"menu_order":0,"comment_status":"closed","ping_status":"closed","template":"","meta":{"footnotes":""},"class_list":["post-231","page","type-page","status-publish","hentry"],"_links":{"self":[{"href":"https:\/\/userblogs.fu-berlin.de\/spgspsop\/wp-json\/wp\/v2\/pages\/231","targetHints":{"allow":["GET"]}}],"collection":[{"href":"https:\/\/userblogs.fu-berlin.de\/spgspsop\/wp-json\/wp\/v2\/pages"}],"about":[{"href":"https:\/\/userblogs.fu-berlin.de\/spgspsop\/wp-json\/wp\/v2\/types\/page"}],"author":[{"embeddable":true,"href":"https:\/\/userblogs.fu-berlin.de\/spgspsop\/wp-json\/wp\/v2\/users\/6455"}],"replies":[{"embeddable":true,"href":"https:\/\/userblogs.fu-berlin.de\/spgspsop\/wp-json\/wp\/v2\/comments?post=231"}],"version-history":[{"count":16,"href":"https:\/\/userblogs.fu-berlin.de\/spgspsop\/wp-json\/wp\/v2\/pages\/231\/revisions"}],"predecessor-version":[{"id":770,"href":"https:\/\/userblogs.fu-berlin.de\/spgspsop\/wp-json\/wp\/v2\/pages\/231\/revisions\/770"}],"wp:attachment":[{"href":"https:\/\/userblogs.fu-berlin.de\/spgspsop\/wp-json\/wp\/v2\/media?parent=231"}],"curies":[{"name":"wp","href":"https:\/\/api.w.org\/{rel}","templated":true}]}}