{"id":261,"date":"2022-02-13T20:36:59","date_gmt":"2022-02-13T19:36:59","guid":{"rendered":"https:\/\/userblogs.fu-berlin.de\/spgspsop\/?page_id=261"},"modified":"2024-05-03T13:32:09","modified_gmt":"2024-05-03T11:32:09","slug":"vorbereitung-gsp","status":"publish","type":"page","link":"https:\/\/userblogs.fu-berlin.de\/spgspsop\/vorbereitung-gsp\/","title":{"rendered":"Vorbereitung"},"content":{"rendered":"\n<div class=\"wp-block-media-text alignwide is-stacked-on-mobile\" style=\"grid-template-columns:15% auto\"><figure class=\"wp-block-media-text__media\"><img loading=\"lazy\" decoding=\"async\" width=\"96\" height=\"96\" src=\"https:\/\/userblogs.fu-berlin.de\/spgspsop\/files\/2022\/07\/Picture-2-1.jpg\" alt=\"\" class=\"wp-image-750 size-full\" \/><\/figure><div class=\"wp-block-media-text__content\">\n<p class=\"has-large-font-size\"><strong>Betreuung<\/strong><\/p>\n\n\n\n<p>Im folgenden findest du die <em>Listen der Pr\u00fcfungsberechtigten<\/em> f\u00fcr Abschlussarbeiten im Bachelorstudiengang Grundschulp\u00e4dagogik<\/p>\n\n\n\n<ul class=\"wp-block-list\"><li><a rel=\"noreferrer noopener\" href=\"https:\/\/www.fu-berlin.de\/sites\/dse\/studium\/abschlussarbeiten\/bachelorarbeit\/Pruefungsberechtigte_2021-10-27.pdf\" target=\"_blank\">ohne Sonderp\u00e4dagogik<\/a><\/li><li><a rel=\"noreferrer noopener\" href=\"https:\/\/www.fu-berlin.de\/sites\/dse\/studium\/abschlussarbeiten\/bachelorarbeit\/Pruefungsberechtigte_SOP_2021-04-07.pdf\" target=\"_blank\">mit Sonderp\u00e4dagogik<\/a><\/li><\/ul>\n\n\n\n<ul class=\"wp-block-list\"><li><a href=\"https:\/\/www.ewi-psy.fu-berlin.de\/einrichtungen\/arbeitsbereiche\/allg_grundschulpaed\/studium\/bachelorarbeiten\/index.html\" target=\"_blank\" rel=\"noreferrer noopener\"> Allgemeinen Grundschulp\u00e4dagogik<\/a><\/li><\/ul>\n\n\n\n<p>Bitte entscheide dich f\u00fcr&nbsp;<em>ein*e&nbsp;Betreuer*in <\/em>und wenden dich per E-Mail an diese*n mit dem Themenvorschlag und ggf. einer gew\u00fcnschten Fragestellung.<\/p>\n\n\n\n<p>Wird bei dem Antrag auf Zulassung keine Bescheinigung \u00fcber die \u00dcbernahme der Betreuung der Bachelorarbeit gem\u00e4\u00df Satz 1 vorgelegt, so setzt der Pr\u00fcfungsausschuss ein*e Betreuer*in ein.<\/p>\n<\/div><\/div>\n\n\n\n<div class=\"wp-block-media-text alignwide is-stacked-on-mobile\" style=\"grid-template-columns:15% auto\"><figure class=\"wp-block-media-text__media\"><img loading=\"lazy\" decoding=\"async\" width=\"96\" height=\"96\" src=\"https:\/\/userblogs.fu-berlin.de\/spgspsop\/files\/2022\/07\/Picture-1-2.jpg\" alt=\"\" class=\"wp-image-749 size-full\" \/><\/figure><div class=\"wp-block-media-text__content\">\n<p>Allgemeine Informationen und wichtige Formulare zur Bachelorarbeit im Studiengang Grundschulp\u00e4dagogik findest du <a rel=\"noreferrer noopener\" href=\"https:\/\/www.fu-berlin.de\/sites\/dse\/studium\/abschlussarbeiten\/bachelorarbeit\/index.html\" target=\"_blank\">hier<\/a>.<\/p>\n\n\n\n<p class=\"has-white-color has-text-color\">.<\/p>\n\n\n\n<p class=\"has-white-color has-text-color\"><\/p>\n\n\n\n<p class=\"has-large-font-size\"><strong>Anmeldung<\/strong><\/p>\n\n\n\n<p>Alle Informationen, die du f\u00fcr die Zulassung deiner Bachelorarbeit haben solltest, findest du auf <a rel=\"noreferrer noopener\" href=\"https:\/\/userblogs.fu-berlin.de\/spgspsop\/files\/2022\/03\/\u00a7-10-der-Pr\u00fcfungsordnung-f\u00fcr-den-Bachelorstudiengang-Grundschulp\u00e4dagogik-des-Fachbereichs-Erziehungswissenschaft-und-Psychologie-der-Freien-Universit\u00e4t-Berlin-.pdf\" target=\"_blank\">diesem Merkblatt<\/a>. Gerne kannst du alle Vorgaben und Informationen auch selbst in der&nbsp;<a href=\"https:\/\/www.fu-berlin.de\/sites\/dse\/studium\/bachelor\/ba-gsp\/STPO-FU-Mitteilung-20-2017-30_06_2017.pdf\" target=\"_blank\" rel=\"noreferrer noopener\">aktuellen&nbsp;Pr\u00fcfungsordnung<\/a>&nbsp;nachlesen.<\/p>\n\n\n\n<p>Den Antrag auf Zulassung zur Bachelorarbeit Grundschulp\u00e4dagogik kannst du <a rel=\"noreferrer noopener\" href=\"https:\/\/www.fu-berlin.de\/sites\/dse\/studium\/abschlussarbeiten\/bachelorarbeit\/Antrag-BA-Arbeit_422_Stand-Dez_-2020_digital.pdf\" target=\"_blank\">hier<\/a> direkt herunterladen und ausf\u00fcllen.<\/p>\n\n\n\n<p>Bei Fragen zu den formale Anforderungen helfen dir die <a rel=\"noreferrer noopener\" href=\"https:\/\/www.fu-berlin.de\/studium\/studienorganisation\/pruefung\/pruefungsbueros.html\" target=\"_blank\">Pr\u00fcfungsb\u00fcros im jeweiligen Fachbereich<\/a> oder das <a href=\"https:\/\/www.fu-berlin.de\/sites\/dse\/service-beratung\/beratung-studien-pruefung\/pruefungsbuero-gsp\/index.html\" target=\"_blank\" rel=\"noreferrer noopener\">Pr\u00fcfungsb\u00fcro Bachelor Grundschulp\u00e4dagogik.<\/a><\/p>\n\n\n\n<p class=\"has-light-gray-background-color has-background\">Beim Studium der F\u00e4cher Kunst, Musik oder Sonderp\u00e4dagogik wird die Bachelorarbeit in Kunst, Musik oder Sonderp\u00e4dagogik angefertigt.<\/p>\n<\/div><\/div>\n\n\n\n<div class=\"wp-block-media-text alignwide is-stacked-on-mobile\" style=\"grid-template-columns:15% auto\"><figure class=\"wp-block-media-text__media\"><img loading=\"lazy\" decoding=\"async\" width=\"96\" height=\"96\" src=\"https:\/\/userblogs.fu-berlin.de\/spgspsop\/files\/2022\/07\/Picture-3.jpg\" alt=\"\" class=\"wp-image-752 size-full\" \/><\/figure><div class=\"wp-block-media-text__content\">\n<p class=\"has-white-color has-text-color\">.<\/p>\n\n\n\n<p class=\"has-large-font-size\"><strong>Rechtliches: Studien-&nbsp;und Pr\u00fcfungsordnung<\/strong><\/p>\n\n\n\n<p><a href=\"https:\/\/userblogs.fu-berlin.de\/spgspsop\/files\/2022\/03\/\u00a7-10-der-Pr\u00fcfungsordnung-f\u00fcr-den-Bachelorstudiengang-Grundschulp\u00e4dagogik-des-Fachbereichs-Erziehungswissenschaft-und-Psychologie-der-Freien-Universit\u00e4t-Berlin-.pdf\" target=\"_blank\" rel=\"noreferrer noopener\">Hier<\/a> kannst du die verbindlichen Informationen zu deiner Bachelorarbeit&nbsp;finden.<\/p>\n\n\n\n<p>Gerne kannst du alle Vorgaben und Informationen auch selbst in der&nbsp;<a href=\"https:\/\/www.fu-berlin.de\/service\/zuvdocs\/amtsblatt\/2017\/ab262017.pdf#G2145101\">aktuellen&nbsp;<\/a><a href=\"https:\/\/www.fu-berlin.de\/sites\/dse\/studium\/bachelor\/ba-gsp\/STPO-FU-Mitteilung-20-2017-30_06_2017.pdf\" target=\"_blank\" rel=\"noreferrer noopener\">Pr\u00fcfungsordnung<\/a>&nbsp;nachlesen.<\/p>\n<\/div><\/div>\n\n\n\n<div class=\"wp-block-media-text alignwide is-stacked-on-mobile\" style=\"grid-template-columns:15% auto\"><figure class=\"wp-block-media-text__media\"><img loading=\"lazy\" decoding=\"async\" width=\"96\" height=\"96\" src=\"https:\/\/userblogs.fu-berlin.de\/spgspsop\/files\/2022\/07\/Picture-4.jpg\" alt=\"\" class=\"wp-image-753 size-full\" \/><\/figure><div class=\"wp-block-media-text__content\">\n<p class=\"has-white-color has-text-color\">.<\/p>\n\n\n\n<p class=\"has-large-font-size\"><strong>Zeit- und Strukturplan<\/strong><\/p>\n\n\n\n<p><a rel=\"noreferrer noopener\" href=\"https:\/\/www.ewi-psy.fu-berlin.de\/sonderpaedagogik\/sonderpaed\/studium_lehre\/Bachelorarbeitneu\/ressourcen\/Exemplarischer-Ablaufplan_BA_20_06_23.pdf\" data-type=\"URL\" data-id=\"https:\/\/www.ewi-psy.fu-berlin.de\/sonderpaedagogik\/sonderpaed\/studium_lehre\/Bachelorarbeitneu\/ressourcen\/Exemplarischer-Ablaufplan_BA_20_06_23.pdf\" target=\"_blank\">Hier<\/a>\u00a0findest du einen exemplarischen\u00a0Zeitplan einer Bachelorarbeit. Diese Pl\u00e4ne k\u00f6nnen dir als Inspiration dienen. Denke aber daran, dass jeder Prozess individuell ist. Falls du Hilfe beim\u00a0Organisations- und zeitmanagement\u00a0brauchst, schau dir doch gerne die <a rel=\"noreferrer noopener\" href=\"https:\/\/userblogs.fu-berlin.de\/spgspsop\/workshops\/\" target=\"_blank\">Workshopangebote<\/a> an oder melde dich bei uns.\u00a0<\/p>\n<\/div><\/div>\n","protected":false},"excerpt":{"rendered":"<p>Betreuung Im folgenden findest du die Listen der Pr\u00fcfungsberechtigten f\u00fcr Abschlussarbeiten im Bachelorstudiengang Grundschulp\u00e4dagogik ohne Sonderp\u00e4dagogik mit Sonderp\u00e4dagogik Allgemeinen Grundschulp\u00e4dagogik Bitte entscheide dich f\u00fcr&nbsp;ein*e&nbsp;Betreuer*in und wenden dich per E-Mail an diese*n mit dem Themenvorschlag und ggf. einer gew\u00fcnschten Fragestellung. Wird bei dem Antrag auf Zulassung keine Bescheinigung \u00fcber die \u00dcbernahme der Betreuung der Bachelorarbeit gem\u00e4\u00df &hellip; <a href=\"https:\/\/userblogs.fu-berlin.de\/spgspsop\/vorbereitung-gsp\/\" class=\"more-link\">Continue reading<span class=\"screen-reader-text\"> &#8220;Vorbereitung&#8221;<\/span><\/a><\/p>\n","protected":false},"author":6455,"featured_media":0,"parent":0,"menu_order":0,"comment_status":"closed","ping_status":"closed","template":"","meta":{"footnotes":""},"class_list":["post-261","page","type-page","status-publish","hentry"],"_links":{"self":[{"href":"https:\/\/userblogs.fu-berlin.de\/spgspsop\/wp-json\/wp\/v2\/pages\/261","targetHints":{"allow":["GET"]}}],"collection":[{"href":"https:\/\/userblogs.fu-berlin.de\/spgspsop\/wp-json\/wp\/v2\/pages"}],"about":[{"href":"https:\/\/userblogs.fu-berlin.de\/spgspsop\/wp-json\/wp\/v2\/types\/page"}],"author":[{"embeddable":true,"href":"https:\/\/userblogs.fu-berlin.de\/spgspsop\/wp-json\/wp\/v2\/users\/6455"}],"replies":[{"embeddable":true,"href":"https:\/\/userblogs.fu-berlin.de\/spgspsop\/wp-json\/wp\/v2\/comments?post=261"}],"version-history":[{"count":25,"href":"https:\/\/userblogs.fu-berlin.de\/spgspsop\/wp-json\/wp\/v2\/pages\/261\/revisions"}],"predecessor-version":[{"id":939,"href":"https:\/\/userblogs.fu-berlin.de\/spgspsop\/wp-json\/wp\/v2\/pages\/261\/revisions\/939"}],"wp:attachment":[{"href":"https:\/\/userblogs.fu-berlin.de\/spgspsop\/wp-json\/wp\/v2\/media?parent=261"}],"curies":[{"name":"wp","href":"https:\/\/api.w.org\/{rel}","templated":true}]}}