{"id":266,"date":"2022-02-13T20:39:28","date_gmt":"2022-02-13T19:39:28","guid":{"rendered":"https:\/\/userblogs.fu-berlin.de\/spgspsop\/?page_id=266"},"modified":"2022-07-04T10:03:57","modified_gmt":"2022-07-04T08:03:57","slug":"schreibphase-gsp","status":"publish","type":"page","link":"https:\/\/userblogs.fu-berlin.de\/spgspsop\/schreibphase-gsp\/","title":{"rendered":"Schreibphase"},"content":{"rendered":"\n<p class=\"has-light-gray-background-color has-background\">Einige Fachbereiche bieten <strong>Kolloquien<\/strong> <strong>f\u00fcr Abschlussarbeiten<\/strong> an. Diese werden von Dozierenden geleitet. Dadurch hast du die Chance fachspezifische Fragen zu deiner Bachelorarbeit zu stellen und Fachmeinungen einzuholen. Gleichzeitig ist so ein Kolloquium eine gute M\u00f6glichkeit sich mit den anderen Studierenden auszutauschen und sich gegenseitig zu inspirieren und motivieren. <br><br>Die einzelnen Kolloquien findest du im <a rel=\"noreferrer noopener\" href=\"https:\/\/www.fu-berlin.de\/vv\/de\/fb\" target=\"_blank\">Vorlesungsverzeichnis<\/a> (Homepage -&gt; aktuelles Semester -&gt; dein Fachbereich -&gt; Kolloquien und sonstiges fakultatives Lehrangebot).<\/p>\n\n\n\n<p><\/p>\n\n\n\n<div class=\"wp-block-media-text alignwide is-stacked-on-mobile\" style=\"grid-template-columns:15% auto\"><figure class=\"wp-block-media-text__media\"><img loading=\"lazy\" decoding=\"async\" width=\"96\" height=\"96\" src=\"https:\/\/userblogs.fu-berlin.de\/spgspsop\/files\/2022\/06\/Picture-5.jpg\" alt=\"\" class=\"wp-image-674 size-full\" \/><\/figure><div class=\"wp-block-media-text__content\">\n<p class=\"has-large-font-size\"><strong>Anforderungen und formale Gestaltung<\/strong><\/p>\n\n\n\n<p>Am besten sprichst du mit deinem*r Betreuer*in \u00fcber die Informationen zu den Anforderungen deiner Bachelorarbeit, da diese manchmal sehr individuell sein k\u00f6nnen.<\/p>\n\n\n\n<ul class=\"wp-block-list\"><li><a rel=\"noreferrer noopener\" href=\"https:\/\/www.fu-berlin.de\/sites\/dse\/studium\/abschlussarbeiten\/bachelorarbeit\/Empfehlungen-zur-formalen-Gestaltung-BA-ab-WS-15-16.pdf\" target=\"_blank\">Empfehlungen zur formalen Gestaltung der Bachelorarbeit im Bachelorstudiengang Grundschulp\u00e4dagogik<\/a><\/li><li><a href=\"https:\/\/userblogs.fu-berlin.de\/spgspsop\/files\/2022\/03\/Deckblatt-Muster_Bachelorarbeit.docx\">Deckblatt Muster<\/a><\/li><li><a href=\"https:\/\/userblogs.fu-berlin.de\/spgspsop\/files\/2022\/03\/Selbststaendigkeitserklaerung.docx\">Vorlage f\u00fcr die Selbst\u00e4ndigkeitserkl\u00e4rung<\/a><\/li><\/ul>\n\n\n\n<p>Allgemeine Informationen und wichtige Formulare zur Bachelorarbeit im Studiengang Grundschulp\u00e4dagogik findest du <a href=\"https:\/\/www.fu-berlin.de\/sites\/dse\/studium\/abschlussarbeiten\/bachelorarbeit\/index.html\" target=\"_blank\" rel=\"noreferrer noopener\">hier<\/a>.<\/p>\n<\/div><\/div>\n\n\n\n<div class=\"wp-block-media-text alignwide is-stacked-on-mobile\" style=\"grid-template-columns:15% auto\"><figure class=\"wp-block-media-text__media\"><img loading=\"lazy\" decoding=\"async\" width=\"96\" height=\"96\" src=\"https:\/\/userblogs.fu-berlin.de\/spgspsop\/files\/2022\/06\/Picture-2.jpg\" alt=\"\" class=\"wp-image-672 size-full\" \/><\/figure><div class=\"wp-block-media-text__content\">\n<p class=\"has-large-font-size\"><strong>Datenbanken zur Literatursuche<\/strong><\/p>\n\n\n\n<p><a rel=\"noreferrer noopener\" href=\"https:\/\/dbis.ur.de\/fachliste.php?lett=l&amp;bib_id=fub&amp;colors=31&amp;ocolors=40\" target=\"_blank\">Hier<\/a>&nbsp;gelangst du zu den Datenbanken, in welcher du Literatur f\u00fcr deine Bachelorarbeit finden kannst.<\/p>\n\n\n\n<p>Wenn du Hilfe bei der <a href=\"https:\/\/userblogs.fu-berlin.de\/spgspsop\/literaturrecherche\/\" target=\"_blank\" rel=\"noreferrer noopener\">Literaturrecherche und -verwaltung<\/a> hast, informiere dich gerne auf unserem Blog.<\/p>\n<\/div><\/div>\n","protected":false},"excerpt":{"rendered":"<p>Einige Fachbereiche bieten Kolloquien f\u00fcr Abschlussarbeiten an. Diese werden von Dozierenden geleitet. Dadurch hast du die Chance fachspezifische Fragen zu deiner Bachelorarbeit zu stellen und Fachmeinungen einzuholen. Gleichzeitig ist so ein Kolloquium eine gute M\u00f6glichkeit sich mit den anderen Studierenden auszutauschen und sich gegenseitig zu inspirieren und motivieren. Die einzelnen Kolloquien findest du im Vorlesungsverzeichnis &hellip; <a href=\"https:\/\/userblogs.fu-berlin.de\/spgspsop\/schreibphase-gsp\/\" class=\"more-link\">Continue reading<span class=\"screen-reader-text\"> &#8220;Schreibphase&#8221;<\/span><\/a><\/p>\n","protected":false},"author":6455,"featured_media":0,"parent":0,"menu_order":0,"comment_status":"closed","ping_status":"closed","template":"","meta":{"footnotes":""},"class_list":["post-266","page","type-page","status-publish","hentry"],"_links":{"self":[{"href":"https:\/\/userblogs.fu-berlin.de\/spgspsop\/wp-json\/wp\/v2\/pages\/266","targetHints":{"allow":["GET"]}}],"collection":[{"href":"https:\/\/userblogs.fu-berlin.de\/spgspsop\/wp-json\/wp\/v2\/pages"}],"about":[{"href":"https:\/\/userblogs.fu-berlin.de\/spgspsop\/wp-json\/wp\/v2\/types\/page"}],"author":[{"embeddable":true,"href":"https:\/\/userblogs.fu-berlin.de\/spgspsop\/wp-json\/wp\/v2\/users\/6455"}],"replies":[{"embeddable":true,"href":"https:\/\/userblogs.fu-berlin.de\/spgspsop\/wp-json\/wp\/v2\/comments?post=266"}],"version-history":[{"count":10,"href":"https:\/\/userblogs.fu-berlin.de\/spgspsop\/wp-json\/wp\/v2\/pages\/266\/revisions"}],"predecessor-version":[{"id":745,"href":"https:\/\/userblogs.fu-berlin.de\/spgspsop\/wp-json\/wp\/v2\/pages\/266\/revisions\/745"}],"wp:attachment":[{"href":"https:\/\/userblogs.fu-berlin.de\/spgspsop\/wp-json\/wp\/v2\/media?parent=266"}],"curies":[{"name":"wp","href":"https:\/\/api.w.org\/{rel}","templated":true}]}}