{"id":27,"date":"2022-01-27T11:25:12","date_gmt":"2022-01-27T10:25:12","guid":{"rendered":"https:\/\/userblogs.fu-berlin.de\/spgspsop\/?page_id=27"},"modified":"2022-07-15T11:19:36","modified_gmt":"2022-07-15T09:19:36","slug":"literaturrecherche","status":"publish","type":"page","link":"https:\/\/userblogs.fu-berlin.de\/spgspsop\/literaturrecherche\/","title":{"rendered":"Literaturrecherche"},"content":{"rendered":"\n<div class=\"wp-block-media-text alignwide is-stacked-on-mobile\" style=\"grid-template-columns:18% auto\"><figure class=\"wp-block-media-text__media\"><img loading=\"lazy\" decoding=\"async\" width=\"96\" height=\"96\" src=\"https:\/\/userblogs.fu-berlin.de\/spgspsop\/files\/2022\/06\/Picture-2.jpg\" alt=\"\" class=\"wp-image-672 size-full\" \/><\/figure><div class=\"wp-block-media-text__content\">\n<p>Die Literaturrecherche ist der erste wichtige Schritt f\u00fcr deine Hausarbeit. Es lohnt sich hierbei ersteinmal zu \u00fcberlegen, ob du lieber online oder in einer Bibliothek nach deiner Literatur schauen m\u00f6chtest. Auch bei der Literaturrecherche ist es wichtig, dass du strukturiert vorgehst und dir am besten ein Limit setzt, wann du dann mit der Auswertung deiner Literatur beginnst. Wir m\u00f6chten dir hier gerne einige weitere Tipps &amp; Methoden darstellen, die dir bei deiner Literaturrecherche helfen k\u00f6nnen!<\/p>\n<\/div><\/div>\n\n\n\n<p>Viel Erfolg bei deiner Recherche!<br>Dein Team der studentischen Pr\u00fcfungsberatung GSP &amp; SOP<\/p>\n\n\n<ol>\n<li style=\"list-style-type: none\">\n<ol>\n<li><strong><a href=\"https:\/\/userblogs.fu-berlin.de\/spgspsop\/literatur-finden\/\">Literatur finden<\/a><\/strong><\/li>\n<li><strong><a href=\"https:\/\/userblogs.fu-berlin.de\/spgspsop\/vor-der-recherche\/\">Vor der Recherche<\/a><\/strong><\/li>\n<li><strong><a href=\"https:\/\/userblogs.fu-berlin.de\/spgspsop\/der-beginn-deiner-recherche\/\">Der Beginn deiner Recherche<\/a><\/strong><\/li>\n<li><strong><a href=\"https:\/\/userblogs.fu-berlin.de\/spgspsop\/wissenschaftliches-lesen\/\">Wissenschaftliches Lesen<\/a><\/strong><\/li>\n<li><strong><a href=\"https:\/\/userblogs.fu-berlin.de\/spgspsop\/kritischer-umgang-mit-wissenschaftlicher-literatur\/\">Kritischer Umgang mit wissenschaftlicher Literatur<\/a><\/strong><\/li>\n<li><strong><a href=\"https:\/\/userblogs.fu-berlin.de\/spgspsop\/literaturverzeichnis-literaturverwaltungsprogramme\/\">Literaturverzeichnis &amp; Literaturverwaltungsprogramme<\/a><\/strong><\/li>\n<li><strong><a href=\"https:\/\/userblogs.fu-berlin.de\/spgspsop\/literatur-zur-literaturrecherche\/\">Literatur zur Literaturrecherche<\/a><\/strong><\/li>\n<\/ol>\n<\/li>\n<\/ol>","protected":false},"excerpt":{"rendered":"<p>Die Literaturrecherche ist der erste wichtige Schritt f\u00fcr deine Hausarbeit. Es lohnt sich hierbei ersteinmal zu \u00fcberlegen, ob du lieber online oder in einer Bibliothek nach deiner Literatur schauen m\u00f6chtest. Auch bei der Literaturrecherche ist es wichtig, dass du strukturiert vorgehst und dir am besten ein Limit setzt, wann du dann mit der Auswertung deiner &hellip; <a href=\"https:\/\/userblogs.fu-berlin.de\/spgspsop\/literaturrecherche\/\" class=\"more-link\">Continue reading<span class=\"screen-reader-text\"> &#8220;Literaturrecherche&#8221;<\/span><\/a><\/p>\n","protected":false},"author":6455,"featured_media":0,"parent":0,"menu_order":0,"comment_status":"closed","ping_status":"closed","template":"","meta":{"footnotes":""},"class_list":["post-27","page","type-page","status-publish","hentry"],"_links":{"self":[{"href":"https:\/\/userblogs.fu-berlin.de\/spgspsop\/wp-json\/wp\/v2\/pages\/27","targetHints":{"allow":["GET"]}}],"collection":[{"href":"https:\/\/userblogs.fu-berlin.de\/spgspsop\/wp-json\/wp\/v2\/pages"}],"about":[{"href":"https:\/\/userblogs.fu-berlin.de\/spgspsop\/wp-json\/wp\/v2\/types\/page"}],"author":[{"embeddable":true,"href":"https:\/\/userblogs.fu-berlin.de\/spgspsop\/wp-json\/wp\/v2\/users\/6455"}],"replies":[{"embeddable":true,"href":"https:\/\/userblogs.fu-berlin.de\/spgspsop\/wp-json\/wp\/v2\/comments?post=27"}],"version-history":[{"count":10,"href":"https:\/\/userblogs.fu-berlin.de\/spgspsop\/wp-json\/wp\/v2\/pages\/27\/revisions"}],"predecessor-version":[{"id":99,"href":"https:\/\/userblogs.fu-berlin.de\/spgspsop\/wp-json\/wp\/v2\/pages\/27\/revisions\/99"}],"wp:attachment":[{"href":"https:\/\/userblogs.fu-berlin.de\/spgspsop\/wp-json\/wp\/v2\/media?parent=27"}],"curies":[{"name":"wp","href":"https:\/\/api.w.org\/{rel}","templated":true}]}}