{"id":86,"date":"2022-01-27T15:54:19","date_gmt":"2022-01-27T14:54:19","guid":{"rendered":"https:\/\/userblogs.fu-berlin.de\/spgspsop\/?page_id=86"},"modified":"2024-05-08T11:56:24","modified_gmt":"2024-05-08T09:56:24","slug":"themenfindung","status":"publish","type":"page","link":"https:\/\/userblogs.fu-berlin.de\/spgspsop\/themenfindung\/","title":{"rendered":"themenfindung"},"content":{"rendered":"\n<p>Die Themenfindung ist der Startpunkt in deinem Arbeitsprozess. Es lohnt sich eigene Interessen zu ber\u00fccksichtigen und Studieninhalte zu reflektieren. Im Folgenden findest du 3 m\u00f6gliche Wege, um ein geeignetes Thema f\u00fcr deine Hausarbeit zu finden.<\/p>\n\n\n\n<div class=\"wp-block-media-text alignwide is-stacked-on-mobile\" style=\"grid-template-columns:18% auto\"><figure class=\"wp-block-media-text__media\"><img loading=\"lazy\" decoding=\"async\" width=\"96\" height=\"96\" src=\"https:\/\/userblogs.fu-berlin.de\/spgspsop\/files\/2022\/06\/Picture-3.jpg\" alt=\"\" class=\"wp-image-673 size-full\" \/><\/figure><div class=\"wp-block-media-text__content\">\n<p>Denk immer daran, dass wir dir nur Empfehlungen aussprechen k\u00f6nnen und du f\u00fcr die genaue Absprache deiner Fragestellung ein Beratungsgespr\u00e4ch mit dem\/der betreuenden Dozent*in vereinbaren solltest.<\/p>\n<\/div><\/div>\n\n\n\n<p class=\"has-light-gray-background-color has-background\"><strong>1. Finde heraus, was dich besonders interessiert.<\/strong><\/p>\n\n\n\n<p>Das Thema f\u00fcr eine Hausarbeit sollte dich pers\u00f6nlich sehr interessieren, damit&nbsp; du dich gerne \u00fcber einen l\u00e4ngeren Zeitraum damit besch\u00e4ftigst. Daf\u00fcr bietet es sich an, deine eigenen Beobachtungen, Interessen oder Erfahrungen zu reflektieren und dann ein m\u00f6gliches Thema zu finden. Vielleicht hast du in deinem Schulpraktikum eine Unterrichtsmethode beobachtet und m\u00f6chtest nun wissen, wie gut diese bereits erforscht ist? Hast du in deinem privaten Umfeld etwas geh\u00f6rt zudem du gerne mehr wissen m\u00f6chtest?<\/p>\n\n\n\n<p>Schau dabei immer, wie sich dein eigenes Interesse mit dem Themenschwerpunkt des Moduls in dem du die Hausarbeit schreiben m\u00f6chtest, verbinden l\u00e4sst.&nbsp;&nbsp;<\/p>\n\n\n\n<p class=\"has-light-gray-background-color has-background\"><strong>2. Interessante Seminarinhalte<\/strong><\/p>\n\n\n\n<p>In einem Seminar besch\u00e4ftigen sich die Dozierenden meist vertieft mit inhaltlichen Schwerpunkten aus Vorlesungen. Hier hast du die M\u00f6glichkeit die Inhalte mit Kommiliton*innen zu diskutieren und vielleicht auf Ideen f\u00fcr ein Thema deiner Hausarbeit zu sto\u00dfen. Zudem muss man in den meisten Seminaren eine Pr\u00e4sentation zu einem bestimmten Thema halten. Vielleicht hast du also z.B. ein besonderes didaktisches Modell vorgestellt und k\u00f6nntest dich dann an deinem bisherigen Wissen orientieren und einen Themenvorschlag f\u00fcr deine Hausarbeit ableiten. Das h\u00e4tte auch den Vorteil, dass du ggf. bereits Grundlagenliteratur recherchiert hast.&nbsp;<\/p>\n\n\n\n<p class=\"has-light-gray-background-color has-background\"><strong>3. Literaturempfehlungen der Dozierenden<\/strong><\/p>\n\n\n\n<p>Eine weitere M\u00f6glichkeit ist es, die Literaturempfehlungen der Dozierenden durchzugehen. Diese wird meistens in dem jeweiligen Blackboard-Kurs der Lehrveranstaltung hochgeladen. Studiere die Titel der B\u00fccher und Zeitschriftenaufs\u00e4tze und notiere dir interessante Entdeckungen. In einem n\u00e4chsten Schritt k\u00f6nntest du die angegebene Literatur recherchieren und entdeckst so ggf. ein Thema f\u00fcr deine Hausarbeit. Diese Herangehensweise hat den Vorteil, dass die Literatur auf die sich Dozierende beziehen, von ihnen als sehr gut empfunden wird, weil sie diese sonst nicht als Referenz angeben w\u00fcrden. Damit h\u00e4ttest du bereits eine gute Grundlage f\u00fcr weitere Literatur.<\/p>\n\n\n\n<p class=\"has-background\" style=\"background-color:#007acc4f\"><strong>Downloads<\/strong><\/p>\n\n\n\n<ul class=\"wp-block-list\"><li><a rel=\"noreferrer noopener\" href=\"https:\/\/www.stw.berlin\/assets\/sw-berlin\/bereiche\/beratung\/Schreibzentrum\/Lernmaterialien\/Handout_Info_Themenfindung_Webseite_2020.pdf\" data-type=\"URL\" data-id=\"https:\/\/www.stw.berlin\/assets\/sw-berlin\/bereiche\/beratung\/Schreibzentrum\/Lernmaterialien\/Handout_Info_Themenfindung_Webseite_2020.pdf\" target=\"_blank\">Themenfindung<\/a><\/li><li><a rel=\"noreferrer noopener\" href=\"https:\/\/www.stw.berlin\/assets\/sw-berlin\/bereiche\/beratung\/Schreibzentrum\/Lernmaterialien\/Handout_Themeneingrenzungstabelle_Webseite_2020.pdf\" data-type=\"URL\" data-id=\"https:\/\/www.stw.berlin\/assets\/sw-berlin\/bereiche\/beratung\/Schreibzentrum\/Lernmaterialien\/Handout_Themeneingrenzungstabelle_Webseite_2020.pdf\" target=\"_blank\">Themeneingrenzung<\/a><\/li><li><a rel=\"noreferrer noopener\" href=\"https:\/\/www.stw.berlin\/assets\/sw-berlin\/bereiche\/beratung\/Schreibzentrum\/Lernmaterialien\/Handout_Blitzexpos_Webseite_2020.pdf\" data-type=\"URL\" data-id=\"https:\/\/www.stw.berlin\/assets\/sw-berlin\/bereiche\/beratung\/Schreibzentrum\/Lernmaterialien\/Handout_Blitzexpos_Webseite_2020.pdf\" target=\"_blank\">Blitzexpos\u00e9<\/a><\/li><li><a href=\"https:\/\/www.stw.berlin\/assets\/sw-berlin\/bereiche\/beratung\/Schreibzentrum\/Lernmaterialien\/Handout_Cluster_Mind_Map_Webseite_2020.pdf\" data-type=\"URL\" data-id=\"https:\/\/www.stw.berlin\/assets\/sw-berlin\/bereiche\/beratung\/Schreibzentrum\/Lernmaterialien\/Handout_Cluster_Mind_Map_Webseite_2020.pdf\" target=\"_blank\" rel=\"noreferrer noopener\">Mindmap<\/a><\/li><\/ul>\n","protected":false},"excerpt":{"rendered":"<p>Die Themenfindung ist der Startpunkt in deinem Arbeitsprozess. Es lohnt sich eigene Interessen zu ber\u00fccksichtigen und Studieninhalte zu reflektieren. Im Folgenden findest du 3 m\u00f6gliche Wege, um ein geeignetes Thema f\u00fcr deine Hausarbeit zu finden. Denk immer daran, dass wir dir nur Empfehlungen aussprechen k\u00f6nnen und du f\u00fcr die genaue Absprache deiner Fragestellung ein Beratungsgespr\u00e4ch &hellip; <a href=\"https:\/\/userblogs.fu-berlin.de\/spgspsop\/themenfindung\/\" class=\"more-link\">Continue reading<span class=\"screen-reader-text\"> &#8220;themenfindung&#8221;<\/span><\/a><\/p>\n","protected":false},"author":6455,"featured_media":0,"parent":0,"menu_order":0,"comment_status":"open","ping_status":"closed","template":"","meta":{"footnotes":""},"class_list":["post-86","page","type-page","status-publish","hentry"],"_links":{"self":[{"href":"https:\/\/userblogs.fu-berlin.de\/spgspsop\/wp-json\/wp\/v2\/pages\/86","targetHints":{"allow":["GET"]}}],"collection":[{"href":"https:\/\/userblogs.fu-berlin.de\/spgspsop\/wp-json\/wp\/v2\/pages"}],"about":[{"href":"https:\/\/userblogs.fu-berlin.de\/spgspsop\/wp-json\/wp\/v2\/types\/page"}],"author":[{"embeddable":true,"href":"https:\/\/userblogs.fu-berlin.de\/spgspsop\/wp-json\/wp\/v2\/users\/6455"}],"replies":[{"embeddable":true,"href":"https:\/\/userblogs.fu-berlin.de\/spgspsop\/wp-json\/wp\/v2\/comments?post=86"}],"version-history":[{"count":32,"href":"https:\/\/userblogs.fu-berlin.de\/spgspsop\/wp-json\/wp\/v2\/pages\/86\/revisions"}],"predecessor-version":[{"id":1048,"href":"https:\/\/userblogs.fu-berlin.de\/spgspsop\/wp-json\/wp\/v2\/pages\/86\/revisions\/1048"}],"wp:attachment":[{"href":"https:\/\/userblogs.fu-berlin.de\/spgspsop\/wp-json\/wp\/v2\/media?parent=86"}],"curies":[{"name":"wp","href":"https:\/\/api.w.org\/{rel}","templated":true}]}}