{"id":87,"date":"2022-01-27T15:54:19","date_gmt":"2022-01-27T14:54:19","guid":{"rendered":"https:\/\/userblogs.fu-berlin.de\/spgspsop\/?page_id=87"},"modified":"2022-07-16T16:06:46","modified_gmt":"2022-07-16T14:06:46","slug":"strukturierung","status":"publish","type":"page","link":"https:\/\/userblogs.fu-berlin.de\/spgspsop\/strukturierung\/","title":{"rendered":"Schreibphase"},"content":{"rendered":"\n<p class=\"has-light-gray-background-color has-background\"><strong>Kl\u00e4rung des Begriffs \u201cSchreibphase\u201d<\/strong><\/p>\n\n\n\n<p>Eine Hausarbeit ist eine Zusammenfassung aktueller Forschung zu einem bestimmten wissenschaftlichen Thema. Die Grundlage f\u00fcr deine Hausarbeit sind also bereits gewonnene Erkenntnisse von Forscher*innen. Deine Aufgabe ist es nur, diese Erkenntnisse zusammenzutragen, auszuwerten und zusammenzufassen. Dabei nutzt du diese Erkenntnisse, um deine Forschungsfrage zu beantworten. Die Schreibphase ist also eigentlich mehr eine Phase in der du deine gefundene, ausgewertete Literatur Kapiteln zuordnest und die vorhandene Literatur zusammenfassend darstellst.<\/p>\n\n\n\n<p><a href=\"https:\/\/www.stw.berlin\/assets\/sw-berlin\/bereiche\/beratung\/Schreibzentrum\/Lernmaterialien\/Handout_Arbeitsschritte_Schreibprojekt_Webseite_2021.pdf\" data-type=\"URL\" data-id=\"https:\/\/www.stw.berlin\/assets\/sw-berlin\/bereiche\/beratung\/Schreibzentrum\/Lernmaterialien\/Handout_Arbeitsschritte_Schreibprojekt_Webseite_2021.pdf\" target=\"_blank\" rel=\"noreferrer noopener\">Arbeitsschritte im Schreibprozess <\/a><\/p>\n\n\n\n<p class=\"has-light-gray-background-color has-background\"><strong>Inhaltliche Reihenfolge<\/strong><\/p>\n\n\n\n<div class=\"wp-block-media-text alignwide has-media-on-the-right is-stacked-on-mobile\" style=\"grid-template-columns:auto 19%\"><figure class=\"wp-block-media-text__media\"><img loading=\"lazy\" decoding=\"async\" width=\"96\" height=\"96\" src=\"https:\/\/userblogs.fu-berlin.de\/spgspsop\/files\/2022\/06\/Picture-4-1.png\" alt=\"\" class=\"wp-image-705 size-full\" \/><\/figure><div class=\"wp-block-media-text__content\">\n<p>Bei Hausarbeiten bietet es sich an die Einleitung und den Schluss erst nach dem Hauptteil zu schreiben. Hast du den Hauptteil bereits verfasst, ist es viel einfacher dein inhaltliches Vorgehen in der Einleitung darzustellen. In manchen F\u00e4chern wird zudem ein Abstract deiner Hausarbeit erwartet. Da du in einem Abstract die wichtigsten Argumente und Schlussfolgerungen darstellst, bietet es sich auch hier an, dieses erst im letzten Schritt zu verfassen.<\/p>\n\n\n\n<p>Vielleicht hilft dir ja die folgenden Dokumente um deine Gedanken dazu zu sortieren.<\/p>\n\n\n\n<ul>\n<li style=\"list-style-type: none\">\n<ul>\n<li><a href=\"https:\/\/www.stw.berlin\/assets\/sw-berlin\/bereiche\/beratung\/Schreibzentrum\/Lernmaterialien\/Handout_Dreischritt_Webseite_2020.pdf\" target=\"_blank\" rel=\"noopener\">Dreischritt<\/a><\/li>\n<li><a href=\"https:\/\/www.stw.berlin\/assets\/sw-berlin\/bereiche\/beratung\/Schreibzentrum\/Lernmaterialien\/Handout_Exzerpt_Tabelle_Webseite_2020.pdf\" target=\"_blank\" rel=\"noopener\">Exzerpt<\/a><\/li>\n<li><a href=\"https:\/\/www.stw.berlin\/assets\/sw-berlin\/bereiche\/beratung\/Schreibzentrum\/Lernmaterialien\/Handout_GliederungRoter_Faden_Webseite_2020.pdf\" target=\"_blank\" rel=\"noopener\">Gliederung und roter Faden<\/a><\/li>\n<li><a href=\"https:\/\/www.stw.berlin\/assets\/sw-berlin\/bereiche\/beratung\/Schreibzentrum\/Lernmaterialien\/Handout_Planungsfuenfeck_Webseite_2020.pdf\" target=\"_blank\" rel=\"noopener\">Planungsf\u00fcnfeck<\/a><\/li>\n<\/ul>\n<\/li>\n<\/ul>\n<\/div><\/div>\n\n\n\n<p class=\"has-light-gray-background-color has-background\"><strong>Der passende Zeitraum zum Schreiben<\/strong><\/p>\n\n\n\n<p>Eine Haus- oder Bachelorarbeit zu schreiben erfordert eine detaillierte Literaturrecherche, eine produktive Schreibphase und eine gr\u00fcndliche Korrektur. Daf\u00fcr kann es hilfreich sein, sich genau zu \u00fcberlegen, wann man genug Zeit hat um eine Hausarbeit zu schreiben. Ideal daf\u00fcr ist ein zusammenh\u00e4ngender Zeitraum, in dem der Arbeitsprozess m\u00f6glichst wenig gest\u00f6rt und unterbrochen wird, damit man den gedanklichen Fokus halten kann. Wir empfehlen daher, die Hausarbeiten gut zu planen und sich einen Zeitraum daf\u00fcr freizuhalten. Frag dich auch, ob du zu Hause wirklich produktiv arbeiten kannst, oder ob es vielleicht besser ist z.B. in einer Bibliothek zu schreiben. Dort herrscht meist eine ruhige und produktive Atmosph\u00e4re, die helfen kann, das du konzentriert arbeiten kannst.<\/p>\n\n\n<ul>\n<li style=\"list-style-type: none\">\n<ul>\n<li><a href=\"https:\/\/www.stw.berlin\/assets\/sw-berlin\/bereiche\/beratung\/Schreibzentrum\/Lernmaterialien\/Handout_Wochenplan_Webseite_2020.pdf\" target=\"_blank\" rel=\"noreferrer noopener\" data-type=\"URL\" data-id=\"https:\/\/www.stw.berlin\/assets\/sw-berlin\/bereiche\/beratung\/Schreibzentrum\/Lernmaterialien\/Handout_Wochenplan_Webseite_2020.pdf\" data-rich-text-format-boundary=\"true\">Wochenplaner zum Runterladen<\/a><\/li>\n<li><a href=\"https:\/\/www.stw.berlin\/assets\/sw-berlin\/bereiche\/beratung\/Schreibzentrum\/Lernmaterialien\/Handout_Zeitmanagement_Monatsuebersicht_Webseite_2020.pdf\" target=\"_blank\" rel=\"noopener\">gro\u00dfer Schreibplan<\/a><\/li>\n<\/ul>\n<\/li>\n<\/ul>\n\n\n<p class=\"has-light-gray-background-color has-background\"><strong>In den Schreibflow kommen<\/strong><\/p>\n\n\n\n<p>Um in einen Schreibflow zu kommen wichtig, sich bereits im Vorhinein gut mit der Literatur auseinanderzusetzen die man f\u00fcr das Kapitel\/die Hausarbeit nutzen m\u00f6chtest. Nutze daf\u00fcr als Hilfsmittel Darstellungsformen wie z.B. Mindmaps. So bekommt dein Text eine inhaltliche Struktur. Schreibe dann erstmal drauf los und mach sichtbar, wie viel du schon aus der Literatur an Wissen gewonnen hast. Hierbei kommt es noch nicht darauf an, jede Formulierung kritisch zu hinterfragen, sondern darum,erstmal einen Text zu produzieren. Den Text kannst du dann im Anschluss \u00fcberarbeiten.<\/p>\n\n\n\n<div class=\"wp-block-media-text alignwide is-stacked-on-mobile\" style=\"grid-template-columns:15% auto\"><figure class=\"wp-block-media-text__media\"><img loading=\"lazy\" decoding=\"async\" width=\"96\" height=\"96\" src=\"https:\/\/userblogs.fu-berlin.de\/spgspsop\/files\/2022\/07\/Picture-1-3.jpg\" alt=\"\" class=\"wp-image-768 size-full\" \/><\/figure><div class=\"wp-block-media-text__content\">\n<p class=\"has-dark-gray-color has-light-gray-background-color has-text-color has-background\"><strong>Tipp:<\/strong> Wenn du Schwierigkeiten hast wissenschaftlich zu schreiben, lies dir wissenschaftliche Texte oder beispielhafte Hausarbeiten durch und schreibe dir gute Formulierungen und Begriffe auf. <br><br> <a rel=\"noreferrer noopener\" href=\"https:\/\/www.stw.berlin\/assets\/sw-berlin\/bereiche\/beratung\/Schreibzentrum\/Lernmaterialien\/Handout_Wissenschaftliche_Redemittel.pdf\" target=\"_blank\">Wissenschaftliche Redemittel<\/a><br><a href=\"https:\/\/www.stw.berlin\/assets\/sw-berlin\/bereiche\/beratung\/Schreibzentrum\/Lernmaterialien\/Handout_Formulierungshilfen_Englisch_Webseite_2020.pdf\" data-type=\"URL\" data-id=\"https:\/\/www.stw.berlin\/assets\/sw-berlin\/bereiche\/beratung\/Schreibzentrum\/Lernmaterialien\/Handout_Formulierungshilfen_Englisch_Webseite_2020.pdf\" target=\"_blank\" rel=\"noreferrer noopener\">Formulierungshilfen f\u00fcr englische Texte<\/a><\/p>\n\n\n\n<p><\/p>\n\n\n\n<p><\/p>\n<\/div><\/div>\n","protected":false},"excerpt":{"rendered":"<p>Kl\u00e4rung des Begriffs \u201cSchreibphase\u201d Eine Hausarbeit ist eine Zusammenfassung aktueller Forschung zu einem bestimmten wissenschaftlichen Thema. Die Grundlage f\u00fcr deine Hausarbeit sind also bereits gewonnene Erkenntnisse von Forscher*innen. Deine Aufgabe ist es nur, diese Erkenntnisse zusammenzutragen, auszuwerten und zusammenzufassen. Dabei nutzt du diese Erkenntnisse, um deine Forschungsfrage zu beantworten. Die Schreibphase ist also eigentlich mehr &hellip; <a href=\"https:\/\/userblogs.fu-berlin.de\/spgspsop\/strukturierung\/\" class=\"more-link\">Continue reading<span class=\"screen-reader-text\"> &#8220;Schreibphase&#8221;<\/span><\/a><\/p>\n","protected":false},"author":6455,"featured_media":0,"parent":0,"menu_order":0,"comment_status":"open","ping_status":"closed","template":"","meta":{"footnotes":""},"class_list":["post-87","page","type-page","status-publish","hentry"],"_links":{"self":[{"href":"https:\/\/userblogs.fu-berlin.de\/spgspsop\/wp-json\/wp\/v2\/pages\/87","targetHints":{"allow":["GET"]}}],"collection":[{"href":"https:\/\/userblogs.fu-berlin.de\/spgspsop\/wp-json\/wp\/v2\/pages"}],"about":[{"href":"https:\/\/userblogs.fu-berlin.de\/spgspsop\/wp-json\/wp\/v2\/types\/page"}],"author":[{"embeddable":true,"href":"https:\/\/userblogs.fu-berlin.de\/spgspsop\/wp-json\/wp\/v2\/users\/6455"}],"replies":[{"embeddable":true,"href":"https:\/\/userblogs.fu-berlin.de\/spgspsop\/wp-json\/wp\/v2\/comments?post=87"}],"version-history":[{"count":21,"href":"https:\/\/userblogs.fu-berlin.de\/spgspsop\/wp-json\/wp\/v2\/pages\/87\/revisions"}],"predecessor-version":[{"id":782,"href":"https:\/\/userblogs.fu-berlin.de\/spgspsop\/wp-json\/wp\/v2\/pages\/87\/revisions\/782"}],"wp:attachment":[{"href":"https:\/\/userblogs.fu-berlin.de\/spgspsop\/wp-json\/wp\/v2\/media?parent=87"}],"curies":[{"name":"wp","href":"https:\/\/api.w.org\/{rel}","templated":true}]}}