{"id":901,"date":"2023-10-24T15:04:45","date_gmt":"2023-10-24T13:04:45","guid":{"rendered":"https:\/\/userblogs.fu-berlin.de\/spgspsop\/?page_id=901"},"modified":"2023-10-24T15:06:59","modified_gmt":"2023-10-24T13:06:59","slug":"impressum-2","status":"publish","type":"page","link":"https:\/\/userblogs.fu-berlin.de\/spgspsop\/impressum-2\/","title":{"rendered":"Impressum"},"content":{"rendered":"\n<h2 class=\"wp-block-heading\">Dienstanbieter:<\/h2>\n\n\n\n<p>Freie Universit\u00e4t Berlin, vertreten durch den <a href=\"http:\/\/www.fu-berlin.de\/einrichtungen\/organe\/praesidium\/praesident\/index.html\">Pr\u00e4sidenten<\/a>.<\/p>\n\n\n\n<h2 class=\"wp-block-heading\">Anschrift:<\/h2>\n\n\n\n<p>Freie Universit\u00e4t Berlin<br>Pr\u00e4sidium<br>Kaiserswerther Str. 16\/18<br>14195 Berlin<\/p>\n\n\n\n<h2 class=\"wp-block-heading\"><strong>Umsatzsteueridentifikationsnummer:<\/strong><\/h2>\n\n\n\n<p>DE 811304768<\/p>\n\n\n\n<h2 class=\"wp-block-heading\">Inhaltliche Verantwortung nach \u00a7 55 RfStV:<\/h2>\n\n\n\n<p>Laura Celine Seibt<br>Studentische Pr\u00fcfungsberatung \/ Mentoring<br>Tel.:<br>E-Mail: l.seibt@fu-berlin.de<\/p>\n\n\n\n<p>Jascha Katjana Richter<br>Studentische Pr\u00fcfungsberatung \/ Mentoring<br>Tel.:<br>E-Mail: jascha.richter@fu-berlin.de<\/p>\n\n\n\n<h2 class=\"wp-block-heading\">Rechtsform:<\/h2>\n\n\n\n<p>Die Freie Universit\u00e4t Berlin ist eine K\u00f6rperschaft des \u00f6ffentlichen Rechts gem. \u00a7\u00a7 1 und 2 Berliner Hochschulgesetz (BerlHG). Das Webangebot der Freien Universit\u00e4t Berlin unterliegt dem geltenden <a href=\"http:\/\/www.fu-berlin.de\/redaktion\/copyright\/index.html\">Urheberrecht<\/a>. Beachten Sie bitte auch unseren <a href=\"http:\/\/www.fu-berlin.de\/redaktion\/disclaimer\/index.html\">Haftungsausschluss\/Disclaimer.<\/a><\/p>\n\n\n\n<h2 class=\"wp-block-heading\">Aufsichtsbeh\u00f6rde:<\/h2>\n\n\n\n<p>Aufsichtsbeh\u00f6rde ist die nach \u00a7 89 BerlHG zust\u00e4ndige Berliner Senatsverwaltung f\u00fcr Bildung, Wissenschaft und Forschung.<\/p>\n","protected":false},"excerpt":{"rendered":"<p>Dienstanbieter: Freie Universit\u00e4t Berlin, vertreten durch den Pr\u00e4sidenten. Anschrift: Freie Universit\u00e4t BerlinPr\u00e4sidiumKaiserswerther Str. 16\/1814195 Berlin Umsatzsteueridentifikationsnummer: DE 811304768 Inhaltliche Verantwortung nach \u00a7 55 RfStV: Laura Celine SeibtStudentische Pr\u00fcfungsberatung \/ MentoringTel.:E-Mail: l.seibt@fu-berlin.de Jascha Katjana RichterStudentische Pr\u00fcfungsberatung \/ MentoringTel.:E-Mail: jascha.richter@fu-berlin.de Rechtsform: Die Freie Universit\u00e4t Berlin ist eine K\u00f6rperschaft des \u00f6ffentlichen Rechts gem. \u00a7\u00a7 1 und 2 Berliner &hellip; <a href=\"https:\/\/userblogs.fu-berlin.de\/spgspsop\/impressum-2\/\" class=\"more-link\">Continue reading<span class=\"screen-reader-text\"> &#8220;Impressum&#8221;<\/span><\/a><\/p>\n","protected":false},"author":6455,"featured_media":0,"parent":0,"menu_order":0,"comment_status":"closed","ping_status":"closed","template":"","meta":{"footnotes":""},"class_list":["post-901","page","type-page","status-publish","hentry"],"_links":{"self":[{"href":"https:\/\/userblogs.fu-berlin.de\/spgspsop\/wp-json\/wp\/v2\/pages\/901","targetHints":{"allow":["GET"]}}],"collection":[{"href":"https:\/\/userblogs.fu-berlin.de\/spgspsop\/wp-json\/wp\/v2\/pages"}],"about":[{"href":"https:\/\/userblogs.fu-berlin.de\/spgspsop\/wp-json\/wp\/v2\/types\/page"}],"author":[{"embeddable":true,"href":"https:\/\/userblogs.fu-berlin.de\/spgspsop\/wp-json\/wp\/v2\/users\/6455"}],"replies":[{"embeddable":true,"href":"https:\/\/userblogs.fu-berlin.de\/spgspsop\/wp-json\/wp\/v2\/comments?post=901"}],"version-history":[{"count":3,"href":"https:\/\/userblogs.fu-berlin.de\/spgspsop\/wp-json\/wp\/v2\/pages\/901\/revisions"}],"predecessor-version":[{"id":908,"href":"https:\/\/userblogs.fu-berlin.de\/spgspsop\/wp-json\/wp\/v2\/pages\/901\/revisions\/908"}],"wp:attachment":[{"href":"https:\/\/userblogs.fu-berlin.de\/spgspsop\/wp-json\/wp\/v2\/media?parent=901"}],"curies":[{"name":"wp","href":"https:\/\/api.w.org\/{rel}","templated":true}]}}