{"id":959,"date":"2024-02-26T11:20:14","date_gmt":"2024-02-26T10:20:14","guid":{"rendered":"https:\/\/userblogs.fu-berlin.de\/spgspsop\/?page_id=959"},"modified":"2024-03-11T12:32:06","modified_gmt":"2024-03-11T11:32:06","slug":"klausuren","status":"publish","type":"page","link":"https:\/\/userblogs.fu-berlin.de\/spgspsop\/klausuren\/","title":{"rendered":"Klausuren"},"content":{"rendered":"\n<h2 class=\"has-text-align-center has-white-color has-text-color has-background wp-block-heading\" style=\"background-color:#00305f\">Tipps und Tricks f\u00fcr die Klausurvorbereitung<\/h2>\n\n\n\n<p><strong>Du stehst kurz vor einer Klausur und f\u00fchlst dich gestresst und \u00fcberfordert?<\/strong> Keine Sorge, damit bist du nicht allein! Pr\u00fcfungsangst ist ein weit verbreitetes Problem, das viele Studierende kennen.<\/p>\n\n\n\n<p>In unserem Blog der studentischen Pr\u00fcfungsberatung findest du zahlreiche Tipps und Tricks, die dir dabei helfen werden, dich optimal auf deine Klausuren vorzubereiten.<\/p>\n\n\n\n<p><strong>Wir zeigen dir:<\/strong><\/p>\n\n\n\n<p class=\"has-text-align-center has-white-color has-text-color has-background\" style=\"background-color:#00305f\"><strong>Lernmethoden<\/strong><\/p>\n\n\n\n<ul class=\"has-dark-gray-color has-text-color wp-block-list\"><li><a href=\"https:\/\/userblogs.fu-berlin.de\/spgspsop\/mit-welchen-sinneskanaelen-kann-man-alles-lernen\" data-type=\"URL\" data-id=\"https:\/\/userblogs.fu-berlin.de\/spgspsop\/mit-welchen-sinneskanaelen-kann-man-alles-lernen\"><strong>Mit welchen Sinneskan\u00e4len kann man alles lernen?<\/strong>\u00a0Visuell, auditiv und kin\u00e4sthetisch? <\/a><\/li><li><strong>Effektive Lernmethoden und Techniken:<\/strong>\u00a0Mind Maps &amp; Co. helfen dir, den Stoff zu strukturieren und zu visualisieren.<\/li><li><a href=\"https:\/\/userblogs.fu-berlin.de\/spgspsop\/lernmethoden-stoff-bewaeltigen-mit-den-richtigen-strategien-lernst-du-den-stoff-schneller-und-nachhaltiger\/\" data-type=\"URL\" data-id=\"https:\/\/userblogs.fu-berlin.de\/spgspsop\/lernmethoden-stoff-bewaeltigen-mit-den-richtigen-strategien-lernst-du-den-stoff-schneller-und-nachhaltiger\/\"><strong>Stoff bew\u00e4ltigen:<\/strong>\u00a0Mit den richtigen Strategien lernst du den Stoff schneller und nachhaltiger.<\/a><\/li><\/ul>\n\n\n\n<p class=\"has-text-align-center has-white-color has-text-color has-background\" style=\"background-color:#00305f\"><strong>Zeitmanagement<\/strong><\/p>\n\n\n\n<ul class=\"wp-block-list\"><li><strong>Erstelle einen Lernplan:<\/strong>&nbsp;Verteile deine Zeit effektiv, um alle Inhalte zu schaffen. So lernst du den Stoff effizient und wiederholst ihn gezielt.<\/li><\/ul>\n\n\n\n<p class=\"has-text-align-center has-white-color has-text-color has-background\" style=\"background-color:#00305f\"><strong>Mental Health<\/strong><\/p>\n\n\n\n<ul class=\"wp-block-list\"><li><strong>Mentale Vorbereitung:<\/strong>&nbsp;Entspannungstechniken und positive Affirmationen helfen dir, Pr\u00fcfungsangst zu bew\u00e4ltigen.<\/li><li><strong>Umgang mit Stress:<\/strong>&nbsp;Bew\u00e4ltige Pr\u00fcfungsangst und Stress mit bew\u00e4hrten Techniken.<\/li><\/ul>\n\n\n\n<p><\/p>\n","protected":false},"excerpt":{"rendered":"<p>Tipps und Tricks f\u00fcr die Klausurvorbereitung Du stehst kurz vor einer Klausur und f\u00fchlst dich gestresst und \u00fcberfordert? Keine Sorge, damit bist du nicht allein! Pr\u00fcfungsangst ist ein weit verbreitetes Problem, das viele Studierende kennen. In unserem Blog der studentischen Pr\u00fcfungsberatung findest du zahlreiche Tipps und Tricks, die dir dabei helfen werden, dich optimal auf &hellip; <a href=\"https:\/\/userblogs.fu-berlin.de\/spgspsop\/klausuren\/\" class=\"more-link\">Continue reading<span class=\"screen-reader-text\"> &#8220;Klausuren&#8221;<\/span><\/a><\/p>\n","protected":false},"author":6455,"featured_media":0,"parent":0,"menu_order":0,"comment_status":"closed","ping_status":"closed","template":"","meta":{"footnotes":""},"class_list":["post-959","page","type-page","status-publish","hentry"],"_links":{"self":[{"href":"https:\/\/userblogs.fu-berlin.de\/spgspsop\/wp-json\/wp\/v2\/pages\/959","targetHints":{"allow":["GET"]}}],"collection":[{"href":"https:\/\/userblogs.fu-berlin.de\/spgspsop\/wp-json\/wp\/v2\/pages"}],"about":[{"href":"https:\/\/userblogs.fu-berlin.de\/spgspsop\/wp-json\/wp\/v2\/types\/page"}],"author":[{"embeddable":true,"href":"https:\/\/userblogs.fu-berlin.de\/spgspsop\/wp-json\/wp\/v2\/users\/6455"}],"replies":[{"embeddable":true,"href":"https:\/\/userblogs.fu-berlin.de\/spgspsop\/wp-json\/wp\/v2\/comments?post=959"}],"version-history":[{"count":11,"href":"https:\/\/userblogs.fu-berlin.de\/spgspsop\/wp-json\/wp\/v2\/pages\/959\/revisions"}],"predecessor-version":[{"id":1003,"href":"https:\/\/userblogs.fu-berlin.de\/spgspsop\/wp-json\/wp\/v2\/pages\/959\/revisions\/1003"}],"wp:attachment":[{"href":"https:\/\/userblogs.fu-berlin.de\/spgspsop\/wp-json\/wp\/v2\/media?parent=959"}],"curies":[{"name":"wp","href":"https:\/\/api.w.org\/{rel}","templated":true}]}}