{"id":1106,"date":"2021-06-07T14:28:10","date_gmt":"2021-06-07T12:28:10","guid":{"rendered":"https:\/\/userblogs.fu-berlin.de\/vk-puzzles\/?page_id=1106"},"modified":"2023-02-21T20:43:50","modified_gmt":"2023-02-21T19:43:50","slug":"migraene","status":"publish","type":"page","link":"https:\/\/userblogs.fu-berlin.de\/vk-puzzles\/ringvorlesung\/ringvorlesung-teil-ii\/migraene\/","title":{"rendered":"Migr\u00e4ne"},"content":{"rendered":"\n<p><\/p>\n\n\n\n<p>Aufgabe 13<\/p>\n\n\n\n<div class=\"h5p-iframe-wrapper\"><iframe id=\"h5p-iframe-1683\" class=\"h5p-iframe\" data-content-id=\"1683\" style=\"height:1px\" src=\"about:blank\" frameBorder=\"0\" scrolling=\"no\" title=\"Migr\u00e4ne - Phasen\"><\/iframe><\/div>\n\n\n\n<p>Aufgabe 12<\/p>\n\n\n\n<div class=\"h5p-iframe-wrapper\"><iframe id=\"h5p-iframe-1682\" class=\"h5p-iframe\" data-content-id=\"1682\" style=\"height:1px\" src=\"about:blank\" frameBorder=\"0\" scrolling=\"no\" title=\"Migr\u00e4ne - Rezeptoren\"><\/iframe><\/div>\n\n\n\n<p>Aufgabe 11<\/p>\n\n\n\n<div class=\"h5p-iframe-wrapper\"><iframe id=\"h5p-iframe-1681\" class=\"h5p-iframe\" data-content-id=\"1681\" style=\"height:1px\" src=\"about:blank\" frameBorder=\"0\" scrolling=\"no\" title=\"Migr\u00e4ne - Arzneistoffe\"><\/iframe><\/div>\n\n\n\n<p>Aufgabe 10<\/p>\n\n\n\n<div class=\"h5p-content\" data-content-id=\"1680\"><\/div>\n\n\n\n<p>Aufgabe 9<\/p>\n\n\n\n<div class=\"h5p-iframe-wrapper\"><iframe id=\"h5p-iframe-724\" class=\"h5p-iframe\" data-content-id=\"724\" style=\"height:1px\" src=\"about:blank\" frameBorder=\"0\" scrolling=\"no\" title=\"Charakterisierung von Kopfschmerzarten\"><\/iframe><\/div>\n\n\n\n<p>Aufgabe 8<\/p>\n\n\n\n<div class=\"h5p-iframe-wrapper\"><iframe id=\"h5p-iframe-725\" class=\"h5p-iframe\" data-content-id=\"725\" style=\"height:1px\" src=\"about:blank\" frameBorder=\"0\" scrolling=\"no\" title=\"Migr\u00e4nefragen (wahr oder falsch)\"><\/iframe><\/div>\n\n\n\n<p>Aufgabe 7<\/p>\n\n\n\n<div class=\"h5p-iframe-wrapper\"><iframe id=\"h5p-iframe-726\" class=\"h5p-iframe\" data-content-id=\"726\" style=\"height:1px\" src=\"about:blank\" frameBorder=\"0\" scrolling=\"no\" title=\"Pathophysiologie Migr\u00e4ne\"><\/iframe><\/div>\n\n\n\n<p>Aufgabe 6<\/p>\n\n\n\n<div class=\"h5p-iframe-wrapper\"><iframe id=\"h5p-iframe-727\" class=\"h5p-iframe\" data-content-id=\"727\" style=\"height:1px\" src=\"about:blank\" frameBorder=\"0\" scrolling=\"no\" title=\"Triptane vs. Ditane\"><\/iframe><\/div>\n\n\n\n<p>Aufgabe 5<\/p>\n\n\n\n<div class=\"h5p-iframe-wrapper\"><iframe id=\"h5p-iframe-719\" class=\"h5p-iframe\" data-content-id=\"719\" style=\"height:1px\" src=\"about:blank\" frameBorder=\"0\" scrolling=\"no\" title=\"Triptane\"><\/iframe><\/div>\n\n\n\n<p>Aufgabe 4<\/p>\n\n\n\n<div class=\"h5p-iframe-wrapper\"><iframe id=\"h5p-iframe-720\" class=\"h5p-iframe\" data-content-id=\"720\" style=\"height:1px\" src=\"about:blank\" frameBorder=\"0\" scrolling=\"no\" title=\"Ergotamine\"><\/iframe><\/div>\n\n\n\n<p>Aufgabe 3<\/p>\n\n\n\n<div class=\"h5p-iframe-wrapper\"><iframe id=\"h5p-iframe-721\" class=\"h5p-iframe\" data-content-id=\"721\" style=\"height:1px\" src=\"about:blank\" frameBorder=\"0\" scrolling=\"no\" title=\"CGRP-Rezeptor-Antik\u00f6rpern\"><\/iframe><\/div>\n\n\n\n<p>Aufgabe 2<\/p>\n\n\n\n<div class=\"h5p-iframe-wrapper\"><iframe id=\"h5p-iframe-722\" class=\"h5p-iframe\" data-content-id=\"722\" style=\"height:1px\" src=\"about:blank\" frameBorder=\"0\" scrolling=\"no\" title=\"Nichtmedikament\u00f6se Ma\u00dfnahmen zur Migr\u00e4netherapie\"><\/iframe><\/div>\n\n\n\n<p>Aufgabe 1<\/p>\n\n\n\n<div class=\"h5p-iframe-wrapper\"><iframe id=\"h5p-iframe-723\" class=\"h5p-iframe\" data-content-id=\"723\" style=\"height:1px\" src=\"about:blank\" frameBorder=\"0\" scrolling=\"no\" title=\"Migr\u00e4netherapie\"><\/iframe><\/div>\n\n\n\n<p><\/p>\n","protected":false},"excerpt":{"rendered":"<p>Aufgabe 13 Aufgabe 12 Aufgabe 11 Aufgabe 10 Aufgabe 9 Aufgabe 8 Aufgabe 7 Aufgabe 6 Aufgabe 5 Aufgabe 4 Aufgabe 3 Aufgabe 2 Aufgabe 1<\/p>\n","protected":false},"author":663,"featured_media":0,"parent":961,"menu_order":9,"comment_status":"closed","ping_status":"closed","template":"","meta":{"footnotes":""},"class_list":["post-1106","page","type-page","status-publish","hentry"],"_links":{"self":[{"href":"https:\/\/userblogs.fu-berlin.de\/vk-puzzles\/wp-json\/wp\/v2\/pages\/1106","targetHints":{"allow":["GET"]}}],"collection":[{"href":"https:\/\/userblogs.fu-berlin.de\/vk-puzzles\/wp-json\/wp\/v2\/pages"}],"about":[{"href":"https:\/\/userblogs.fu-berlin.de\/vk-puzzles\/wp-json\/wp\/v2\/types\/page"}],"author":[{"embeddable":true,"href":"https:\/\/userblogs.fu-berlin.de\/vk-puzzles\/wp-json\/wp\/v2\/users\/663"}],"replies":[{"embeddable":true,"href":"https:\/\/userblogs.fu-berlin.de\/vk-puzzles\/wp-json\/wp\/v2\/comments?post=1106"}],"version-history":[{"count":5,"href":"https:\/\/userblogs.fu-berlin.de\/vk-puzzles\/wp-json\/wp\/v2\/pages\/1106\/revisions"}],"predecessor-version":[{"id":2456,"href":"https:\/\/userblogs.fu-berlin.de\/vk-puzzles\/wp-json\/wp\/v2\/pages\/1106\/revisions\/2456"}],"up":[{"embeddable":true,"href":"https:\/\/userblogs.fu-berlin.de\/vk-puzzles\/wp-json\/wp\/v2\/pages\/961"}],"wp:attachment":[{"href":"https:\/\/userblogs.fu-berlin.de\/vk-puzzles\/wp-json\/wp\/v2\/media?parent=1106"}],"curies":[{"name":"wp","href":"https:\/\/api.w.org\/{rel}","templated":true}]}}