{"id":1206,"date":"2021-10-06T10:36:49","date_gmt":"2021-10-06T08:36:49","guid":{"rendered":"https:\/\/userblogs.fu-berlin.de\/vk-puzzles\/?page_id=1206"},"modified":"2023-05-05T08:51:19","modified_gmt":"2023-05-05T06:51:19","slug":"ringvorlesung-teil-iii","status":"publish","type":"page","link":"https:\/\/userblogs.fu-berlin.de\/vk-puzzles\/ringvorlesung\/ringvorlesung-teil-iii\/","title":{"rendered":"Ringvorlesung Teil III"},"content":{"rendered":"\n<p>Hier finden Sie die Aufgaben zur aktuellen Vorlesung Pharmakologie und Toxikologie Teil III<\/p>\n\n\n\n<p>W\u00e4hlen Sie die folgenden Links oder gehen Sie \u00fcber die obere Navigation auf das gew\u00fcnschte Thema:<\/p>\n\n\n\n<p><a href=\"https:\/\/userblogs.fu-berlin.de\/vk-puzzles\/ringvorlesung\/ringvorlesung-teil-iii\/antianaemika-und-volumenersatzmittel\/\" target=\"_blank\" rel=\"noreferrer noopener\">Antian\u00e4mika &amp; Volumenersatzmittel<\/a><\/p>\n\n\n\n<p><a href=\"https:\/\/userblogs.fu-berlin.de\/vk-puzzles\/ringvorlesung\/ringvorlesung-teil-iii\/antihypertonika\/\" target=\"_blank\" rel=\"noreferrer noopener\">Antihyper<\/a><a href=\"https:\/\/userblogs.fu-berlin.de\/vk-puzzles\/ringvorlesung\/ringvorlesung-teil-iii\/antihypertonika\/\">tonika<\/a><\/p>\n\n\n\n<p><a href=\"https:\/\/userblogs.fu-berlin.de\/vk-puzzles\/ringvorlesung\/ringvorlesung-teil-iii\/antiarrhythmika\/\" target=\"_blank\" rel=\"noreferrer noopener\">Antiarrhythmika<\/a><\/p>\n\n\n\n<p><a href=\"https:\/\/userblogs.fu-berlin.de\/vk-puzzles\/ringvorlesung\/ringvorlesung-teil-iii\/dermatika\/\" target=\"_blank\" rel=\"noreferrer noopener\">Dermatika<\/a><\/p>\n\n\n\n<p><a href=\"https:\/\/userblogs.fu-berlin.de\/vk-puzzles\/ringvorlesung\/ringvorlesung-teil-iii\/fibrinolytika-und-antihaemorrhagika\/\" target=\"_blank\" rel=\"noreferrer noopener\">Fibrionolytika &amp; Antih\u00e4mmorhagika<\/a><\/p>\n\n\n\n<p><a href=\"https:\/\/userblogs.fu-berlin.de\/vk-puzzles\/ringvorlesung\/ringvorlesung-teil-iii\/gastrointestinaltrakt-erhoehte-saeureproduktion-und-entzuendliche-erkrankungen\/\" target=\"_blank\" rel=\"noreferrer noopener\">Gastrointestinaltrakt \u2013 erh\u00f6hte S\u00e4ureproduktion und entz\u00fcndliche Erkrankungen<\/a><\/p>\n\n\n\n<p><a href=\"https:\/\/userblogs.fu-berlin.de\/vk-puzzles\/ringvorlesung\/ringvorlesung-teil-iii\/gastrointestinaltrakt-prokinetika-antidiarrhoika-laxantien\/\" target=\"_blank\" rel=\"noreferrer noopener\">Gastrointestinaltrakt &#8211; Prokinetika, Antidiarrhoika und Laxantien<\/a><\/p>\n\n\n\n<p><a href=\"https:\/\/userblogs.fu-berlin.de\/vk-puzzles\/ringvorlesung\/ringvorlesung-teil-iii\/herzinsuffizienz\/\" target=\"_blank\" rel=\"noreferrer noopener\">Herzinsuffizienz<\/a><\/p>\n\n\n\n<p><a href=\"https:\/\/userblogs.fu-berlin.de\/vk-puzzles\/ringvorlesung\/ringvorlesung-teil-iii\/impfstoffe\/\" target=\"_blank\" rel=\"noreferrer noopener\">Impfstoffe<\/a><\/p>\n\n\n\n<p><a href=\"https:\/\/userblogs.fu-berlin.de\/vk-puzzles\/ringvorlesung\/ringvorlesung-teil-iii\/immunsuppressiva-und-immunstimulantien\/\" target=\"_blank\" rel=\"noreferrer noopener\">Immunsuppressiva &amp; Immunstimulantien<\/a><\/p>\n\n\n\n<p><a href=\"https:\/\/userblogs.fu-berlin.de\/vk-puzzles\/ringvorlesung\/ringvorlesung-teil-iii\/koronare-herzkrankheiten\/\" target=\"_blank\" rel=\"noreferrer noopener\">Koronare Herzkrankheiten<\/a><\/p>\n\n\n\n<p><a href=\"https:\/\/userblogs.fu-berlin.de\/vk-puzzles\/ringvorlesung\/ringvorlesung-teil-iii\/lipidsenker\/\" target=\"_blank\" rel=\"noreferrer noopener\">Lipidsenker<\/a><\/p>\n\n\n\n<p><a href=\"https:\/\/userblogs.fu-berlin.de\/vk-puzzles\/ringvorlesung\/ringvorlesung-teil-iii\/lunge-asthma-bronchiale-und-copd\/\" target=\"_blank\" rel=\"noreferrer noopener\">Lunge &#8211; Asthma Bronchiale und COPD<\/a><\/p>\n\n\n\n<p><a href=\"https:\/\/userblogs.fu-berlin.de\/vk-puzzles\/ringvorlesung\/ringvorlesung-teil-iii\/lunge-lungenfibrose-und-mukoviszidose\/\" target=\"_blank\" rel=\"noreferrer noopener\">Lunge &#8211; Lungenfibrose und Mukoviszidose<\/a><\/p>\n\n\n\n<p><a href=\"https:\/\/userblogs.fu-berlin.de\/vk-puzzles\/ringvorlesung\/ringvorlesung-teil-iii\/multiple-sklerose\/\" target=\"_blank\" rel=\"noreferrer noopener\">Multiple Sklerose<\/a><\/p>\n\n\n\n<p><a href=\"https:\/\/userblogs.fu-berlin.de\/vk-puzzles\/ringvorlesung\/ringvorlesung-teil-iii\/notfalltherapie\/\" target=\"_blank\" rel=\"noreferrer noopener\">Notfalltherapie<\/a><\/p>\n\n\n\n<p><a href=\"https:\/\/userblogs.fu-berlin.de\/vk-puzzles\/ringvorlesung\/ringvorlesung-teil-iii\/thrombozytenaggregationshemmer-und-antikoagulanzien\/\" target=\"_blank\" rel=\"noreferrer noopener\">Thrombozytenaggregationshemmer &amp; Antikoagulanzien<\/a><\/p>\n\n\n\n<p><a rel=\"noreferrer noopener\" href=\"https:\/\/userblogs.fu-berlin.de\/vk-puzzles\/ringvorlesung\/ringvorlesung-teil-iii\/ophthalmika\/\" target=\"_blank\">Ophthalmika<\/a><\/p>\n\n\n\n<p>Wir erstellen und pr\u00fcfen die Aufgaben sorgf\u00e4ltig. Trotzdem schleichen sich manchmal Fehler ein. Sollte Ihnen ein Fehler auffallen, melden Sie diesen gerne unter Angabe der Seite und Aufgabennummer an vivian.kral@kral. Vielen Dank!<\/p>\n","protected":false},"excerpt":{"rendered":"<p>Hier finden Sie die Aufgaben zur aktuellen Vorlesung Pharmakologie und Toxikologie Teil III W\u00e4hlen Sie die folgenden Links oder gehen Sie \u00fcber die obere Navigation auf das gew\u00fcnschte Thema: Antian\u00e4mika &amp; Volumenersatzmittel Antihypertonika Antiarrhythmika Dermatika Fibrionolytika &amp; Antih\u00e4mmorhagika Gastrointestinaltrakt \u2013 erh\u00f6hte S\u00e4ureproduktion und entz\u00fcndliche Erkrankungen Gastrointestinaltrakt &#8211; Prokinetika, Antidiarrhoika und Laxantien Herzinsuffizienz Impfstoffe Immunsuppressiva &amp; [&hellip;]<\/p>\n","protected":false},"author":663,"featured_media":0,"parent":705,"menu_order":1,"comment_status":"closed","ping_status":"closed","template":"","meta":{"footnotes":""},"class_list":["post-1206","page","type-page","status-publish","hentry"],"_links":{"self":[{"href":"https:\/\/userblogs.fu-berlin.de\/vk-puzzles\/wp-json\/wp\/v2\/pages\/1206","targetHints":{"allow":["GET"]}}],"collection":[{"href":"https:\/\/userblogs.fu-berlin.de\/vk-puzzles\/wp-json\/wp\/v2\/pages"}],"about":[{"href":"https:\/\/userblogs.fu-berlin.de\/vk-puzzles\/wp-json\/wp\/v2\/types\/page"}],"author":[{"embeddable":true,"href":"https:\/\/userblogs.fu-berlin.de\/vk-puzzles\/wp-json\/wp\/v2\/users\/663"}],"replies":[{"embeddable":true,"href":"https:\/\/userblogs.fu-berlin.de\/vk-puzzles\/wp-json\/wp\/v2\/comments?post=1206"}],"version-history":[{"count":16,"href":"https:\/\/userblogs.fu-berlin.de\/vk-puzzles\/wp-json\/wp\/v2\/pages\/1206\/revisions"}],"predecessor-version":[{"id":2484,"href":"https:\/\/userblogs.fu-berlin.de\/vk-puzzles\/wp-json\/wp\/v2\/pages\/1206\/revisions\/2484"}],"up":[{"embeddable":true,"href":"https:\/\/userblogs.fu-berlin.de\/vk-puzzles\/wp-json\/wp\/v2\/pages\/705"}],"wp:attachment":[{"href":"https:\/\/userblogs.fu-berlin.de\/vk-puzzles\/wp-json\/wp\/v2\/media?parent=1206"}],"curies":[{"name":"wp","href":"https:\/\/api.w.org\/{rel}","templated":true}]}}