{"id":1422,"date":"2022-01-28T15:19:54","date_gmt":"2022-01-28T14:19:54","guid":{"rendered":"https:\/\/userblogs.fu-berlin.de\/vk-puzzles\/?page_id=1422"},"modified":"2023-06-28T03:26:41","modified_gmt":"2023-06-28T01:26:41","slug":"gichttherapie","status":"publish","type":"page","link":"https:\/\/userblogs.fu-berlin.de\/vk-puzzles\/ringvorlesung\/ringvorlesung-teil-iii\/gichttherapie\/","title":{"rendered":"Gichttherapie"},"content":{"rendered":"\n<p>Aufgabe 1<\/p>\n\n\n\n<p><code><div class=\"h5p-iframe-wrapper\"><iframe id=\"h5p-iframe-960\" class=\"h5p-iframe\" data-content-id=\"960\" style=\"height:1px\" src=\"about:blank\" frameBorder=\"0\" scrolling=\"no\" title=\"Gicht: Pathophys und Symptome\"><\/iframe><\/div><\/code><\/p>\n\n\n\n<p>Aufgabe 2<\/p>\n\n\n\n<p><code><div class=\"h5p-iframe-wrapper\"><iframe id=\"h5p-iframe-961\" class=\"h5p-iframe\" data-content-id=\"961\" style=\"height:1px\" src=\"about:blank\" frameBorder=\"0\" scrolling=\"no\" title=\"akuter Gichtanfall\"><\/iframe><\/div><\/code><\/p>\n\n\n\n<p>Aufgabe 3<\/p>\n\n\n\n<p><code><div class=\"h5p-iframe-wrapper\"><iframe id=\"h5p-iframe-962\" class=\"h5p-iframe\" data-content-id=\"962\" style=\"height:1px\" src=\"about:blank\" frameBorder=\"0\" scrolling=\"no\" title=\"Prim\u00e4re und sekund\u00e4re Hyperurik\u00e4mie\"><\/iframe><\/div><\/code><\/p>\n\n\n\n<p>Aufgabe 4<\/p>\n\n\n\n<p><code><div class=\"h5p-iframe-wrapper\"><iframe id=\"h5p-iframe-963\" class=\"h5p-iframe\" data-content-id=\"963\" style=\"height:1px\" src=\"about:blank\" frameBorder=\"0\" scrolling=\"no\" title=\"Harns\u00e4uretransporter\"><\/iframe><\/div><\/code><\/p>\n\n\n\n<p>Aufgabe 5<\/p>\n\n\n\n<p><code><div class=\"h5p-iframe-wrapper\"><iframe id=\"h5p-iframe-974\" class=\"h5p-iframe\" data-content-id=\"974\" style=\"height:1px\" src=\"about:blank\" frameBorder=\"0\" scrolling=\"no\" title=\"harns\u00e4uresenkende Therapie\"><\/iframe><\/div><\/code><\/p>\n\n\n\n<p>Aufgabe 6<\/p>\n\n\n\n<p><code><div class=\"h5p-iframe-wrapper\"><iframe id=\"h5p-iframe-978\" class=\"h5p-iframe\" data-content-id=\"978\" style=\"height:1px\" src=\"about:blank\" frameBorder=\"0\" scrolling=\"no\" title=\"Therapie akuter Gichtanfall\"><\/iframe><\/div><\/code><\/p>\n\n\n\n<p>Aufgabe 7<\/p>\n\n\n\n<p><code><div class=\"h5p-iframe-wrapper\"><iframe id=\"h5p-iframe-964\" class=\"h5p-iframe\" data-content-id=\"964\" style=\"height:1px\" src=\"about:blank\" frameBorder=\"0\" scrolling=\"no\" title=\"Colchicin\"><\/iframe><\/div><\/code><\/p>\n\n\n\n<p>Aufgabe 8<\/p>\n\n\n\n<p><code><div class=\"h5p-iframe-wrapper\"><iframe id=\"h5p-iframe-965\" class=\"h5p-iframe\" data-content-id=\"965\" style=\"height:1px\" src=\"about:blank\" frameBorder=\"0\" scrolling=\"no\" title=\"Allopurinol und Febuxostat\"><\/iframe><\/div><\/code><\/p>\n\n\n\n<p>Aufgabe 9<\/p>\n\n\n\n<p><code><div class=\"h5p-iframe-wrapper\"><iframe id=\"h5p-iframe-966\" class=\"h5p-iframe\" data-content-id=\"966\" style=\"height:1px\" src=\"about:blank\" frameBorder=\"0\" scrolling=\"no\" title=\"Benzbromaron\"><\/iframe><\/div><\/code><\/p>\n\n\n\n<p>Aufgabe 10<\/p>\n\n\n\n<p><code><div class=\"h5p-iframe-wrapper\"><iframe id=\"h5p-iframe-967\" class=\"h5p-iframe\" data-content-id=\"967\" style=\"height:1px\" src=\"about:blank\" frameBorder=\"0\" scrolling=\"no\" title=\"Rasburicase und Pegloticase\"><\/iframe><\/div><\/code><\/p>\n\n\n\n<p>Aufgabe 11<\/p>\n\n\n\n<p><code><div class=\"h5p-iframe-wrapper\"><iframe id=\"h5p-iframe-1806\" class=\"h5p-iframe\" data-content-id=\"1806\" style=\"height:1px\" src=\"about:blank\" frameBorder=\"0\" scrolling=\"no\" title=\"Krankheitsverlauf Gicht\"><\/iframe><\/div><\/code><\/p>\n\n\n\n<p>Aufgabe 12<\/p>\n\n\n\n<p><code><div class=\"h5p-iframe-wrapper\"><iframe id=\"h5p-iframe-1807\" class=\"h5p-iframe\" data-content-id=\"1807\" style=\"height:1px\" src=\"about:blank\" frameBorder=\"0\" scrolling=\"no\" title=\"Purinstoffwechselst\u00f6rungen\"><\/iframe><\/div><\/code><\/p>\n\n\n\n<p>Aufgabe 13<\/p>\n\n\n\n<p><code><div class=\"h5p-iframe-wrapper\"><iframe id=\"h5p-iframe-1808\" class=\"h5p-iframe\" data-content-id=\"1808\" style=\"height:1px\" src=\"about:blank\" frameBorder=\"0\" scrolling=\"no\" title=\"Entz\u00fcndungssymptome\"><\/iframe><\/div><\/code><\/p>\n\n\n\n<p>Aufgabe 14<\/p>\n\n\n\n<p><code><div class=\"h5p-iframe-wrapper\"><iframe id=\"h5p-iframe-1809\" class=\"h5p-iframe\" data-content-id=\"1809\" style=\"height:1px\" src=\"about:blank\" frameBorder=\"0\" scrolling=\"no\" title=\"Gicht Quiz\"><\/iframe><\/div><\/code><\/p>\n\n\n\n<p>Aufgabe 15<\/p>\n\n\n\n<p><code><div class=\"h5p-iframe-wrapper\"><iframe id=\"h5p-iframe-1810\" class=\"h5p-iframe\" data-content-id=\"1810\" style=\"height:1px\" src=\"about:blank\" frameBorder=\"0\" scrolling=\"no\" title=\"Gichtdiagnostik\"><\/iframe><\/div><\/code><\/p>\n\n\n\n<p>Aufgabe 16<\/p>\n\n\n\n<p><code><div class=\"h5p-iframe-wrapper\"><iframe id=\"h5p-iframe-1811\" class=\"h5p-iframe\" data-content-id=\"1811\" style=\"height:1px\" src=\"about:blank\" frameBorder=\"0\" scrolling=\"no\" title=\"Karteikarten Gicht\"><\/iframe><\/div><\/code><\/p>\n","protected":false},"excerpt":{"rendered":"<p>Aufgabe 1 Aufgabe 2 Aufgabe 3 Aufgabe 4 Aufgabe 5 Aufgabe 6 Aufgabe 7 Aufgabe 8 Aufgabe 9 Aufgabe 10 Aufgabe 11 Aufgabe 12 Aufgabe 13 Aufgabe 14 Aufgabe 15 Aufgabe 16<\/p>\n","protected":false},"author":6055,"featured_media":0,"parent":1206,"menu_order":8,"comment_status":"closed","ping_status":"closed","template":"","meta":{"footnotes":""},"class_list":["post-1422","page","type-page","status-publish","hentry"],"_links":{"self":[{"href":"https:\/\/userblogs.fu-berlin.de\/vk-puzzles\/wp-json\/wp\/v2\/pages\/1422","targetHints":{"allow":["GET"]}}],"collection":[{"href":"https:\/\/userblogs.fu-berlin.de\/vk-puzzles\/wp-json\/wp\/v2\/pages"}],"about":[{"href":"https:\/\/userblogs.fu-berlin.de\/vk-puzzles\/wp-json\/wp\/v2\/types\/page"}],"author":[{"embeddable":true,"href":"https:\/\/userblogs.fu-berlin.de\/vk-puzzles\/wp-json\/wp\/v2\/users\/6055"}],"replies":[{"embeddable":true,"href":"https:\/\/userblogs.fu-berlin.de\/vk-puzzles\/wp-json\/wp\/v2\/comments?post=1422"}],"version-history":[{"count":4,"href":"https:\/\/userblogs.fu-berlin.de\/vk-puzzles\/wp-json\/wp\/v2\/pages\/1422\/revisions"}],"predecessor-version":[{"id":2570,"href":"https:\/\/userblogs.fu-berlin.de\/vk-puzzles\/wp-json\/wp\/v2\/pages\/1422\/revisions\/2570"}],"up":[{"embeddable":true,"href":"https:\/\/userblogs.fu-berlin.de\/vk-puzzles\/wp-json\/wp\/v2\/pages\/1206"}],"wp:attachment":[{"href":"https:\/\/userblogs.fu-berlin.de\/vk-puzzles\/wp-json\/wp\/v2\/media?parent=1422"}],"curies":[{"name":"wp","href":"https:\/\/api.w.org\/{rel}","templated":true}]}}