{"id":1438,"date":"2022-01-30T20:54:37","date_gmt":"2022-01-30T19:54:37","guid":{"rendered":"https:\/\/userblogs.fu-berlin.de\/vk-puzzles\/?page_id=1438"},"modified":"2022-01-30T20:57:02","modified_gmt":"2022-01-30T19:57:02","slug":"gastrointestinaltrakt-erhoehte-saeureproduktion-und-entzuendliche-erkrankungen","status":"publish","type":"page","link":"https:\/\/userblogs.fu-berlin.de\/vk-puzzles\/ringvorlesung\/ringvorlesung-teil-iii\/gastrointestinaltrakt-erhoehte-saeureproduktion-und-entzuendliche-erkrankungen\/","title":{"rendered":"Gastrointestinaltrakt &#8211; erh\u00f6hte S\u00e4ureproduktion und entz\u00fcndliche Erkrankungen"},"content":{"rendered":"\n<p><strong>Aufgabe 1<\/strong><\/p>\n\n\n\n<div class=\"h5p-iframe-wrapper\"><iframe id=\"h5p-iframe-996\" class=\"h5p-iframe\" data-content-id=\"996\" style=\"height:1px\" src=\"about:blank\" frameBorder=\"0\" scrolling=\"no\" title=\"pathophys. erh\u00f6hte S\u00e4ureproduktion\"><\/iframe><\/div>\n\n\n\n<p><strong>Aufgabe 2<\/strong><\/p>\n\n\n\n<div class=\"h5p-iframe-wrapper\"><iframe id=\"h5p-iframe-997\" class=\"h5p-iframe\" data-content-id=\"997\" style=\"height:1px\" src=\"about:blank\" frameBorder=\"0\" scrolling=\"no\" title=\"Protonenpumpenhemmer\"><\/iframe><\/div>\n\n\n\n<p><strong>Aufgabe 3<\/strong><\/p>\n\n\n\n<div class=\"h5p-iframe-wrapper\"><iframe id=\"h5p-iframe-998\" class=\"h5p-iframe\" data-content-id=\"998\" style=\"height:1px\" src=\"about:blank\" frameBorder=\"0\" scrolling=\"no\" title=\"Helicobacter pylori\"><\/iframe><\/div>\n\n\n\n<p><strong>Aufgabe 4<\/strong><\/p>\n\n\n\n<div class=\"h5p-iframe-wrapper\"><iframe id=\"h5p-iframe-999\" class=\"h5p-iframe\" data-content-id=\"999\" style=\"height:1px\" src=\"about:blank\" frameBorder=\"0\" scrolling=\"no\" title=\"H2-Antihistaminika\"><\/iframe><\/div>\n\n\n\n<p><strong>Aufgabe 5<\/strong><\/p>\n\n\n\n<div class=\"h5p-iframe-wrapper\"><iframe id=\"h5p-iframe-1000\" class=\"h5p-iframe\" data-content-id=\"1000\" style=\"height:1px\" src=\"about:blank\" frameBorder=\"0\" scrolling=\"no\" title=\"Pirenzepin\"><\/iframe><\/div>\n\n\n\n<p><strong>Aufgabe 6<\/strong><\/p>\n\n\n\n<div class=\"h5p-iframe-wrapper\"><iframe id=\"h5p-iframe-1001\" class=\"h5p-iframe\" data-content-id=\"1001\" style=\"height:1px\" src=\"about:blank\" frameBorder=\"0\" scrolling=\"no\" title=\"Antazida\"><\/iframe><\/div>\n\n\n\n<p><strong>Aufgabe 7<\/strong><\/p>\n\n\n\n<div class=\"h5p-iframe-wrapper\"><iframe id=\"h5p-iframe-1002\" class=\"h5p-iframe\" data-content-id=\"1002\" style=\"height:1px\" src=\"about:blank\" frameBorder=\"0\" scrolling=\"no\" title=\"Sucralfat\"><\/iframe><\/div>\n\n\n\n<p><strong>Aufgabe 8<\/strong><\/p>\n\n\n\n<div class=\"h5p-iframe-wrapper\"><iframe id=\"h5p-iframe-1003\" class=\"h5p-iframe\" data-content-id=\"1003\" style=\"height:1px\" src=\"about:blank\" frameBorder=\"0\" scrolling=\"no\" title=\"Misoprostol\"><\/iframe><\/div>\n\n\n\n<p><strong>Aufgabe 9<\/strong><\/p>\n\n\n\n<div class=\"h5p-iframe-wrapper\"><iframe id=\"h5p-iframe-1004\" class=\"h5p-iframe\" data-content-id=\"1004\" style=\"height:1px\" src=\"about:blank\" frameBorder=\"0\" scrolling=\"no\" title=\"Pathophys &amp; Symptome Morbus Crohn und Colitis Ulcerosa\"><\/iframe><\/div>\n\n\n\n<p><strong>Aufgabe 10<\/strong><\/p>\n\n\n\n<div class=\"h5p-iframe-wrapper\"><iframe id=\"h5p-iframe-1005\" class=\"h5p-iframe\" data-content-id=\"1005\" style=\"height:1px\" src=\"about:blank\" frameBorder=\"0\" scrolling=\"no\" title=\"Mesalazin &amp; Prodrugs\"><\/iframe><\/div>\n\n\n\n<p><strong>Aufgabe 11<\/strong><\/p>\n\n\n\n<div class=\"h5p-iframe-wrapper\"><iframe id=\"h5p-iframe-1006\" class=\"h5p-iframe\" data-content-id=\"1006\" style=\"height:1px\" src=\"about:blank\" frameBorder=\"0\" scrolling=\"no\" title=\"TNFalpha AK\"><\/iframe><\/div>\n\n\n\n<p><strong>Aufgabe 12<\/strong><\/p>\n\n\n\n<div class=\"h5p-iframe-wrapper\"><iframe id=\"h5p-iframe-1007\" class=\"h5p-iframe\" data-content-id=\"1007\" style=\"height:1px\" src=\"about:blank\" frameBorder=\"0\" scrolling=\"no\" title=\"Tofacitinib\"><\/iframe><\/div>\n","protected":false},"excerpt":{"rendered":"<p>Aufgabe 1 Aufgabe 2 Aufgabe 3 Aufgabe 4 Aufgabe 5 Aufgabe 6 Aufgabe 7 Aufgabe 8 Aufgabe 9 Aufgabe 10 Aufgabe 11 Aufgabe 12<\/p>\n","protected":false},"author":5833,"featured_media":0,"parent":1206,"menu_order":4,"comment_status":"closed","ping_status":"closed","template":"","meta":{"footnotes":""},"class_list":["post-1438","page","type-page","status-publish","hentry"],"_links":{"self":[{"href":"https:\/\/userblogs.fu-berlin.de\/vk-puzzles\/wp-json\/wp\/v2\/pages\/1438","targetHints":{"allow":["GET"]}}],"collection":[{"href":"https:\/\/userblogs.fu-berlin.de\/vk-puzzles\/wp-json\/wp\/v2\/pages"}],"about":[{"href":"https:\/\/userblogs.fu-berlin.de\/vk-puzzles\/wp-json\/wp\/v2\/types\/page"}],"author":[{"embeddable":true,"href":"https:\/\/userblogs.fu-berlin.de\/vk-puzzles\/wp-json\/wp\/v2\/users\/5833"}],"replies":[{"embeddable":true,"href":"https:\/\/userblogs.fu-berlin.de\/vk-puzzles\/wp-json\/wp\/v2\/comments?post=1438"}],"version-history":[{"count":1,"href":"https:\/\/userblogs.fu-berlin.de\/vk-puzzles\/wp-json\/wp\/v2\/pages\/1438\/revisions"}],"predecessor-version":[{"id":1439,"href":"https:\/\/userblogs.fu-berlin.de\/vk-puzzles\/wp-json\/wp\/v2\/pages\/1438\/revisions\/1439"}],"up":[{"embeddable":true,"href":"https:\/\/userblogs.fu-berlin.de\/vk-puzzles\/wp-json\/wp\/v2\/pages\/1206"}],"wp:attachment":[{"href":"https:\/\/userblogs.fu-berlin.de\/vk-puzzles\/wp-json\/wp\/v2\/media?parent=1438"}],"curies":[{"name":"wp","href":"https:\/\/api.w.org\/{rel}","templated":true}]}}