{"id":2215,"date":"2022-09-20T11:35:39","date_gmt":"2022-09-20T09:35:39","guid":{"rendered":"https:\/\/userblogs.fu-berlin.de\/vk-puzzles\/?page_id=2215"},"modified":"2022-09-20T11:36:41","modified_gmt":"2022-09-20T09:36:41","slug":"nervensystem","status":"publish","type":"page","link":"https:\/\/userblogs.fu-berlin.de\/vk-puzzles\/pharmakologie\/nervensystem\/","title":{"rendered":"Nervensystem"},"content":{"rendered":"\n<p>Hier finden Sie die Aufgaben zum Thema Pharmakologie.<\/p>\n\n\n\n<p>W\u00e4hlen Sie die folgenden Links oder gehen Sie \u00fcber die obere Navigation auf das gew\u00fcnschte Thema:<\/p>\n\n\n\n<p><a href=\"https:\/\/userblogs.fu-berlin.de\/vk-puzzles\/pharmakologie\/analgetika\/(\u00f6ffnet in neuem Tab)\" data-type=\"URL\" data-id=\"https:\/\/userblogs.fu-berlin.de\/vk-puzzles\/pharmakologie\/analgetika\/(\u00f6ffnet in neuem Tab)\">Analgetika<\/a><\/p>\n\n\n\n<p><a href=\"https:\/\/userblogs.fu-berlin.de\/vk-puzzles\/pharmakologie\/anaesthetika\/(\u00f6ffnet in neuem Tab)\">An\u00e4sthetika<\/a><\/p>\n\n\n\n<p><a href=\"https:\/\/userblogs.fu-berlin.de\/vk-puzzles\/pharmakologie\/antiepileptika\/(\u00f6ffnet in neuem Tab)\">Antikonvulsiva &amp; Muskelrelaxantien<\/a><\/p>\n\n\n\n<p><a href=\"https:\/\/userblogs.fu-berlin.de\/vk-puzzles\/pharmakologie\/antiparkinsonmittel\/(\u00f6ffnet in neuem Tab)\">Antiparkinsonmittel<\/a><\/p>\n\n\n\n<p><a href=\"https:\/\/userblogs.fu-berlin.de\/vk-puzzles\/pharmakologie\/hypnotika\/(\u00f6ffnet in neuem Tab)\">Hypnotika<\/a><\/p>\n","protected":false},"excerpt":{"rendered":"<p>Hier finden Sie die Aufgaben zum Thema Pharmakologie. W\u00e4hlen Sie die folgenden Links oder gehen Sie \u00fcber die obere Navigation auf das gew\u00fcnschte Thema: Analgetika An\u00e4sthetika Antikonvulsiva &amp; Muskelrelaxantien Antiparkinsonmittel Hypnotika<\/p>\n","protected":false},"author":5605,"featured_media":0,"parent":304,"menu_order":0,"comment_status":"closed","ping_status":"closed","template":"","meta":{"footnotes":""},"class_list":["post-2215","page","type-page","status-publish","hentry"],"_links":{"self":[{"href":"https:\/\/userblogs.fu-berlin.de\/vk-puzzles\/wp-json\/wp\/v2\/pages\/2215","targetHints":{"allow":["GET"]}}],"collection":[{"href":"https:\/\/userblogs.fu-berlin.de\/vk-puzzles\/wp-json\/wp\/v2\/pages"}],"about":[{"href":"https:\/\/userblogs.fu-berlin.de\/vk-puzzles\/wp-json\/wp\/v2\/types\/page"}],"author":[{"embeddable":true,"href":"https:\/\/userblogs.fu-berlin.de\/vk-puzzles\/wp-json\/wp\/v2\/users\/5605"}],"replies":[{"embeddable":true,"href":"https:\/\/userblogs.fu-berlin.de\/vk-puzzles\/wp-json\/wp\/v2\/comments?post=2215"}],"version-history":[{"count":4,"href":"https:\/\/userblogs.fu-berlin.de\/vk-puzzles\/wp-json\/wp\/v2\/pages\/2215\/revisions"}],"predecessor-version":[{"id":2220,"href":"https:\/\/userblogs.fu-berlin.de\/vk-puzzles\/wp-json\/wp\/v2\/pages\/2215\/revisions\/2220"}],"up":[{"embeddable":true,"href":"https:\/\/userblogs.fu-berlin.de\/vk-puzzles\/wp-json\/wp\/v2\/pages\/304"}],"wp:attachment":[{"href":"https:\/\/userblogs.fu-berlin.de\/vk-puzzles\/wp-json\/wp\/v2\/media?parent=2215"}],"curies":[{"name":"wp","href":"https:\/\/api.w.org\/{rel}","templated":true}]}}