{"id":2221,"date":"2022-09-20T11:46:48","date_gmt":"2022-09-20T09:46:48","guid":{"rendered":"https:\/\/userblogs.fu-berlin.de\/vk-puzzles\/?page_id=2221"},"modified":"2022-09-20T12:25:54","modified_gmt":"2022-09-20T10:25:54","slug":"endokrines-system","status":"publish","type":"page","link":"https:\/\/userblogs.fu-berlin.de\/vk-puzzles\/pharmakologie\/endokrines-system\/","title":{"rendered":"Endokrines System"},"content":{"rendered":"\n<p>Hier finden Sie die Aufgaben zum Thema Pharmakologie.<\/p>\n\n\n\n<p>W\u00e4hlen Sie die folgenden Links oder gehen Sie \u00fcber die obere Navigation auf das gew\u00fcnschte Thema:<\/p>\n\n\n\n<p><a href=\"https:\/\/userblogs.fu-berlin.de\/vk-puzzles\/pharmakologie\/endokrines-system\/diabetes\/\">Diabetes<\/a><\/p>\n\n\n\n<p><a href=\"https:\/\/userblogs.fu-berlin.de\/vk-puzzles\/pharmakologie\/endokrines-system\/nebennierenrinden-hormone\/\">Nebennierenrindenhormone<\/a><\/p>\n\n\n\n<p><a href=\"https:\/\/userblogs.fu-berlin.de\/vk-puzzles\/pharmakologie\/endokrines-system\/sexualhormone\/\">Sexualhormone<\/a><\/p>\n\n\n\n<p><a href=\"https:\/\/userblogs.fu-berlin.de\/vk-puzzles\/pharmakologie\/endokrines-system\/therapie-der-osteoporose\/\">Osteoporose<\/a><\/p>\n","protected":false},"excerpt":{"rendered":"<p>Hier finden Sie die Aufgaben zum Thema Pharmakologie. W\u00e4hlen Sie die folgenden Links oder gehen Sie \u00fcber die obere Navigation auf das gew\u00fcnschte Thema: Diabetes Nebennierenrindenhormone Sexualhormone Osteoporose<\/p>\n","protected":false},"author":5605,"featured_media":0,"parent":304,"menu_order":0,"comment_status":"closed","ping_status":"closed","template":"","meta":{"footnotes":""},"class_list":["post-2221","page","type-page","status-publish","hentry"],"_links":{"self":[{"href":"https:\/\/userblogs.fu-berlin.de\/vk-puzzles\/wp-json\/wp\/v2\/pages\/2221","targetHints":{"allow":["GET"]}}],"collection":[{"href":"https:\/\/userblogs.fu-berlin.de\/vk-puzzles\/wp-json\/wp\/v2\/pages"}],"about":[{"href":"https:\/\/userblogs.fu-berlin.de\/vk-puzzles\/wp-json\/wp\/v2\/types\/page"}],"author":[{"embeddable":true,"href":"https:\/\/userblogs.fu-berlin.de\/vk-puzzles\/wp-json\/wp\/v2\/users\/5605"}],"replies":[{"embeddable":true,"href":"https:\/\/userblogs.fu-berlin.de\/vk-puzzles\/wp-json\/wp\/v2\/comments?post=2221"}],"version-history":[{"count":3,"href":"https:\/\/userblogs.fu-berlin.de\/vk-puzzles\/wp-json\/wp\/v2\/pages\/2221\/revisions"}],"predecessor-version":[{"id":2262,"href":"https:\/\/userblogs.fu-berlin.de\/vk-puzzles\/wp-json\/wp\/v2\/pages\/2221\/revisions\/2262"}],"up":[{"embeddable":true,"href":"https:\/\/userblogs.fu-berlin.de\/vk-puzzles\/wp-json\/wp\/v2\/pages\/304"}],"wp:attachment":[{"href":"https:\/\/userblogs.fu-berlin.de\/vk-puzzles\/wp-json\/wp\/v2\/media?parent=2221"}],"curies":[{"name":"wp","href":"https:\/\/api.w.org\/{rel}","templated":true}]}}