{"id":2225,"date":"2022-09-20T11:59:49","date_gmt":"2022-09-20T09:59:49","guid":{"rendered":"https:\/\/userblogs.fu-berlin.de\/vk-puzzles\/?page_id=2225"},"modified":"2022-09-20T12:31:41","modified_gmt":"2022-09-20T10:31:41","slug":"weitere-themen","status":"publish","type":"page","link":"https:\/\/userblogs.fu-berlin.de\/vk-puzzles\/pharmakologie\/weitere-themen\/","title":{"rendered":"Weitere Themen"},"content":{"rendered":"\n<p>Hier finden Sie die Aufgaben zum Thema Pharmakologie.<\/p>\n\n\n\n<p>W\u00e4hlen Sie die folgenden Links oder gehen Sie \u00fcber die obere Navigation auf das gew\u00fcnschte Thema:<\/p>\n\n\n\n<p><a href=\"https:\/\/userblogs.fu-berlin.de\/vk-puzzles\/pharmakologie\/weitere-themen\/schwangerschaft\/\">Arzneimittel in der Schwangerschaft<\/a><\/p>\n\n\n\n<p><a href=\"https:\/\/userblogs.fu-berlin.de\/vk-puzzles\/pharmakologie\/weitere-themen\/arznei-und-suchtmittel\/\">Arznei- und Suchtmittel<\/a><\/p>\n\n\n\n<p><a href=\"https:\/\/userblogs.fu-berlin.de\/vk-puzzles\/pharmakologie\/weitere-themen\/epigenetik\/\">Epigenetik<\/a><\/p>\n","protected":false},"excerpt":{"rendered":"<p>Hier finden Sie die Aufgaben zum Thema Pharmakologie. W\u00e4hlen Sie die folgenden Links oder gehen Sie \u00fcber die obere Navigation auf das gew\u00fcnschte Thema: Arzneimittel in der Schwangerschaft Arznei- und Suchtmittel Epigenetik<\/p>\n","protected":false},"author":5605,"featured_media":0,"parent":304,"menu_order":0,"comment_status":"closed","ping_status":"closed","template":"","meta":{"footnotes":""},"class_list":["post-2225","page","type-page","status-publish","hentry"],"_links":{"self":[{"href":"https:\/\/userblogs.fu-berlin.de\/vk-puzzles\/wp-json\/wp\/v2\/pages\/2225","targetHints":{"allow":["GET"]}}],"collection":[{"href":"https:\/\/userblogs.fu-berlin.de\/vk-puzzles\/wp-json\/wp\/v2\/pages"}],"about":[{"href":"https:\/\/userblogs.fu-berlin.de\/vk-puzzles\/wp-json\/wp\/v2\/types\/page"}],"author":[{"embeddable":true,"href":"https:\/\/userblogs.fu-berlin.de\/vk-puzzles\/wp-json\/wp\/v2\/users\/5605"}],"replies":[{"embeddable":true,"href":"https:\/\/userblogs.fu-berlin.de\/vk-puzzles\/wp-json\/wp\/v2\/comments?post=2225"}],"version-history":[{"count":4,"href":"https:\/\/userblogs.fu-berlin.de\/vk-puzzles\/wp-json\/wp\/v2\/pages\/2225\/revisions"}],"predecessor-version":[{"id":2265,"href":"https:\/\/userblogs.fu-berlin.de\/vk-puzzles\/wp-json\/wp\/v2\/pages\/2225\/revisions\/2265"}],"up":[{"embeddable":true,"href":"https:\/\/userblogs.fu-berlin.de\/vk-puzzles\/wp-json\/wp\/v2\/pages\/304"}],"wp:attachment":[{"href":"https:\/\/userblogs.fu-berlin.de\/vk-puzzles\/wp-json\/wp\/v2\/media?parent=2225"}],"curies":[{"name":"wp","href":"https:\/\/api.w.org\/{rel}","templated":true}]}}