{"id":2288,"date":"2022-10-11T13:00:40","date_gmt":"2022-10-11T11:00:40","guid":{"rendered":"https:\/\/userblogs.fu-berlin.de\/vk-puzzles\/?page_id=2288"},"modified":"2024-03-02T16:07:14","modified_gmt":"2024-03-02T15:07:14","slug":"antiinfektiva","status":"publish","type":"page","link":"https:\/\/userblogs.fu-berlin.de\/vk-puzzles\/ringvorlesung\/ringvorlesung-teil-i\/antiinfektiva\/","title":{"rendered":"Antiinfektiva"},"content":{"rendered":"\n<p>Hier finden Sie die Aufgaben zum Thema Pharmakologie.<\/p>\n\n\n\n<p>W\u00e4hlen Sie die folgenden Links oder gehen Sie \u00fcber die obere Navigation auf das gew\u00fcnschte Thema:<\/p>\n\n\n\n<p><a href=\"https:\/\/userblogs.fu-berlin.de\/vk-puzzles\/ringvorlesung\/ringvorlesung-teil-i\/antiinfektiva\/therapie-parasitaerer-erkrankungen\/\">Parasit\u00e4re Erkrankungen<\/a><\/p>\n\n\n\n<p><a href=\"https:\/\/userblogs.fu-berlin.de\/vk-puzzles\/ringvorlesung\/ringvorlesung-teil-i\/antiinfektiva\/virustatika\/\">Virustatika<\/a><\/p>\n\n\n\n<p><a href=\"https:\/\/userblogs.fu-berlin.de\/vk-puzzles\/ringvorlesung\/ringvorlesung-teil-i\/antiinfektiva\/antibiotika\/\">Antibiotika<\/a><\/p>\n\n\n\n<p><a href=\"https:\/\/userblogs.fu-berlin.de\/vk-puzzles\/ringvorlesung\/ringvorlesung-teil-i\/antiinfektiva\/antituberkulotika\/\">Antituberkulotika<\/a><\/p>\n\n\n\n<p><a href=\"https:\/\/userblogs.fu-berlin.de\/vk-puzzles\/ringvorlesung\/ringvorlesung-teil-i\/antiinfektiva\/antimykotika-2\/\" data-type=\"page\" data-id=\"2860\">Antimykotika<\/a><\/p>\n\n\n\n<p><\/p>\n\n\n\n<p><\/p>\n","protected":false},"excerpt":{"rendered":"<p>Hier finden Sie die Aufgaben zum Thema Pharmakologie. W\u00e4hlen Sie die folgenden Links oder gehen Sie \u00fcber die obere Navigation auf das gew\u00fcnschte Thema: Parasit\u00e4re Erkrankungen Virustatika Antibiotika Antituberkulotika Antimykotika<\/p>\n","protected":false},"author":5605,"featured_media":0,"parent":965,"menu_order":3,"comment_status":"closed","ping_status":"closed","template":"","meta":{"footnotes":""},"class_list":["post-2288","page","type-page","status-publish","hentry"],"_links":{"self":[{"href":"https:\/\/userblogs.fu-berlin.de\/vk-puzzles\/wp-json\/wp\/v2\/pages\/2288","targetHints":{"allow":["GET"]}}],"collection":[{"href":"https:\/\/userblogs.fu-berlin.de\/vk-puzzles\/wp-json\/wp\/v2\/pages"}],"about":[{"href":"https:\/\/userblogs.fu-berlin.de\/vk-puzzles\/wp-json\/wp\/v2\/types\/page"}],"author":[{"embeddable":true,"href":"https:\/\/userblogs.fu-berlin.de\/vk-puzzles\/wp-json\/wp\/v2\/users\/5605"}],"replies":[{"embeddable":true,"href":"https:\/\/userblogs.fu-berlin.de\/vk-puzzles\/wp-json\/wp\/v2\/comments?post=2288"}],"version-history":[{"count":11,"href":"https:\/\/userblogs.fu-berlin.de\/vk-puzzles\/wp-json\/wp\/v2\/pages\/2288\/revisions"}],"predecessor-version":[{"id":2872,"href":"https:\/\/userblogs.fu-berlin.de\/vk-puzzles\/wp-json\/wp\/v2\/pages\/2288\/revisions\/2872"}],"up":[{"embeddable":true,"href":"https:\/\/userblogs.fu-berlin.de\/vk-puzzles\/wp-json\/wp\/v2\/pages\/965"}],"wp:attachment":[{"href":"https:\/\/userblogs.fu-berlin.de\/vk-puzzles\/wp-json\/wp\/v2\/media?parent=2288"}],"curies":[{"name":"wp","href":"https:\/\/api.w.org\/{rel}","templated":true}]}}