{"id":2576,"date":"2023-07-08T20:08:17","date_gmt":"2023-07-08T18:08:17","guid":{"rendered":"https:\/\/userblogs.fu-berlin.de\/vk-puzzles\/?page_id=2576"},"modified":"2024-02-23T14:10:36","modified_gmt":"2024-02-23T13:10:36","slug":"organuebergreifende-infektionen-und-oesophagitis","status":"publish","type":"page","link":"https:\/\/userblogs.fu-berlin.de\/vk-puzzles\/khl-pathophys\/krankheitslehre-sose-2023\/organuebergreifende-infektionen-und-oesophagitis\/","title":{"rendered":"Organ\u00fcbergreifende Infektionen und \u00d6sophagitis"},"content":{"rendered":"\n<p>Aufgabe 1<\/p>\n\n\n\n<p><code><div class=\"h5p-iframe-wrapper\"><iframe id=\"h5p-iframe-1832\" class=\"h5p-iframe\" data-content-id=\"1832\" style=\"height:1px\" src=\"about:blank\" frameBorder=\"0\" scrolling=\"no\" title=\"Organ\u00fcbergreifende Infektionen\"><\/iframe><\/div><\/code><\/p>\n\n\n\n<p>Aufgabe 2<\/p>\n\n\n\n<p><code><div class=\"h5p-iframe-wrapper\"><iframe id=\"h5p-iframe-1833\" class=\"h5p-iframe\" data-content-id=\"1833\" style=\"height:1px\" src=\"about:blank\" frameBorder=\"0\" scrolling=\"no\" title=\"Scharlach\"><\/iframe><\/div><\/code><\/p>\n\n\n\n<p>Aufgabe 3<\/p>\n\n\n\n<p><code><div class=\"h5p-iframe-wrapper\"><iframe id=\"h5p-iframe-1834\" class=\"h5p-iframe\" data-content-id=\"1834\" style=\"height:1px\" src=\"about:blank\" frameBorder=\"0\" scrolling=\"no\" title=\"Botulismus\"><\/iframe><\/div><\/code><\/p>\n\n\n\n<p>Aufgabe 4<\/p>\n\n\n\n<p><code><div class=\"h5p-iframe-wrapper\"><iframe id=\"h5p-iframe-1835\" class=\"h5p-iframe\" data-content-id=\"1835\" style=\"height:1px\" src=\"about:blank\" frameBorder=\"0\" scrolling=\"no\" title=\"Tetanus Symptome\"><\/iframe><\/div><\/code><\/p>\n\n\n\n<p>Aufgabe 5<\/p>\n\n\n\n<p><code><div class=\"h5p-iframe-wrapper\"><iframe id=\"h5p-iframe-1836\" class=\"h5p-iframe\" data-content-id=\"1836\" style=\"height:1px\" src=\"about:blank\" frameBorder=\"0\" scrolling=\"no\" title=\"Tetanus\"><\/iframe><\/div><\/code><\/p>\n\n\n\n<p>Aufgabe 6<\/p>\n\n\n\n<p><code><div class=\"h5p-iframe-wrapper\"><iframe id=\"h5p-iframe-1837\" class=\"h5p-iframe\" data-content-id=\"1837\" style=\"height:1px\" src=\"about:blank\" frameBorder=\"0\" scrolling=\"no\" title=\"Legionellose\"><\/iframe><\/div><\/code><\/p>\n\n\n\n<p>Aufgabe 7<\/p>\n\n\n\n<p><code><div class=\"h5p-iframe-wrapper\"><iframe id=\"h5p-iframe-1838\" class=\"h5p-iframe\" data-content-id=\"1838\" style=\"height:1px\" src=\"about:blank\" frameBorder=\"0\" scrolling=\"no\" title=\"Listeriose\"><\/iframe><\/div><\/code><\/p>\n\n\n\n<p>Aufgabe 8<\/p>\n\n\n\n<p><code><div class=\"h5p-iframe-wrapper\"><iframe id=\"h5p-iframe-1842\" class=\"h5p-iframe\" data-content-id=\"1842\" style=\"height:1px\" src=\"about:blank\" frameBorder=\"0\" scrolling=\"no\" title=\"Masern Quiz\"><\/iframe><\/div><\/code><\/p>\n\n\n\n<p>Aufgabe 9<\/p>\n\n\n\n<p><code><div class=\"h5p-iframe-wrapper\"><iframe id=\"h5p-iframe-1843\" class=\"h5p-iframe\" data-content-id=\"1843\" style=\"height:1px\" src=\"about:blank\" frameBorder=\"0\" scrolling=\"no\" title=\"Mumps Fragenset\"><\/iframe><\/div><\/code><\/p>\n\n\n\n<p>Aufgabe 10<\/p>\n\n\n\n<p><code><div class=\"h5p-iframe-wrapper\"><iframe id=\"h5p-iframe-1844\" class=\"h5p-iframe\" data-content-id=\"1844\" style=\"height:1px\" src=\"about:blank\" frameBorder=\"0\" scrolling=\"no\" title=\"Kreuzwortr\u00e4tsel Virusinfektionen\"><\/iframe><\/div><\/code><\/p>\n\n\n\n<p>Aufgabe 11<\/p>\n\n\n\n<p><code><div class=\"h5p-iframe-wrapper\"><iframe id=\"h5p-iframe-1845\" class=\"h5p-iframe\" data-content-id=\"1845\" style=\"height:1px\" src=\"about:blank\" frameBorder=\"0\" scrolling=\"no\" title=\"Tollwut Karteikarten\"><\/iframe><\/div><\/code><\/p>\n\n\n\n<p>Aufgabe 12<\/p>\n\n\n\n<p><code><div class=\"h5p-iframe-wrapper\"><iframe id=\"h5p-iframe-1846\" class=\"h5p-iframe\" data-content-id=\"1846\" style=\"height:1px\" src=\"about:blank\" frameBorder=\"0\" scrolling=\"no\" title=\"Ringelr\u00f6teln Essay\"><\/iframe><\/div><\/code><\/p>\n\n\n\n<p>Aufgabe 13<\/p>\n\n\n\n<p><code><div class=\"h5p-iframe-wrapper\"><iframe id=\"h5p-iframe-1847\" class=\"h5p-iframe\" data-content-id=\"1847\" style=\"height:1px\" src=\"about:blank\" frameBorder=\"0\" scrolling=\"no\" title=\"L\u00fcckentext Pfeiffersches Dr\u00fcsenfieber\"><\/iframe><\/div><\/code><\/p>\n\n\n\n<p>Aufgabe 14<\/p>\n\n\n\n<p><code><div class=\"h5p-iframe-wrapper\"><iframe id=\"h5p-iframe-1848\" class=\"h5p-iframe\" data-content-id=\"1848\" style=\"height:1px\" src=\"about:blank\" frameBorder=\"0\" scrolling=\"no\" title=\"Fragen R\u00f6teln\"><\/iframe><\/div><\/code><\/p>\n\n\n\n<p class=\"has-medium-font-size\">\u00d6sophagitis<\/p>\n\n\n\n<p id=\"block-783aa904-5c0f-4881-bd9e-af47e4229abe\">Aufgabe 1<\/p>\n\n\n\n<p id=\"block-e8534309-aebd-4066-80b6-96956a585c55\"><code><div class=\"h5p-iframe-wrapper\"><iframe id=\"h5p-iframe-1862\" class=\"h5p-iframe\" data-content-id=\"1862\" style=\"height:1px\" src=\"about:blank\" frameBorder=\"0\" scrolling=\"no\" title=\"\u00d6sophagitis allgemein\"><\/iframe><\/div><\/code><\/p>\n\n\n\n<p id=\"block-decb6eb7-19bf-41b6-be64-00b2035ba04a\">Aufgabe 2<\/p>\n\n\n\n<p id=\"block-807a2a30-764f-4154-9af3-f4f5fd1d150f\"><code><div class=\"h5p-iframe-wrapper\"><iframe id=\"h5p-iframe-1861\" class=\"h5p-iframe\" data-content-id=\"1861\" style=\"height:1px\" src=\"about:blank\" frameBorder=\"0\" scrolling=\"no\" title=\"Prim\u00e4re und sekund\u00e4re \u00d6sophagitis\"><\/iframe><\/div><\/code><\/p>\n\n\n\n<p id=\"block-ebd76f36-ed0b-4653-8ec8-f5b4586f0761\">Aufgabe 3<\/p>\n\n\n\n<p id=\"block-e4618ad7-737c-474a-bb23-4676cfb6cc2b\"><code><div class=\"h5p-iframe-wrapper\"><iframe id=\"h5p-iframe-1863\" class=\"h5p-iframe\" data-content-id=\"1863\" style=\"height:1px\" src=\"about:blank\" frameBorder=\"0\" scrolling=\"no\" title=\"Beg\u00fcnstigende Faktoren f\u00fcr Reflux\u00f6sophagitis\"><\/iframe><\/div><\/code><\/p>\n\n\n\n<p id=\"block-9bc6ab77-8c19-4a5e-bd91-544e1149f74d\">Aufgabe 4<\/p>\n\n\n\n<p id=\"block-213ff561-e7d6-4004-a82f-31852615fc7d\"><code><div class=\"h5p-iframe-wrapper\"><iframe id=\"h5p-iframe-1864\" class=\"h5p-iframe\" data-content-id=\"1864\" style=\"height:1px\" src=\"about:blank\" frameBorder=\"0\" scrolling=\"no\" title=\"Medikament\u00f6se Behandlung 1\"><\/iframe><\/div><\/code><\/p>\n\n\n\n<p id=\"block-696908b7-f8bd-4d47-b51d-6d7d79d3b623\">Aufgabe 5<\/p>\n\n\n\n<p id=\"block-87362249-453c-40c6-b9de-0a69f87333fd\"><code><div class=\"h5p-iframe-wrapper\"><iframe id=\"h5p-iframe-1865\" class=\"h5p-iframe\" data-content-id=\"1865\" style=\"height:1px\" src=\"about:blank\" frameBorder=\"0\" scrolling=\"no\" title=\"Medikament\u00f6se Behandlung 2\"><\/iframe><\/div><\/code><\/p>\n","protected":false},"excerpt":{"rendered":"<p>Aufgabe 1 Aufgabe 2 Aufgabe 3 Aufgabe 4 Aufgabe 5 Aufgabe 6 Aufgabe 7 Aufgabe 8 Aufgabe 9 Aufgabe 10 Aufgabe 11 Aufgabe 12 Aufgabe 13 Aufgabe 14 \u00d6sophagitis Aufgabe 1 Aufgabe 2 Aufgabe 3 Aufgabe 4 Aufgabe 5<\/p>\n","protected":false},"author":6271,"featured_media":0,"parent":2469,"menu_order":4,"comment_status":"closed","ping_status":"closed","template":"","meta":{"footnotes":""},"class_list":["post-2576","page","type-page","status-publish","hentry"],"_links":{"self":[{"href":"https:\/\/userblogs.fu-berlin.de\/vk-puzzles\/wp-json\/wp\/v2\/pages\/2576","targetHints":{"allow":["GET"]}}],"collection":[{"href":"https:\/\/userblogs.fu-berlin.de\/vk-puzzles\/wp-json\/wp\/v2\/pages"}],"about":[{"href":"https:\/\/userblogs.fu-berlin.de\/vk-puzzles\/wp-json\/wp\/v2\/types\/page"}],"author":[{"embeddable":true,"href":"https:\/\/userblogs.fu-berlin.de\/vk-puzzles\/wp-json\/wp\/v2\/users\/6271"}],"replies":[{"embeddable":true,"href":"https:\/\/userblogs.fu-berlin.de\/vk-puzzles\/wp-json\/wp\/v2\/comments?post=2576"}],"version-history":[{"count":8,"href":"https:\/\/userblogs.fu-berlin.de\/vk-puzzles\/wp-json\/wp\/v2\/pages\/2576\/revisions"}],"predecessor-version":[{"id":2841,"href":"https:\/\/userblogs.fu-berlin.de\/vk-puzzles\/wp-json\/wp\/v2\/pages\/2576\/revisions\/2841"}],"up":[{"embeddable":true,"href":"https:\/\/userblogs.fu-berlin.de\/vk-puzzles\/wp-json\/wp\/v2\/pages\/2469"}],"wp:attachment":[{"href":"https:\/\/userblogs.fu-berlin.de\/vk-puzzles\/wp-json\/wp\/v2\/media?parent=2576"}],"curies":[{"name":"wp","href":"https:\/\/api.w.org\/{rel}","templated":true}]}}