{"id":2629,"date":"2023-11-01T15:38:17","date_gmt":"2023-11-01T14:38:17","guid":{"rendered":"https:\/\/userblogs.fu-berlin.de\/vk-puzzles\/?page_id=2629"},"modified":"2024-03-02T23:29:00","modified_gmt":"2024-03-02T22:29:00","slug":"krankheitslehre-wise-2023-2024","status":"publish","type":"page","link":"https:\/\/userblogs.fu-berlin.de\/vk-puzzles\/khl-pathophys\/krankheitslehre-wise-2023-2024\/","title":{"rendered":"Krankheitslehre WiSe 23\/24"},"content":{"rendered":"\n<h2 class=\"wp-block-heading\"><\/h2>\n\n\n\n<h2 class=\"wp-block-heading\">Aufgabe 15: Bedeutung von Kupfer im menschlichen K\u00f6rper<\/h2>\n\n\n\n<div class=\"h5p-iframe-wrapper\"><iframe id=\"h5p-iframe-1953\" class=\"h5p-iframe\" data-content-id=\"1953\" style=\"height:1px\" src=\"about:blank\" frameBorder=\"0\" scrolling=\"no\" title=\"Bedeutung von Kupfer\"><\/iframe><\/div>\n\n\n\n<h2 class=\"wp-block-heading\">Aufgabe 14: Verbrennungskrankheit<\/h2>\n\n\n\n<div class=\"h5p-iframe-wrapper\"><iframe id=\"h5p-iframe-1963\" class=\"h5p-iframe\" data-content-id=\"1963\" style=\"height:1px\" src=\"about:blank\" frameBorder=\"0\" scrolling=\"no\" title=\"Verbrennungskrankheit\"><\/iframe><\/div>\n\n\n\n<h2 class=\"wp-block-heading\">Aufgabe 13: K\u00e4lte- &amp; W\u00e4rmezust\u00e4nde des K\u00f6rpers<\/h2>\n\n\n\n<div class=\"h5p-iframe-wrapper\"><iframe id=\"h5p-iframe-1962\" class=\"h5p-iframe\" data-content-id=\"1962\" style=\"height:1px\" src=\"about:blank\" frameBorder=\"0\" scrolling=\"no\" title=\"W\u00e4rme- &amp; K\u00e4ltezust\u00e4nde\"><\/iframe><\/div>\n\n\n\n<h2 class=\"wp-block-heading\">Aufgabe 12: Gewebssch\u00e4digung durch Druck<\/h2>\n\n\n\n<div class=\"h5p-iframe-wrapper\"><iframe id=\"h5p-iframe-1948\" class=\"h5p-iframe\" data-content-id=\"1948\" style=\"height:1px\" src=\"about:blank\" frameBorder=\"0\" scrolling=\"no\" title=\"Gewebesch\u00e4digung durch Druck\"><\/iframe><\/div>\n\n\n\n<h2 class=\"wp-block-heading\">Aufgabe 11: Durchblutungsst\u00f6rungen<\/h2>\n\n\n\n<div class=\"h5p-iframe-wrapper\"><iframe id=\"h5p-iframe-1947\" class=\"h5p-iframe\" data-content-id=\"1947\" style=\"height:1px\" src=\"about:blank\" frameBorder=\"0\" scrolling=\"no\" title=\"Durchblutungsst\u00f6rungen\"><\/iframe><\/div>\n\n\n\n<h2 class=\"wp-block-heading\">Aufgabe 10: Mediatoren f\u00fcr Vasodilatation und Gef\u00e4\u00dfpermeabilit\u00e4t<\/h2>\n\n\n\n<div class=\"h5p-iframe-wrapper\"><iframe id=\"h5p-iframe-1954\" class=\"h5p-iframe\" data-content-id=\"1954\" style=\"height:1px\" src=\"about:blank\" frameBorder=\"0\" scrolling=\"no\" title=\"Mediatoren f\u00fcr Vasodilatation und Gef\u00e4\u00dfpermeabilit\u00e4t\"><\/iframe><\/div>\n\n\n\n<h2 class=\"wp-block-heading\">Aufgabe 9: Von der Gewebssch\u00e4digung bis zur Heilung<\/h2>\n\n\n\n<div class=\"h5p-iframe-wrapper\"><iframe id=\"h5p-iframe-1957\" class=\"h5p-iframe\" data-content-id=\"1957\" style=\"height:1px\" src=\"about:blank\" frameBorder=\"0\" scrolling=\"no\" title=\"Von der Gewebesch\u00e4digung bis zur Heilung\"><\/iframe><\/div>\n\n\n\n<h2 class=\"wp-block-heading\">Aufgabe 8: Entz\u00fcndung Peritoneum<\/h2>\n\n\n\n<div class=\"h5p-iframe-wrapper\"><iframe id=\"h5p-iframe-1932\" class=\"h5p-iframe\" data-content-id=\"1932\" style=\"height:1px\" src=\"about:blank\" frameBorder=\"0\" scrolling=\"no\" title=\"Entz\u00fcndung Peritoneum KL\"><\/iframe><\/div>\n\n\n\n<h2 class=\"wp-block-heading\">Aufgabe 7: Leitsymptome der Entz\u00fcndung<\/h2>\n\n\n\n<div class=\"h5p-iframe-wrapper\"><iframe id=\"h5p-iframe-1930\" class=\"h5p-iframe\" data-content-id=\"1930\" style=\"height:1px\" src=\"about:blank\" frameBorder=\"0\" scrolling=\"no\" title=\"Leitsymptome Entz\u00fcndung\"><\/iframe><\/div>\n\n\n\n<h2 class=\"wp-block-heading\">Aufgabe 6: Pathomechanismus bis hin zum Leberkarzinom<\/h2>\n\n\n\n<div class=\"h5p-iframe-wrapper\"><iframe id=\"h5p-iframe-1931\" class=\"h5p-iframe\" data-content-id=\"1931\" style=\"height:1px\" src=\"about:blank\" frameBorder=\"0\" scrolling=\"no\" title=\"Pathomechanismus bis zum Leberkarzinom\"><\/iframe><\/div>\n\n\n\n<h2 class=\"wp-block-heading\">Aufgabe 5: Krankheitsbilder der Anpassungsreaktionen &amp; Memory<\/h2>\n\n\n\n<div class=\"h5p-iframe-wrapper\"><iframe id=\"h5p-iframe-1933\" class=\"h5p-iframe\" data-content-id=\"1933\" style=\"height:1px\" src=\"about:blank\" frameBorder=\"0\" scrolling=\"no\" title=\"Krankheitsbilder der Anpassungsreaktionen von Geweben\"><\/iframe><\/div>\n\n\n\n<div class=\"h5p-content\" data-content-id=\"1934\"><\/div>\n\n\n\n<h2 class=\"wp-block-heading\">Aufgabe 4: Grundlegende Pathomechanismen der Krankheitslehre<\/h2>\n\n\n\n<div class=\"h5p-iframe-wrapper\"><iframe id=\"h5p-iframe-1928\" class=\"h5p-iframe\" data-content-id=\"1928\" style=\"height:1px\" src=\"about:blank\" frameBorder=\"0\" scrolling=\"no\" title=\"Grundlegende Pathomechanismen KL\"><\/iframe><\/div>\n\n\n\n<h2 class=\"wp-block-heading\">Aufgabe 3: Gesundheitspr\u00e4vention<\/h2>\n\n\n\n<div class=\"h5p-iframe-wrapper\"><iframe id=\"h5p-iframe-1923\" class=\"h5p-iframe\" data-content-id=\"1923\" style=\"height:1px\" src=\"about:blank\" frameBorder=\"0\" scrolling=\"no\" title=\"Gesundheitspr\u00e4vention 1\"><\/iframe><\/div>\n\n\n\n<div class=\"h5p-iframe-wrapper\"><iframe id=\"h5p-iframe-1924\" class=\"h5p-iframe\" data-content-id=\"1924\" style=\"height:1px\" src=\"about:blank\" frameBorder=\"0\" scrolling=\"no\" title=\"Gesundheitspr\u00e4vention 2\"><\/iframe><\/div>\n\n\n\n<h2 class=\"wp-block-heading\">Aufgabe 2: Grundbegriffe der Krankheitslehre<\/h2>\n\n\n\n<div class=\"h5p-iframe-wrapper\"><iframe id=\"h5p-iframe-1925\" class=\"h5p-iframe\" data-content-id=\"1925\" style=\"height:1px\" src=\"about:blank\" frameBorder=\"0\" scrolling=\"no\" title=\"allgemeine Definitionen und Grundlagen\"><\/iframe><\/div>\n\n\n\n<h2 class=\"wp-block-heading\">Aufgabe 1: Allgemeine Definitionen zur Gesundheit<\/h2>\n\n\n\n<div class=\"h5p-iframe-wrapper\"><iframe id=\"h5p-iframe-1922\" class=\"h5p-iframe\" data-content-id=\"1922\" style=\"height:1px\" src=\"about:blank\" frameBorder=\"0\" scrolling=\"no\" title=\"Allgemeine Krankheitslehre\"><\/iframe><\/div>\n","protected":false},"excerpt":{"rendered":"<p>Aufgabe 15: Bedeutung von Kupfer im menschlichen K\u00f6rper Aufgabe 14: Verbrennungskrankheit Aufgabe 13: K\u00e4lte- &amp; W\u00e4rmezust\u00e4nde des K\u00f6rpers Aufgabe 12: Gewebssch\u00e4digung durch Druck Aufgabe 11: Durchblutungsst\u00f6rungen Aufgabe 10: Mediatoren f\u00fcr Vasodilatation und Gef\u00e4\u00dfpermeabilit\u00e4t Aufgabe 9: Von der Gewebssch\u00e4digung bis zur Heilung Aufgabe 8: Entz\u00fcndung Peritoneum Aufgabe 7: Leitsymptome der Entz\u00fcndung Aufgabe 6: Pathomechanismus bis hin [&hellip;]<\/p>\n","protected":false},"author":6667,"featured_media":0,"parent":1055,"menu_order":5,"comment_status":"closed","ping_status":"closed","template":"","meta":{"footnotes":""},"class_list":["post-2629","page","type-page","status-publish","hentry"],"_links":{"self":[{"href":"https:\/\/userblogs.fu-berlin.de\/vk-puzzles\/wp-json\/wp\/v2\/pages\/2629","targetHints":{"allow":["GET"]}}],"collection":[{"href":"https:\/\/userblogs.fu-berlin.de\/vk-puzzles\/wp-json\/wp\/v2\/pages"}],"about":[{"href":"https:\/\/userblogs.fu-berlin.de\/vk-puzzles\/wp-json\/wp\/v2\/types\/page"}],"author":[{"embeddable":true,"href":"https:\/\/userblogs.fu-berlin.de\/vk-puzzles\/wp-json\/wp\/v2\/users\/6667"}],"replies":[{"embeddable":true,"href":"https:\/\/userblogs.fu-berlin.de\/vk-puzzles\/wp-json\/wp\/v2\/comments?post=2629"}],"version-history":[{"count":12,"href":"https:\/\/userblogs.fu-berlin.de\/vk-puzzles\/wp-json\/wp\/v2\/pages\/2629\/revisions"}],"predecessor-version":[{"id":2880,"href":"https:\/\/userblogs.fu-berlin.de\/vk-puzzles\/wp-json\/wp\/v2\/pages\/2629\/revisions\/2880"}],"up":[{"embeddable":true,"href":"https:\/\/userblogs.fu-berlin.de\/vk-puzzles\/wp-json\/wp\/v2\/pages\/1055"}],"wp:attachment":[{"href":"https:\/\/userblogs.fu-berlin.de\/vk-puzzles\/wp-json\/wp\/v2\/media?parent=2629"}],"curies":[{"name":"wp","href":"https:\/\/api.w.org\/{rel}","templated":true}]}}