{"id":647,"date":"2021-01-11T12:59:54","date_gmt":"2021-01-11T11:59:54","guid":{"rendered":"https:\/\/userblogs.fu-berlin.de\/vk-testblog-puzzles\/?page_id=647"},"modified":"2021-01-13T10:34:55","modified_gmt":"2021-01-13T09:34:55","slug":"impressum","status":"publish","type":"page","link":"https:\/\/userblogs.fu-berlin.de\/vk-puzzles\/impressum\/","title":{"rendered":"Impressum"},"content":{"rendered":"\n<h2 class=\"wp-block-heading\">Dienstanbieter:<\/h2>\n\n\n\n<p>Freie Universit\u00e4t Berlin, vertreten durch den <a href=\"http:\/\/www.fu-berlin.de\/einrichtungen\/organe\/praesidium\/praesident\/index.html\">Pr\u00e4sidenten<\/a>.<\/p>\n\n\n\n<h2 class=\"wp-block-heading\">Anschrift:<\/h2>\n\n\n\n<p>Freie Universit\u00e4t Berlin<br>Pr\u00e4sidium<br>Kaiserswerther Str. 16\/18<br>14195 Berlin<\/p>\n\n\n\n<h2 class=\"wp-block-heading\"><strong>Umsatzsteueridentifikationsnummer:<\/strong><\/h2>\n\n\n\n<p>DE 811304768<\/p>\n\n\n\n<h2 class=\"wp-block-heading\">Inhaltliche Verantwortung nach \u00a7 55 RfStV:<\/h2>\n\n\n\n<p>Dr. Vivian Kral<br>Dr. Christian Zoschke<br>K\u00f6nigin-Luise-Stra\u00dfe 2+4, 14195 Berlin<br>E-Mail: vivian.kral@fu-berlin.de<\/p>\n\n\n\n<h2 class=\"wp-block-heading\">Rechtsform:<\/h2>\n\n\n\n<p>Die Freie Universit\u00e4t Berlin ist eine K\u00f6rperschaft des \u00f6ffentlichen Rechts gem. \u00a7\u00a7 1 und 2 Berliner Hochschulgesetz (BerlHG). Das Webangebot der Freien Universit\u00e4t Berlin unterliegt dem geltenden <a href=\"http:\/\/www.fu-berlin.de\/redaktion\/copyright\/index.html\">Urheberrecht<\/a>. Beachten Sie bitte auch unseren <a href=\"http:\/\/www.fu-berlin.de\/redaktion\/disclaimer\/index.html\">Haftungsausschluss\/Disclaimer.<\/a><\/p>\n\n\n\n<h2 class=\"wp-block-heading\">Aufsichtsbeh\u00f6rde<\/h2>\n\n\n\n<p>Aufsichtsbeh\u00f6rde ist die nach \u00a7 89 BerlHG zust\u00e4ndige Berliner Senatsverwaltung f\u00fcr Bildung, Wissenschaft und Forschung.<\/p>\n\n\n\n<hr class=\"wp-block-separator\" \/>\n\n\n\n<p><a href=\"https:\/\/userblogs.fu-berlin.de\/pharmako-rausch\/\">zur\u00fcck zur Startseite<\/a><\/p>\n\n\n\n<p><\/p>\n\n\n\n<p><strong>1. Haftungsbeschr\u00e4nkung<\/strong><br>Die Inhalte des Internetauftritts wurden mit gr\u00f6\u00dftm\u00f6glicher Sorgfalt und nach bestem Gewissen erstellt. Dennoch \u00fcbernimmt der Anbieter dieser Webseite keine Gew\u00e4hr f\u00fcr die Aktualit\u00e4t, Vollst\u00e4ndigkeit und Richtigkeit der bereitgestellten Seiten und Inhalte.<\/p>\n\n\n\n<p>Die Informationen auf dieser Webseite dienen ausschlie\u00dflich dem Selbststudium von Studierenden der medizinischen Fachkreise (z.B. ApothekerInnen). Die hier bereitgestellten Infomationen sind keine Anleitung zur Selbsttherapie und kein Ersatz f\u00fcr eine \u00e4rztliche Beratung oder Behandlung.<\/p>\n\n\n\n<p>Als Diensteanbieter ist der Anbieter dieser Webseite gem\u00e4\u00df \u00a7 7 Abs. 1 TMG f\u00fcr eigene Inhalte und bereitgestellte Informationen auf diesen Seiten nach den allgemeinen Gesetzen verantwortlich; nach den \u00a7\u00a7 8 bis 10 TMG jedoch nicht verpflichtet, die \u00fcbermittelten oder gespeicherten fremden Informationen zu \u00fcberwachen. Eine Entfernung oder Sperrung dieser Inhalte erfolgt umgehend ab dem Zeitpunkt der Kenntnis einer konkreten Rechtsverletzung. Eine Haftung ist erst ab dem Zeitpunkt der Kenntniserlangung m\u00f6glich.<\/p>\n\n\n\n<p><strong>2. Externe Links<\/strong><br>Die Webseite enth\u00e4lt sog. \u201eexterne Links\u201c (Verlinkungen) zu anderen Webseiten, auf deren Inhalt der Anbieter der Webseite keinen Einfluss hat. Aus diesem Grund kann der Anbieter f\u00fcr diese Inhalte auch keine Gew\u00e4hr \u00fcbernehmen.<br>F\u00fcr die Inhalte und Richtigkeit der bereitgestellten Informationen ist der jeweilige Anbieter der verlinkten Webseite verantwortlich. Zum Zeitpunkt der Verlinkung waren keine Rechtsverst\u00f6\u00dfe erkennbar. Bei Bekanntwerden einer solchen Rechtsverletzung wird der Link umgehend entfernen.<\/p>\n\n\n\n<p><strong>3. Urheberrecht\/Leistungsschutzrecht<\/strong><br>Die auf dieser Webseite ver\u00f6ffentlichten Inhalte, Werke und bereitgestellten Informationen unterliegen dem deutschen Urheberrecht und Leistungsschutzrecht. Jede Art der Vervielf\u00e4ltigung, Bearbeitung, Verbreitung, Einspeicherung und jede Art der Verwertung au\u00dferhalb der Grenzen des Urheberrechts bedarf der vorherigen schriftlichen Zustimmung des jeweiligen Rechteinhabers. Das unerlaubte Kopieren\/Speichern der bereitgestellten Informationen auf diesen Webseiten ist nicht gestattet und strafbar.<\/p>\n","protected":false},"excerpt":{"rendered":"<p>Dienstanbieter: Freie Universit\u00e4t Berlin, vertreten durch den Pr\u00e4sidenten. Anschrift: Freie Universit\u00e4t BerlinPr\u00e4sidiumKaiserswerther Str. 16\/1814195 Berlin Umsatzsteueridentifikationsnummer: DE 811304768 Inhaltliche Verantwortung nach \u00a7 55 RfStV: Dr. Vivian KralDr. Christian ZoschkeK\u00f6nigin-Luise-Stra\u00dfe 2+4, 14195 BerlinE-Mail: vivian.kral@fu-berlin.de Rechtsform: Die Freie Universit\u00e4t Berlin ist eine K\u00f6rperschaft des \u00f6ffentlichen Rechts gem. \u00a7\u00a7 1 und 2 Berliner Hochschulgesetz (BerlHG). Das Webangebot der [&hellip;]<\/p>\n","protected":false},"author":663,"featured_media":0,"parent":0,"menu_order":6,"comment_status":"closed","ping_status":"closed","template":"","meta":{"footnotes":""},"class_list":["post-647","page","type-page","status-publish","hentry"],"_links":{"self":[{"href":"https:\/\/userblogs.fu-berlin.de\/vk-puzzles\/wp-json\/wp\/v2\/pages\/647","targetHints":{"allow":["GET"]}}],"collection":[{"href":"https:\/\/userblogs.fu-berlin.de\/vk-puzzles\/wp-json\/wp\/v2\/pages"}],"about":[{"href":"https:\/\/userblogs.fu-berlin.de\/vk-puzzles\/wp-json\/wp\/v2\/types\/page"}],"author":[{"embeddable":true,"href":"https:\/\/userblogs.fu-berlin.de\/vk-puzzles\/wp-json\/wp\/v2\/users\/663"}],"replies":[{"embeddable":true,"href":"https:\/\/userblogs.fu-berlin.de\/vk-puzzles\/wp-json\/wp\/v2\/comments?post=647"}],"version-history":[{"count":3,"href":"https:\/\/userblogs.fu-berlin.de\/vk-puzzles\/wp-json\/wp\/v2\/pages\/647\/revisions"}],"predecessor-version":[{"id":649,"href":"https:\/\/userblogs.fu-berlin.de\/vk-puzzles\/wp-json\/wp\/v2\/pages\/647\/revisions\/649"}],"wp:attachment":[{"href":"https:\/\/userblogs.fu-berlin.de\/vk-puzzles\/wp-json\/wp\/v2\/media?parent=647"}],"curies":[{"name":"wp","href":"https:\/\/api.w.org\/{rel}","templated":true}]}}